{"id":12,"date":"2024-11-29T23:10:38","date_gmt":"2024-11-29T21:10:38","guid":{"rendered":"https:\/\/lifepharmshop.com\/?page_id=12"},"modified":"2025-07-16T11:05:01","modified_gmt":"2025-07-16T09:05:01","slug":"retur","status":"publish","type":"page","link":"https:\/\/globalpharm.ro\/ro\/retur\/","title":{"rendered":"Politica ramburs \u0219i retur"},"content":{"rendered":"\t\t<div data-elementor-type=\"wp-page\" data-elementor-id=\"12\" class=\"elementor elementor-12\" data-elementor-post-type=\"page\">\n\t\t\t\t<div class=\"elementor-element elementor-element-5f157379 e-flex e-con-boxed e-con e-parent\" data-id=\"5f157379\" data-element_type=\"container\" data-e-type=\"container\">\n\t\t\t\t\t<div class=\"e-con-inner\">\n\t\t\t\t<div class=\"elementor-element elementor-element-296b3e9a elementor-widget elementor-widget-text-editor\" data-id=\"296b3e9a\" data-element_type=\"widget\" data-e-type=\"widget\" data-widget_type=\"text-editor.default\">\n\t\t\t\t<div class=\"elementor-widget-container\">\n\t\t\t\t\t\t\t\t\t\n<h2 class=\"wp-block-heading\">POLITICA GENERAL\u0102<\/h2>\n\n<p>Politica noastr\u0103 de rambursare \u0219i returnare dureaz\u0103 30 de zile. Dac\u0103 au trecut 30 de zile de la achizi\u021bie, nu v\u0103 putem oferi o rambursare complet\u0103 sau un schimb.<\/p>\n\n<p>Pentru a fi eligibil de retur, articolul dumneavoastr\u0103 trebuie s\u0103 fie nefolosit \u0219i \u00een aceea\u0219i stare \u00een care l-a\u021bi primit. De asemenea, trebuie s\u0103 fie \u00een ambalajul original.<\/p>\n\n<p>Articole suplimentare care nu pot fi returnate:<\/p>\n\n<p>-Carduri cadou<br \/>-Produse software desc\u0103rcabile<br \/>-Unele articole de s\u0103n\u0103tate \u0219i \u00eengrijire personal\u0103<br \/>-Pentru a finaliza returnarea, avem nevoie de o chitan\u021b\u0103 sau o dovad\u0103 de cump\u0103rare.<\/p>\n\n<p>-Orice articol care nu se afl\u0103 \u00een starea sa original\u0103, este deteriorat sau lipse\u0219te piese din motive care nu se datoreaz\u0103 erorii noastre.<br \/>-Orice articol care este returnat la mai mult de 30 de zile de la livrare.<\/p>\n<p><strong><em>Fara notificarea legala, nu se poate considera procedura de returnare valabila, in curs!<\/em><\/strong><\/p>\n<pre id=\"tw-target-text\" class=\"tw-data-text tw-text-large tw-ta\" dir=\"ltr\" data-placeholder=\"Traducere\" data-ved=\"2ahUKEwjpoO242NuMAxUE_7sIHadhLjEQ3ewLegQICBAV\" aria-label=\"Text tradus: ok, then I just need the document through which you paid the customs duties for the products.\"><strong><em>Pentru returnarea produselor este obligatoriu completarea formularului din subsolul paginii!<\/em><\/strong><\/pre>\n\n<h2 class=\"wp-block-heading\">Rambursare<\/h2>\n\n<p>Odat\u0103 ce returnarea dvs. este primit\u0103 \u0219i inspectat\u0103, v\u0103 vom trimite un e-mail pentru a v\u0103 anun\u021ba c\u0103 am primit articolul returnat. De asemenea, v\u0103 vom anun\u021ba cu privire la aprobarea sau respingerea ramburs\u0103rii.<\/p>\n\n<p>Dac\u0103 a fost aprobat\u0103, rambursarea dvs. va fi procesat\u0103 \u0219i un credit va fi aplicat automat cardului dvs. de credit sau metodei ini\u021biale de plat\u0103, \u00eentr-un anumit num\u0103r de zile.<\/p>\n\n<p>Ramburs\u0103ri \u00eent\u00e2rziate sau lips\u0103<\/p>\n\n<p>Dac\u0103 nu a\u021bi primit \u00eenc\u0103 o rambursare, mai \u00eent\u00e2i verifica\u021bi din nou contul dvs. bancar.<\/p>\n\n<p>Apoi contacta\u021bi compania dvs. de card de credit, poate dura ceva timp p\u00e2n\u0103 c\u00e2nd rambursarea dvs. este publicat\u0103 oficial.<\/p>\n\n<p>Apoi contacta\u021bi banca dvs. Exist\u0103 adesea un timp de procesare \u00eenainte ca o rambursare s\u0103 fie postat\u0103.<\/p>\n\n<p>Dac\u0103 a\u021bi f\u0103cut toate acestea \u0219i \u00eenc\u0103 nu a\u021bi primit rambursarea, v\u0103 rug\u0103m s\u0103 ne contacta\u021bi la contact@globalpharm.ro.<\/p>\n\n<p><strong>Produse cu pre\u021b redus<\/strong><\/p>\n\n<p>Numai articolele cu pre\u021b obi\u0219nuit pot fi rambursate. Articolele v\u00e2ndute la promo\u021bie nu pot fi rambursate.<\/p>\n\n<h2 class=\"wp-block-heading\">Schimburi<\/h2>\n\n<p>\u00cenlocuim articolele numai dac\u0103 sunt defecte sau deteriorate. Dac\u0103 trebuie s\u0103 \u00eel schimba\u021bi cu acela\u0219i articol, scrie\u021bi-ne un e-mail la contact@globalpharm.ro \u0219i trimite\u021bi articolul dvs. la: GLOBAL PHARM (Bucure\u0219ti, Drumul Gura Cali\u021bei, Nr 4-32, Sector 3).<\/p>\n\n<h2 class=\"wp-block-heading\">Cadouri<\/h2>\n\n<p>Dac\u0103 articolul a fost marcat ca cadou c\u00e2nd a fost cump\u0103rat \u0219i expediat direct c\u0103tre dvs., ve\u021bi primi un credit cadou pentru valoarea return\u0103rii dvs. Odat\u0103 ce articolul returnat este primit, vi se va trimite un certificat cadou.<\/p>\n\n<p>\u00cen cazul \u00een care articolul nu a fost marcat ca cadou la cump\u0103rare, sau persoana care a primit cadoul a primit comanda pentru a vi-o oferi mai t\u00e2rziu, vom trimite o rambursare celui care a oferit cadoul \u0219i acesta va afla despre returnarea dvs.<\/p>\n\n<h3 class=\"wp-block-heading\">Livrare retururi<\/h3>\n\n<p>Pentru a v\u0103 returna produsul, trebuie s\u0103 v\u0103 trimite\u021bi produsul la: GLOBAL PHARM (Bucure\u0219ti, Drumul Gura Cali\u021bei, Nr 4-32, Sector 3).<\/p>\n\n<p>Ve\u021bi fi responsabil pentru plata propriilor costuri de transport pentru returnarea articolului. Costurile de transport sunt nerambursabile. Dac\u0103 primi\u021bi o rambursare, costul transportului de retur \u0219i costulpreces\u0103rii pl\u0103\u021bilor vor fi deduse din rambursare (50 RON).<\/p>\n\n<p>\u00cen func\u021bie de locul \u00een care locui\u021bi, timpul necesar pentru ca produsul dvs. schimbat s\u0103 ajung\u0103 la dvs. poate varia.<\/p>\n\n<p>Dac\u0103 returna\u021bi articole mai scumpe, v\u0103 recomand\u0103m s\u0103 utiliza\u021bi un serviciu de expediere urm\u0103ribil sau s\u0103 cump\u0103ra\u021bi o asigurare de transport. Nu v\u0103 garant\u0103m c\u0103 vom primi articolul returnat.<\/p>\n\n<h3 class=\"wp-block-heading\">Ai nevoie de ajutor?<\/h3>\n\n<p>Contacta\u021bi-ne la contact@globalpharm.ro pentru \u00eentreb\u0103ri legate de ramburs\u0103ri \u0219i return\u0103ri.<\/p>\n\n<p>\u00a0<\/p>\n\t\t\t\t\t\t\t\t<\/div>\n\t\t\t\t<\/div>\n\t\t\t\t\t<\/div>\n\t\t\t\t<\/div>\n\t\t<div class=\"elementor-element elementor-element-9d2f062 e-flex e-con-boxed e-con e-parent\" data-id=\"9d2f062\" data-element_type=\"container\" data-e-type=\"container\">\n\t\t\t\t\t<div class=\"e-con-inner\">\n\t\t\t\t<div class=\"elementor-element elementor-element-f8eac13 elementor-button-align-stretch elementor-widget elementor-widget-form\" data-id=\"f8eac13\" data-element_type=\"widget\" data-e-type=\"widget\" data-settings=\"{&quot;step_next_label&quot;:&quot;Next&quot;,&quot;step_previous_label&quot;:&quot;Previous&quot;,&quot;button_width&quot;:&quot;100&quot;,&quot;step_type&quot;:&quot;number_text&quot;,&quot;step_icon_shape&quot;:&quot;circle&quot;}\" data-widget_type=\"form.default\">\n\t\t\t\t<div class=\"elementor-widget-container\">\n\t\t\t\t\t\t\t<form class=\"elementor-form\" method=\"post\" name=\"retur\" aria-label=\"retur\">\n\t\t\t<input type=\"hidden\" name=\"post_id\" value=\"12\"\/>\n\t\t\t<input type=\"hidden\" name=\"form_id\" value=\"f8eac13\"\/>\n\t\t\t<input type=\"hidden\" name=\"referer_title\" value=\"Politica ramburs \u0219i retur - GlobalPharm Rom\u00e2nia\" \/>\n\n\t\t\t\t\t\t\t<input type=\"hidden\" name=\"queried_id\" value=\"12\"\/>\n\t\t\t\n\t\t\t<div class=\"elementor-form-fields-wrapper elementor-labels-above\">\n\t\t\t\t\t\t\t\t<div class=\"elementor-field-type-text elementor-field-group elementor-column elementor-field-group-name elementor-col-100 elementor-field-required\">\n\t\t\t\t\t\t\t\t\t\t\t\t<label for=\"form-field-name\" class=\"elementor-field-label\">\n\t\t\t\t\t\t\t\tNume, prenume:\t\t\t\t\t\t\t<\/label>\n\t\t\t\t\t\t\t\t\t\t\t\t\t\t<input size=\"1\" type=\"text\" name=\"form_fields[name]\" id=\"form-field-name\" class=\"elementor-field elementor-size-sm  elementor-field-textual\" placeholder=\"Nume, prenume\" required=\"required\">\n\t\t\t\t\t\t\t\t\t\t\t<\/div>\n\t\t\t\t\t\t\t\t<div class=\"elementor-field-type-text elementor-field-group elementor-column elementor-field-group-field_5b5dca3 elementor-col-100\">\n\t\t\t\t\t\t\t\t\t\t\t\t<label for=\"form-field-field_5b5dca3\" class=\"elementor-field-label\">\n\t\t\t\t\t\t\t\tComand\u0103 num\u0103r:\t\t\t\t\t\t\t<\/label>\n\t\t\t\t\t\t\t\t\t\t\t\t\t\t<input size=\"1\" type=\"text\" name=\"form_fields[field_5b5dca3]\" id=\"form-field-field_5b5dca3\" class=\"elementor-field elementor-size-sm  elementor-field-textual\" placeholder=\"Comand\u0103 num\u0103r\">\n\t\t\t\t\t\t\t\t\t\t\t<\/div>\n\t\t\t\t\t\t\t\t<div class=\"elementor-field-type-text elementor-field-group elementor-column elementor-field-group-field_9cd71fa elementor-col-100 elementor-field-required\">\n\t\t\t\t\t\t\t\t\t\t\t\t<label for=\"form-field-field_9cd71fa\" class=\"elementor-field-label\">\n\t\t\t\t\t\t\t\tAdres\u0103:\t\t\t\t\t\t\t<\/label>\n\t\t\t\t\t\t\t\t\t\t\t\t\t\t<input size=\"1\" type=\"text\" name=\"form_fields[field_9cd71fa]\" id=\"form-field-field_9cd71fa\" class=\"elementor-field elementor-size-sm  elementor-field-textual\" placeholder=\"Adres\u0103\" required=\"required\">\n\t\t\t\t\t\t\t\t\t\t\t<\/div>\n\t\t\t\t\t\t\t\t<div class=\"elementor-field-type-text elementor-field-group elementor-column elementor-field-group-field_1f6691a elementor-col-100 elementor-field-required\">\n\t\t\t\t\t\t\t\t\t\t\t\t<label for=\"form-field-field_1f6691a\" class=\"elementor-field-label\">\n\t\t\t\t\t\t\t\tTelefon:\t\t\t\t\t\t\t<\/label>\n\t\t\t\t\t\t\t\t\t\t\t\t\t\t<input size=\"1\" type=\"text\" name=\"form_fields[field_1f6691a]\" id=\"form-field-field_1f6691a\" class=\"elementor-field elementor-size-sm  elementor-field-textual\" placeholder=\"Telefon\" required=\"required\">\n\t\t\t\t\t\t\t\t\t\t\t<\/div>\n\t\t\t\t\t\t\t\t<div class=\"elementor-field-type-email elementor-field-group elementor-column elementor-field-group-email elementor-col-100 elementor-field-required\">\n\t\t\t\t\t\t\t\t\t\t\t\t<label for=\"form-field-email\" class=\"elementor-field-label\">\n\t\t\t\t\t\t\t\tEmail:\t\t\t\t\t\t\t<\/label>\n\t\t\t\t\t\t\t\t\t\t\t\t\t\t<input size=\"1\" type=\"email\" name=\"form_fields[email]\" id=\"form-field-email\" class=\"elementor-field elementor-size-sm  elementor-field-textual\" placeholder=\"Email\" required=\"required\">\n\t\t\t\t\t\t\t\t\t\t\t<\/div>\n\t\t\t\t\t\t\t\t<div class=\"elementor-field-type-text elementor-field-group elementor-column elementor-field-group-field_53a14fe elementor-col-100 elementor-field-required\">\n\t\t\t\t\t\t\t\t\t\t\t\t<label for=\"form-field-field_53a14fe\" class=\"elementor-field-label\">\n\t\t\t\t\t\t\t\tCont IBAN:\t\t\t\t\t\t\t<\/label>\n\t\t\t\t\t\t\t\t\t\t\t\t\t\t<input size=\"1\" type=\"text\" name=\"form_fields[field_53a14fe]\" id=\"form-field-field_53a14fe\" class=\"elementor-field elementor-size-sm  elementor-field-textual\" placeholder=\"Cont IBAN\" required=\"required\">\n\t\t\t\t\t\t\t\t\t\t\t<\/div>\n\t\t\t\t\t\t\t\t<div class=\"elementor-field-type-textarea elementor-field-group elementor-column elementor-field-group-message elementor-col-100\">\n\t\t\t\t\t\t\t\t\t\t\t\t<label for=\"form-field-message\" class=\"elementor-field-label\">\n\t\t\t\t\t\t\t\tMesaj op\u021bional:\t\t\t\t\t\t\t<\/label>\n\t\t\t\t\t\t<textarea class=\"elementor-field-textual elementor-field  elementor-size-sm\" name=\"form_fields[message]\" id=\"form-field-message\" rows=\"4\" placeholder=\"Mesaj op\u021bional\"><\/textarea>\t\t\t\t<\/div>\n\t\t\t\t\t\t\t\t<div class=\"elementor-field-group elementor-column elementor-field-type-submit elementor-col-100 e-form__buttons\">\n\t\t\t\t\t<button class=\"elementor-button elementor-size-md\" type=\"submit\">\n\t\t\t\t\t\t<span class=\"elementor-button-content-wrapper\">\n\t\t\t\t\t\t\t\t\t\t\t\t\t\t\t\t\t\t\t\t\t\t<span class=\"elementor-button-text\">Send<\/span>\n\t\t\t\t\t\t\t\t\t\t\t\t\t<\/span>\n\t\t\t\t\t<\/button>\n\t\t\t\t<\/div>\n\t\t\t<\/div>\n\t\t<\/form>\n\t\t\t\t\t\t<\/div>\n\t\t\t\t<\/div>\n\t\t\t\t\t<\/div>\n\t\t\t\t<\/div>\n\t\t\t\t<\/div>\n\t\t","protected":false},"excerpt":{"rendered":"<p>POLITICA GENERAL\u0102 Politica noastr\u0103 de rambursare \u0219i returnare dureaz\u0103 30 de zile. Dac\u0103 au trecut 30 de zile de la achizi\u021bie, nu v\u0103 putem oferi o rambursare complet\u0103 sau un schimb. Pentru a fi eligibil de retur, articolul dumneavoastr\u0103 trebuie s\u0103 fie nefolosit \u0219i \u00een aceea\u0219i stare \u00een care l-a\u021bi primit. De asemenea, trebuie s\u0103 [&hellip;]<\/p>\n","protected":false},"author":1,"featured_media":0,"parent":0,"menu_order":0,"comment_status":"closed","ping_status":"closed","template":"","meta":{"footnotes":""},"class_list":["post-12","page","type-page","status-publish","hentry"],"jetpack_sharing_enabled":true,"_links":{"self":[{"href":"https:\/\/globalpharm.ro\/ro\/wp-json\/wp\/v2\/pages\/12","targetHints":{"allow":["GET"]}}],"collection":[{"href":"https:\/\/globalpharm.ro\/ro\/wp-json\/wp\/v2\/pages"}],"about":[{"href":"https:\/\/globalpharm.ro\/ro\/wp-json\/wp\/v2\/types\/page"}],"author":[{"embeddable":true,"href":"https:\/\/globalpharm.ro\/ro\/wp-json\/wp\/v2\/users\/1"}],"replies":[{"embeddable":true,"href":"https:\/\/globalpharm.ro\/ro\/wp-json\/wp\/v2\/comments?post=12"}],"version-history":[{"count":41,"href":"https:\/\/globalpharm.ro\/ro\/wp-json\/wp\/v2\/pages\/12\/revisions"}],"predecessor-version":[{"id":8425,"href":"https:\/\/globalpharm.ro\/ro\/wp-json\/wp\/v2\/pages\/12\/revisions\/8425"}],"wp:attachment":[{"href":"https:\/\/globalpharm.ro\/ro\/wp-json\/wp\/v2\/media?parent=12"}],"curies":[{"name":"wp","href":"https:\/\/api.w.org\/{rel}","templated":true}]}}