{"id":5095,"date":"2022-11-04T15:36:54","date_gmt":"2022-11-04T08:36:54","guid":{"rendered":"https:\/\/lifepharmshop.com\/?page_id=5095"},"modified":"2025-01-17T13:59:19","modified_gmt":"2025-01-17T11:59:19","slug":"contact","status":"publish","type":"page","link":"https:\/\/globalpharm.ro\/ro\/contact\/","title":{"rendered":"Persoan\u0103 de contact"},"content":{"rendered":"<div data-elementor-type=\"wp-page\" data-elementor-id=\"5095\" class=\"elementor elementor-5095\" data-elementor-post-type=\"page\">\n\t\t\t\t\t\t<section class=\"elementor-section elementor-top-section elementor-element elementor-element-7d0476d elementor-section-full_width elementor-section-stretched elementor-section-height-default elementor-section-height-default\" data-id=\"7d0476d\" data-element_type=\"section\" data-e-type=\"section\" data-settings=\"{&quot;stretch_section&quot;:&quot;section-stretched&quot;}\">\n\t\t\t\t\t\t<div class=\"elementor-container elementor-column-gap-no\">\n\t\t\t\t\t<div class=\"elementor-column elementor-col-100 elementor-top-column elementor-element elementor-element-b0b39f0\" data-id=\"b0b39f0\" data-element_type=\"column\" data-e-type=\"column\">\n\t\t\t<div class=\"elementor-widget-wrap elementor-element-populated\">\n\t\t\t\t\t\t<div class=\"elementor-element elementor-element-b1c1ec6 elementor-widget elementor-widget-google_maps\" data-id=\"b1c1ec6\" data-element_type=\"widget\" data-e-type=\"widget\" data-widget_type=\"google_maps.default\">\n\t\t\t\t<div class=\"elementor-widget-container\">\n\t\t\t\t\t\t\t<div class=\"elementor-custom-embed\">\n\t\t\t<iframe loading=\"lazy\"\n\t\t\t\t\tsrc=\"https:\/\/maps.google.com\/maps?q=bucuresti%2C%20Rom%C3%A2nia&#038;t=m&#038;z=14&#038;output=embed&#038;iwloc=near\"\n\t\t\t\t\ttitle=\"bucuresti, Rom\u00e2nia\"\n\t\t\t\t\taria-label=\"bucuresti, Rom\u00e2nia\"\n\t\t\t><\/iframe>\n\t\t<\/div>\n\t\t\t\t\t\t<\/div>\n\t\t\t\t<\/div>\n\t\t\t\t<div class=\"elementor-element elementor-element-c445fd8 elementor-widget__width-initial elementor-absolute elementor-hidden-tablet elementor-hidden-mobile elementor-widget elementor-widget-text-editor\" data-id=\"c445fd8\" data-element_type=\"widget\" data-e-type=\"widget\" data-settings=\"{&quot;_position&quot;:&quot;absolute&quot;}\" data-widget_type=\"text-editor.default\">\n\t\t\t\t<div class=\"elementor-widget-container\">\n\t\t\t\t\t\t\t\t\t<h4 class=\"tb-icon-phone-call\">Telefon:<\/h4><h4 class=\"tb-icon-phone-call\"><a href=\"tel: 0735877777\"><strong>+40.735.877.777<\/strong><\/a><\/h4><h4 class=\"tb-icon-mail\" style=\"margin-top: 45px; margin-bottom: 14px;\">Scrie-ne:<\/h4><p>Completa\u021bi formularul nostru \u0219i v\u0103 vom contacta imediat.<br \/>E-mail: contact@globalpharm.ro<\/p><p>Email: <a href=\"mailto:contact@globalpharm.ro\">contact@globalpharm.ro<\/a><\/p><h4 class=\"tb-icon-map-pin\" style=\"margin-top: 45px; margin-bottom: 10px;\">Sediu social:<\/h4><p style=\"margin: 0;\">Bucure\u0219ti, Rom\u00e2nia<\/p>\t\t\t\t\t\t\t\t<\/div>\n\t\t\t\t<\/div>\n\t\t\t\t\t<\/div>\n\t\t<\/div>\n\t\t\t\t\t<\/div>\n\t\t<\/section>\n\t\t\t\t<section class=\"elementor-section elementor-top-section elementor-element elementor-element-0a29432 elementor-hidden-desktop elementor-section-boxed elementor-section-height-default elementor-section-height-default\" data-id=\"0a29432\" data-element_type=\"section\" data-e-type=\"section\">\n\t\t\t\t\t\t<div class=\"elementor-container elementor-column-gap-default\">\n\t\t\t\t\t<div class=\"elementor-column elementor-col-33 elementor-top-column elementor-element elementor-element-94e324e\" data-id=\"94e324e\" data-element_type=\"column\" data-e-type=\"column\">\n\t\t\t<div class=\"elementor-widget-wrap elementor-element-populated\">\n\t\t\t\t\t\t<div class=\"elementor-element elementor-element-5bfddbd elementor-widget elementor-widget-text-editor\" data-id=\"5bfddbd\" data-element_type=\"widget\" data-e-type=\"widget\" data-widget_type=\"text-editor.default\">\n\t\t\t\t<div class=\"elementor-widget-container\">\n\t\t\t\t\t\t\t\t\t<h4 class=\"tb-icon-phone-call\">Apel c\u0103tre noi:<\/h4><p>Suntem disponibili 24\/7, 7 zile pe s\u0103pt\u0103m\u00e2n\u0103.<br \/><a href=\"tel:0892298228\"><strong>+08 9229 8228<\/strong><\/a><\/p>\t\t\t\t\t\t\t\t<\/div>\n\t\t\t\t<\/div>\n\t\t\t\t\t<\/div>\n\t\t<\/div>\n\t\t\t\t<div class=\"elementor-column elementor-col-33 elementor-top-column elementor-element elementor-element-c9e7e3b\" data-id=\"c9e7e3b\" data-element_type=\"column\" data-e-type=\"column\">\n\t\t\t<div class=\"elementor-widget-wrap elementor-element-populated\">\n\t\t\t\t\t\t<div class=\"elementor-element elementor-element-5f7a52f elementor-widget elementor-widget-text-editor\" data-id=\"5f7a52f\" data-element_type=\"widget\" data-e-type=\"widget\" data-widget_type=\"text-editor.default\">\n\t\t\t\t<div class=\"elementor-widget-container\">\n\t\t\t\t\t\t\t\t\t<h4 class=\"tb-icon-mail\" style=\"margin-bottom: 14px;\">Scrie\u021bi-ne:<\/h4>\nCompleta\u021bi formularul nostru \u0219i v\u0103 vom contacta \u00een termen de 24 de ore.\nEmail: <a href=\"mailto:Support1234@Jaroti\">Sprijin1234@Jaroti<\/a>\t\t\t\t\t\t\t\t<\/div>\n\t\t\t\t<\/div>\n\t\t\t\t\t<\/div>\n\t\t<\/div>\n\t\t\t\t<div class=\"elementor-column elementor-col-33 elementor-top-column elementor-element elementor-element-1fa87ea\" data-id=\"1fa87ea\" data-element_type=\"column\" data-e-type=\"column\">\n\t\t\t<div class=\"elementor-widget-wrap elementor-element-populated\">\n\t\t\t\t\t\t<div class=\"elementor-element elementor-element-d695836 elementor-widget elementor-widget-text-editor\" data-id=\"d695836\" data-element_type=\"widget\" data-e-type=\"widget\" data-widget_type=\"text-editor.default\">\n\t\t\t\t<div class=\"elementor-widget-container\">\n\t\t\t\t\t\t\t\t\t<h4 class=\"tb-icon-map-pin\" style=\"margin-bottom: 10px;\">Sediul central:<\/h4><p style=\"margin: 0;\">Luni - Vineri: 9:00-20:00<br \/>S\u00e2mb\u0103t\u0103: 11:00 - 15:00<\/p><p style=\"margin: 5px 0 0;\">123 Atlantic, Brooklyn, New York, SUA<\/p>\t\t\t\t\t\t\t\t<\/div>\n\t\t\t\t<\/div>\n\t\t\t\t\t<\/div>\n\t\t<\/div>\n\t\t\t\t\t<\/div>\n\t\t<\/section>\n\t\t\t\t<section class=\"elementor-section elementor-top-section elementor-element elementor-element-5066a4e elementor-reverse-mobile elementor-section-boxed elementor-section-height-default elementor-section-height-default\" data-id=\"5066a4e\" data-element_type=\"section\" data-e-type=\"section\">\n\t\t\t\t\t\t<div class=\"elementor-container elementor-column-gap-default\">\n\t\t\t\t\t<div class=\"elementor-column elementor-col-50 elementor-top-column elementor-element elementor-element-5e82eae\" data-id=\"5e82eae\" data-element_type=\"column\" data-e-type=\"column\">\n\t\t\t<div class=\"elementor-widget-wrap elementor-element-populated\">\n\t\t\t\t\t\t<div class=\"elementor-element elementor-element-79ed4e8 elementor-widget elementor-widget-heading\" data-id=\"79ed4e8\" data-element_type=\"widget\" data-e-type=\"widget\" data-widget_type=\"heading.default\">\n\t\t\t\t<div class=\"elementor-widget-container\">\n\t\t\t\t\t<h2 class=\"elementor-heading-title elementor-size-default\">Ne-ar pl\u0103cea s\u0103 auzim p\u0103rerile tale:<\/h2>\t\t\t\t<\/div>\n\t\t\t\t<\/div>\n\t\t\t\t<div class=\"elementor-element elementor-element-d8f58bf elementor-widget elementor-widget-shortcode\" data-id=\"d8f58bf\" data-element_type=\"widget\" data-e-type=\"widget\" data-widget_type=\"shortcode.default\">\n\t\t\t\t<div class=\"elementor-widget-container\">\n\t\t\t\t\t\t\t<div class=\"elementor-shortcode\"><p class=\"wpcf7-invalid-action-url\"><strong>Error:<\/strong> Invalid action URL is detected.<\/p><\/div>\n\t\t\t\t\t\t<\/div>\n\t\t\t\t<\/div>\n\t\t\t\t\t<\/div>\n\t\t<\/div>\n\t\t\t\t<div class=\"elementor-column elementor-col-50 elementor-top-column elementor-element elementor-element-e1cb670\" data-id=\"e1cb670\" data-element_type=\"column\" data-e-type=\"column\">\n\t\t\t<div class=\"elementor-widget-wrap elementor-element-populated\">\n\t\t\t\t\t\t<div class=\"elementor-element elementor-element-1dbda9b elementor-widget elementor-widget-heading\" data-id=\"1dbda9b\" data-element_type=\"widget\" data-e-type=\"widget\" data-widget_type=\"heading.default\">\n\t\t\t\t<div class=\"elementor-widget-container\">\n\t\t\t\t\t<h2 class=\"elementor-heading-title elementor-size-default\">Nu avem magazin fizic.<\/h2>\t\t\t\t<\/div>\n\t\t\t\t<\/div>\n\t\t\t\t\t<\/div>\n\t\t<\/div>\n\t\t\t\t\t<\/div>\n\t\t<\/section>\n\t\t\t\t<\/div>","protected":false},"excerpt":{"rendered":"<p>Telefon: +40.735.877.777 Scrie-ne: Completa\u021bi formularul nostru \u0219i v\u0103 vom contacta imediat.Email: contact@globalpharm.ro Email: contact@globalpharm.ro Sediu social: Bucure\u0219ti, Rom\u00e2nia Call to Us: We\u2019re available 24\/7, 7 days a week.+08 9229 8228 Write to Us: Fill out our form and we will contact you within 24 hours. Email: Support1234@Jaroti Headquarter: Monday \u2013 Friday: 9:00-20:00Saturday: 11:00 \u2013 15:00 [&hellip;]<\/p>\n","protected":false},"author":1,"featured_media":0,"parent":0,"menu_order":0,"comment_status":"closed","ping_status":"closed","template":"","meta":{"footnotes":""},"class_list":["post-5095","page","type-page","status-publish","hentry"],"jetpack_sharing_enabled":true,"_links":{"self":[{"href":"https:\/\/globalpharm.ro\/ro\/wp-json\/wp\/v2\/pages\/5095","targetHints":{"allow":["GET"]}}],"collection":[{"href":"https:\/\/globalpharm.ro\/ro\/wp-json\/wp\/v2\/pages"}],"about":[{"href":"https:\/\/globalpharm.ro\/ro\/wp-json\/wp\/v2\/types\/page"}],"author":[{"embeddable":true,"href":"https:\/\/globalpharm.ro\/ro\/wp-json\/wp\/v2\/users\/1"}],"replies":[{"embeddable":true,"href":"https:\/\/globalpharm.ro\/ro\/wp-json\/wp\/v2\/comments?post=5095"}],"version-history":[{"count":28,"href":"https:\/\/globalpharm.ro\/ro\/wp-json\/wp\/v2\/pages\/5095\/revisions"}],"predecessor-version":[{"id":6930,"href":"https:\/\/globalpharm.ro\/ro\/wp-json\/wp\/v2\/pages\/5095\/revisions\/6930"}],"wp:attachment":[{"href":"https:\/\/globalpharm.ro\/ro\/wp-json\/wp\/v2\/media?parent=5095"}],"curies":[{"name":"wp","href":"https:\/\/api.w.org\/{rel}","templated":true}]}}