{"id":6365,"date":"2024-12-03T21:38:04","date_gmt":"2024-12-03T19:38:04","guid":{"rendered":"https:\/\/globalpharm.ro\/?page_id=6365"},"modified":"2024-12-04T07:19:55","modified_gmt":"2024-12-04T05:19:55","slug":"ce-este-laminine","status":"publish","type":"page","link":"https:\/\/globalpharm.ro\/ro\/ce-este-laminine\/","title":{"rendered":"LAMININE"},"content":{"rendered":"\t\t<div data-elementor-type=\"wp-page\" data-elementor-id=\"6365\" class=\"elementor elementor-6365\" data-elementor-post-type=\"page\">\n\t\t\t\t\t\t<section class=\"elementor-section elementor-top-section elementor-element elementor-element-d78f034 elementor-section-stretched elementor-section-full_width elementor-section-height-default elementor-section-height-default\" data-id=\"d78f034\" data-element_type=\"section\" data-e-type=\"section\" data-settings=\"{&quot;stretch_section&quot;:&quot;section-stretched&quot;}\">\n\t\t\t\t\t\t<div class=\"elementor-container elementor-column-gap-default\">\n\t\t\t\t\t<div class=\"elementor-column elementor-col-100 elementor-top-column elementor-element elementor-element-ee665d7\" data-id=\"ee665d7\" data-element_type=\"column\" data-e-type=\"column\">\n\t\t\t<div class=\"elementor-widget-wrap elementor-element-populated\">\n\t\t\t\t\t\t<div class=\"elementor-element elementor-element-7f38b47 elementor-widget__width-initial elementor-widget-mobile__width-initial elementor-widget elementor-widget-text-editor\" data-id=\"7f38b47\" data-element_type=\"widget\" data-e-type=\"widget\" data-widget_type=\"text-editor.default\">\n\t\t\t\t<div class=\"elementor-widget-container\">\n\t\t\t\t\t\t\t\t\t<h5><b><i>Ce este LAMININE?<\/i><\/b><\/h5>\n<p style=\"font-size: medium; font-weight: 400; letter-spacing: normal; text-align: start;\"><strong>Laminine<\/strong> este un supliment alimentar natural, dezvoltat de LifePharm, care con\u021bine o combina\u021bie unic\u0103 de ingrediente: extract de ou fertilizat de pas\u0103re, proteine marine \u0219i proteine vegetale.<\/p>\n<p style=\"font-size: medium; font-weight: 400; letter-spacing: normal; text-align: start;\">\u00cen ciuda faptului c\u0103 rasa uman\u0103 a evoluat mult, via\u021ba modern\u0103 induce cantit\u0103\u021bi imense de stres asupra creierului \u0219i a trupurilor (organismelor) noastre. Dezechilibrele create de ace\u0219ti factori se manifest\u0103 sub form\u0103 de depresie, oboseal\u0103, pierderi de memorie \u0219i o serie de boli, care duc la deteriorarea organismului, din punct de vedere fizic, mental \u0219i spiritual. Laminine este suplimentul alimentar care v\u0103 poate ajuta pentru aceste lucruri.<\/p>\n<p style=\"font-size: medium; font-weight: 400; letter-spacing: normal; text-align: start;\">Corpul are propriul s\u0103u mecanism de reparare, are capacitatea de a regenera celulele deteriorate dar acest mecanism se clatin\u0103 odat\u0103 cu \u00eenaintarea \u00een v\u00e2rst\u0103.<\/p>\n<p style=\"font-size: medium; font-weight: 400; letter-spacing: normal; text-align: start;\">Laminine dezl\u0103n\u0163uie acest mecanism de reparare \u015fi contribuie la cre\u015fterea s\u0103n\u0103t\u0103\u0163ii fizice, mentale \u015fi emotionale, la un nou nivel, ajut\u0103 la regenerarea celulelor \u00eemb\u0103tr\u00e2nite \u015fi hr\u0103nirea celulelor nes\u0103n\u0103toase, sprijin\u0103 revenirea la starea lor original\u0103.<\/p>\n<p style=\"font-size: medium; font-weight: 400; letter-spacing: normal; text-align: start;\">Laminina este o formul\u0103 unic\u0103, patentat\u0103, care ofer\u0103 cele mai multe proteine esen\u021biale \u0219i aminoacizi, de care organismul nostru are nevoie, \u00eempreun\u0103 cu mecanismele adecvate de transport, pentru a direc\u021biona aceste construc\u021bii nutritive (blocuri fundamentale), \u00een cazul \u00een care organismul are nevoie urgent\u0103 de acestea.<\/p>\n<h5><b><i>&nbsp;<\/i><\/b><\/h5>\n<h5><b><i>Ce con\u0163ine LAMININE?<\/i><\/b><\/h5>\n<ul>\n<li><strong>Extract de ou fertilizat de pas\u0103re:<\/strong> Con\u021bine factori de cre\u0219tere bioactivi, precum FGF-2 (Factor de Cre\u0219tere a Fibroblastelor-2), care sus\u021bin regenerarea celular\u0103 \u0219i s\u0103n\u0103tatea ADN-ului prin repararea \u0219i prelungirea telomerelor.<\/li>\n<li><strong>Proteine marine:<\/strong> Furnizeaz\u0103 aminoacizi esen\u021biali pentru func\u021bionarea optim\u0103 a organismului.<\/li>\n<li><strong>Proteine vegetale:<\/strong> Completeaz\u0103 profilul aminoacizilor, asigur\u00e2nd aportul necesar pentru s\u0103n\u0103tatea celular\u0103.<\/li>\n<\/ul>\n<p style=\"font-size: medium; font-weight: 400; letter-spacing: normal; text-align: start;\">Este un complex de alimente pure, din natur\u0103, perfect \u0219i \u00een combina\u021bia ideal\u0103, d\u0103t\u0103tor de via\u021b\u0103 \u0219i sus\u021binere a vie\u021bii \u0219i a echilibrului intern, provenind din produse de pe uscat, din mare \u0219i din plante.<\/p>\n<p style=\"font-size: medium; font-weight: 400; letter-spacing: normal; text-align: start;\">Denumit\u0103 \u0219i simbolul vie\u021bii \u0219i al rena\u0219terii, este un super-aliment natural, sinergic, care con\u021bine extract de ou de g\u0103in\u0103 fertilizat, din a 9-a zi, (FGF2 \u2013 care activeaz\u0103 propriile noastre celule&nbsp;&nbsp;stem \u2013 \u015fi to\u0163i cei 22 aminoacizi esen\u0163iali), proteine marine (cartilaj de rechin), fito-proteine (boabe fermentate de maz\u0103re galben\u0103).<\/p>\n<p style=\"font-size: medium; font-weight: 400; letter-spacing: normal; text-align: start;\">\n<\/p><h5><b><i>&nbsp;<\/i><\/b><\/h5>\n<h5><b><i>Cum ne ajut\u0103 cei 22 de aminoacizi care se g\u0103sesc \u00een LAMININE:<\/i><\/b><\/h5>\n<p style=\"font-size: medium; font-weight: 400; letter-spacing: normal; text-align: start;\">Alanin\u0103 \u2013 surs\u0103 de energie;<\/p>\n<p style=\"font-size: medium; font-weight: 400; letter-spacing: normal; text-align: start;\">Arginin\u0103 \u2013 pentru fertilitatea masculin\u0103;<\/p>\n<p style=\"font-size: medium; font-weight: 400; letter-spacing: normal; text-align: start;\">Acid aspartic \u2013 ajut\u0103 la o mai bun\u0103 asimilare de minerale;<\/p>\n<p style=\"font-size: medium; font-weight: 400; letter-spacing: normal; text-align: start;\">Carnitin\u0103 \u2013 genereaz\u0103 energie;<\/p>\n<p style=\"font-size: medium; font-weight: 400; letter-spacing: normal; text-align: start;\">Cistein\u0103 \u2013 stabilizeaz\u0103 lan\u021buri de proteine \u0219i purific\u0103;<\/p>\n<p style=\"font-size: medium; font-weight: 400; letter-spacing: normal; text-align: start;\">Acid glutamic \u2013 reduce apetitul pentru alcool \u0219i dulciuri;<\/p>\n<p style=\"font-size: medium; font-weight: 400; letter-spacing: normal; text-align: start;\">Glutamin\u0103 \u2013 antioxidant;<\/p>\n<p style=\"font-size: medium; font-weight: 400; letter-spacing: normal; text-align: start;\">Glicin\u0103 \u2013 cur\u0103\u021b\u0103 \u0219i vindec\u0103 r\u0103nile, releu \u00een sistemul nervos;<\/p>\n<p style=\"font-size: medium; font-weight: 400; letter-spacing: normal; text-align: start;\">Histidin\u0103 \u2013 amelioreaz\u0103 alergiile;<\/p>\n<p style=\"font-size: medium; font-weight: 400; letter-spacing: normal; text-align: start;\">Izoleucin\u0103 \u2013 dezvolt\u0103 mu\u0219chii;<\/p>\n<p style=\"font-size: medium; font-weight: 400; letter-spacing: normal; text-align: start;\">Ornitin\u0103 \u2013 \u00eent\u0103re\u0219te mu\u0219chii;<\/p>\n<p style=\"font-size: medium; font-weight: 400; letter-spacing: normal; text-align: start;\">Fenilalanin\u0103 \u2013&nbsp;&nbsp;atenueaz\u0103 depresiile, \u00eembun\u0103t\u0103\u0163e\u015fte memoria;<\/p>\n<p style=\"font-size: medium; font-weight: 400; letter-spacing: normal; text-align: start;\">Prolin\u0103 \u2013&nbsp;&nbsp;vindecarea r\u0103nilor, formarea cartilajelor;<\/p>\n<p style=\"font-size: medium; font-weight: 400; letter-spacing: normal; text-align: start;\">Serin\u0103 \u2013&nbsp;&nbsp;re\u00eennoire celular\u0103;<\/p>\n<p style=\"font-size: medium; font-weight: 400; letter-spacing: normal; text-align: start;\">Taurin\u0103 \u2013 s\u0103n\u0103tatea celulelor \u015fi a nervilor;<\/p>\n<p style=\"font-size: medium; font-weight: 400; letter-spacing: normal; text-align: start;\">Treonin\u0103 \u2013 relaxeaz\u0103 mu\u0219chii;<\/p>\n<p style=\"font-size: medium; font-weight: 400; letter-spacing: normal; text-align: start;\">Triptofan \u2013 reduce depresiile \u0219i insomniile;<\/p>\n<p style=\"font-size: medium; font-weight: 400; letter-spacing: normal; text-align: start;\">Tirozin\u0103 \u2013 antioxidant;<\/p>\n<p style=\"font-size: medium; font-weight: 400; letter-spacing: normal; text-align: start;\">Valin\u0103 \u2013 pentru mu\u0219chi;<\/p>\n<p style=\"font-size: medium; font-weight: 400; letter-spacing: normal; text-align: start;\">Metionin\u0103 \u2013 sprijin\u0103 ficatul;<\/p>\n<p style=\"font-size: medium; font-weight: 400; letter-spacing: normal; text-align: start;\">Leucin\u0103 \u2013 vindec\u0103 r\u0103nile;<\/p>\n<p style=\"font-size: medium; font-weight: 400; letter-spacing: normal; text-align: start;\">Lizin\u0103 \u2013 elimin\u0103 senza\u021bia de rece la extremit\u0103\u021bi.<\/p>\n<h5><b><i>&nbsp;<\/i><\/b><\/h5>\n<h5><b><i>Beneficii LAMININE<\/i><\/b><\/h5>\n<p style=\"text-indent: -.25in; mso-list: l0 level1 lfo1;\"><!-- [if !supportLists]--><span style=\"font-family: 'Courier New'; mso-fareast-font-family: 'Courier New';\">o<span style=\"font: 7.0pt 'Times New Roman';\">&nbsp; &nbsp;<\/span><\/span>scade nivelul de stres, reduce stresul cronic,<\/p>\n<p style=\"text-indent: -.25in; mso-list: l0 level1 lfo1;\"><!-- [if !supportLists]--><span style=\"font-family: 'Courier New'; mso-fareast-font-family: 'Courier New';\">o<span style=\"font: 7.0pt 'Times New Roman';\">&nbsp;&nbsp;&nbsp;<\/span><\/span><!--[endif]-->ajut\u0103 persoanele cu nivel sc\u0103zut de serotonin\u0103,<\/p>\n<p style=\"text-indent: -.25in; mso-list: l0 level1 lfo1;\"><!-- [if !supportLists]--><span style=\"font-family: 'Courier New'; mso-fareast-font-family: 'Courier New';\">o<span style=\"font: 7.0pt 'Times New Roman';\">&nbsp;&nbsp;&nbsp;<\/span><\/span><!--[endif]-->\u00eembun\u0103t\u0103\u0163e\u015fte somnul \u015fi starea emo\u0163ional\u0103;<\/p>\n<p style=\"text-indent: -.25in; mso-list: l0 level1 lfo1;\"><!-- [if !supportLists]--><span style=\"font-family: 'Courier New'; mso-fareast-font-family: 'Courier New';\">o<span style=\"font: 7.0pt 'Times New Roman';\">&nbsp;&nbsp;&nbsp;<\/span><\/span><!--[endif]-->ajut\u0103 la prelucrarea colagenului pentru o piele s\u0103n\u0103toas\u0103;<\/p>\n<p style=\"text-indent: -.25in; mso-list: l0 level1 lfo1;\"><!-- [if !supportLists]--><span style=\"font-family: 'Courier New'; mso-fareast-font-family: 'Courier New';\">o<span style=\"font: 7.0pt 'Times New Roman';\">&nbsp;&nbsp;&nbsp;<\/span><\/span><!--[endif]-->scade semnele de b\u0103tr\u00e2ne\u0163e;<\/p>\n<p style=\"text-indent: -.25in; mso-list: l0 level1 lfo1;\"><!-- [if !supportLists]--><span style=\"font-family: 'Courier New'; mso-fareast-font-family: 'Courier New';\">o<span style=\"font: 7.0pt 'Times New Roman';\">&nbsp;&nbsp;&nbsp;<\/span><\/span><!--[endif]-->\u00eembun\u0103t\u0103\u0163e\u015fte memoria, concentra\u0163ia, aten\u0163ia \u015fi g\u00e2ndirea;<\/p>\n<p style=\"text-indent: -.25in; mso-list: l0 level1 lfo1;\"><!-- [if !supportLists]--><span style=\"font-family: 'Courier New'; mso-fareast-font-family: 'Courier New';\">o<span style=\"font: 7.0pt 'Times New Roman';\">&nbsp;&nbsp;&nbsp;<\/span><\/span><!--[endif]-->sus\u0163ine eforturile sportive, cre\u015fte puterea fizic\u0103;<\/p>\n<p style=\"text-indent: -.25in; mso-list: l0 level1 lfo1;\"><!-- [if !supportLists]--><span style=\"font-family: 'Courier New'; mso-fareast-font-family: 'Courier New';\">o<span style=\"font: 7.0pt 'Times New Roman';\">&nbsp;&nbsp;&nbsp;<\/span><\/span><!--[endif]-->accelereaz\u0103 restabilirea sistemului muscular dup\u0103 efortul fizic, \u00eembun\u0103t\u0103\u0163e\u015fte tonificarea muscular\u0103;<\/p>\n<p style=\"text-indent: -.25in; mso-list: l0 level1 lfo1;\"><!-- [if !supportLists]--><span style=\"font-family: 'Courier New'; mso-fareast-font-family: 'Courier New';\">o<span style=\"font: 7.0pt 'Times New Roman';\">&nbsp;&nbsp;&nbsp;<\/span><\/span><!--[endif]-->m\u0103re\u015fte energia \u015fi buna dispozi\u0163ie;<\/p>\n<p style=\"text-indent: -.25in; mso-list: l0 level1 lfo1;\"><!-- [if !supportLists]--><span style=\"font-family: 'Courier New'; mso-fareast-font-family: 'Courier New';\">o<span style=\"font: 7.0pt 'Times New Roman';\">&nbsp;&nbsp;&nbsp;<\/span><\/span><!--[endif]-->poate ajuta la arderea gr\u0103similor \u00een organism;<\/p>\n<p style=\"text-indent: -.25in; mso-list: l0 level1 lfo1;\"><!-- [if !supportLists]--><span style=\"font-family: 'Courier New'; mso-fareast-font-family: 'Courier New';\">o<span style=\"font: 7.0pt 'Times New Roman';\">&nbsp;&nbsp;&nbsp;<\/span><\/span><!--[endif]-->cre\u015fte poten\u0163a la b\u0103rba\u0163i \u015fi libidoul la femei;<\/p>\n<p style=\"text-indent: -.25in; mso-list: l0 level1 lfo1;\"><!-- [if !supportLists]--><span style=\"font-family: 'Courier New'; mso-fareast-font-family: 'Courier New';\">o<span style=\"font: 7.0pt 'Times New Roman';\">&nbsp;&nbsp;&nbsp;<\/span><\/span><!--[endif]-->sus\u0163ine organismul \u00een etapa postoperatorie;<\/p>\n<p style=\"text-indent: -.25in; mso-list: l0 level1 lfo1;\"><!-- [if !supportLists]--><span style=\"font-family: 'Courier New'; mso-fareast-font-family: 'Courier New';\">o<span style=\"font: 7.0pt 'Times New Roman';\">&nbsp;&nbsp;&nbsp;<\/span><\/span><!--[endif]-->protec\u0163ie antioxidant\u0103, \u00eembun\u0103t\u0103\u0163e\u015fte sistemul imunitar;<\/p>\n<p style=\"text-indent: -.25in; mso-list: l0 level1 lfo1;\"><!-- [if !supportLists]--><span style=\"font-family: 'Courier New'; mso-fareast-font-family: 'Courier New';\">o<span style=\"font: 7.0pt 'Times New Roman';\">&nbsp;&nbsp;&nbsp;<\/span><\/span><!--[endif]-->ajut\u0103 \u00een cazul discopatiei \u015fi a herniei.<\/p>\n<p style=\"text-indent: -.25in; mso-list: l0 level1 lfo1;\">\n<\/p><h5><i>&nbsp;<\/i><\/h5>\n<h5><i>Ce poate face Laminine pentru tine?<\/i><\/h5>\n<p><strong>Regenerare celular\u0103:<\/strong>&nbsp;Sprijin\u0103 regenerarea celulelor stem, contribuind la repararea \u021besuturilor \u0219i la men\u021binerea s\u0103n\u0103t\u0103\u021bii organelor.<\/p>\n<p><strong>\u00cembun\u0103t\u0103\u021birea s\u0103n\u0103t\u0103\u021bii articulare:<\/strong>&nbsp;Poate reduce disconfortul \u0219i rigiditatea articular\u0103.<\/p>\n<p><strong>Sus\u021binerea sistemului imunitar:<\/strong>&nbsp;Ajut\u0103 la men\u021binerea unui sistem imunitar s\u0103n\u0103tos.<\/p>\n<p><strong>Reducerea nivelului de cortizol:<\/strong>&nbsp;Poate contribui la reducerea stresului \u0219i la \u00eembun\u0103t\u0103\u021birea st\u0103rii generale de bine.<\/p>\n<p><strong>\u00cembun\u0103t\u0103\u021birea calit\u0103\u021bii somnului:<\/strong>&nbsp;Poate favoriza un somn mai profund \u0219i odihnitor.<\/p>\n<h5>&nbsp;<\/h5>\t\t\t\t\t\t\t\t<\/div>\n\t\t\t\t<\/div>\n\t\t\t\t\t<\/div>\n\t\t<\/div>\n\t\t\t\t\t<\/div>\n\t\t<\/section>\n\t\t<div class=\"elementor-element elementor-element-401a9ac e-flex e-con-boxed e-con e-parent\" data-id=\"401a9ac\" data-element_type=\"container\" data-e-type=\"container\">\n\t\t\t\t\t<div class=\"e-con-inner\">\n\t\t\t\t<div class=\"elementor-element elementor-element-9b9546e elementor-widget elementor-widget-image\" data-id=\"9b9546e\" data-element_type=\"widget\" data-e-type=\"widget\" data-widget_type=\"image.default\">\n\t\t\t\t<div class=\"elementor-widget-container\">\n\t\t\t\t\t\t\t\t\t\t\t\t\t\t\t<img fetchpriority=\"high\" decoding=\"async\" width=\"1024\" height=\"151\" src=\"https:\/\/globalpharm.ro\/wp-content\/uploads\/2024\/11\/banneerr-1024x151.webp\" class=\"attachment-large size-large wp-image-6092\" alt=\"banneerr\" srcset=\"https:\/\/globalpharm.ro\/wp-content\/uploads\/2024\/11\/banneerr-1024x151.webp 1024w, https:\/\/globalpharm.ro\/wp-content\/uploads\/2024\/11\/banneerr-300x44.webp 300w, https:\/\/globalpharm.ro\/wp-content\/uploads\/2024\/11\/banneerr-768x113.webp 768w, https:\/\/globalpharm.ro\/wp-content\/uploads\/2024\/11\/banneerr-1536x227.webp 1536w, https:\/\/globalpharm.ro\/wp-content\/uploads\/2024\/11\/banneerr-2048x302.webp 2048w, https:\/\/globalpharm.ro\/wp-content\/uploads\/2024\/11\/banneerr-840x124.webp 840w\" sizes=\"(max-width: 1024px) 100vw, 1024px\" \/>\t\t\t\t\t\t\t\t\t\t\t\t\t\t\t<\/div>\n\t\t\t\t<\/div>\n\t\t\t\t\t<\/div>\n\t\t\t\t<\/div>\n\t\t\t\t<\/div>\n\t\t","protected":false},"excerpt":{"rendered":"<p>Ce este LAMININE? Laminine este un supliment alimentar natural, dezvoltat de LifePharm, care con\u021bine o combina\u021bie unic\u0103 de ingrediente: extract de ou fertilizat de pas\u0103re, proteine marine \u0219i proteine vegetale. \u00cen ciuda faptului c\u0103 rasa uman\u0103 a evoluat mult, via\u021ba modern\u0103 induce cantit\u0103\u021bi imense de stres asupra creierului \u0219i a trupurilor (organismelor) noastre. Dezechilibrele create [&hellip;]<\/p>\n","protected":false},"author":1,"featured_media":0,"parent":0,"menu_order":0,"comment_status":"closed","ping_status":"closed","template":"","meta":{"footnotes":""},"class_list":["post-6365","page","type-page","status-publish","hentry"],"jetpack_sharing_enabled":true,"_links":{"self":[{"href":"https:\/\/globalpharm.ro\/ro\/wp-json\/wp\/v2\/pages\/6365","targetHints":{"allow":["GET"]}}],"collection":[{"href":"https:\/\/globalpharm.ro\/ro\/wp-json\/wp\/v2\/pages"}],"about":[{"href":"https:\/\/globalpharm.ro\/ro\/wp-json\/wp\/v2\/types\/page"}],"author":[{"embeddable":true,"href":"https:\/\/globalpharm.ro\/ro\/wp-json\/wp\/v2\/users\/1"}],"replies":[{"embeddable":true,"href":"https:\/\/globalpharm.ro\/ro\/wp-json\/wp\/v2\/comments?post=6365"}],"version-history":[{"count":60,"href":"https:\/\/globalpharm.ro\/ro\/wp-json\/wp\/v2\/pages\/6365\/revisions"}],"predecessor-version":[{"id":7429,"href":"https:\/\/globalpharm.ro\/ro\/wp-json\/wp\/v2\/pages\/6365\/revisions\/7429"}],"wp:attachment":[{"href":"https:\/\/globalpharm.ro\/ro\/wp-json\/wp\/v2\/media?parent=6365"}],"curies":[{"name":"wp","href":"https:\/\/api.w.org\/{rel}","templated":true}]}}