{"id":7524,"date":"2025-04-16T18:11:58","date_gmt":"2025-04-16T16:11:58","guid":{"rendered":"https:\/\/globalpharm.ro\/?page_id=7524"},"modified":"2025-04-19T18:16:15","modified_gmt":"2025-04-19T16:16:15","slug":"detalii-cellnergy","status":"publish","type":"page","link":"https:\/\/globalpharm.ro\/ro\/detalii-cellnergy\/","title":{"rendered":"Detalii produs Cellnergy Wellness Device"},"content":{"rendered":"<div data-elementor-type=\"wp-page\" data-elementor-id=\"7524\" class=\"elementor elementor-7524\" data-elementor-post-type=\"page\">\n\t\t\t\t<div class=\"elementor-element elementor-element-0528443 e-flex e-con-boxed e-con e-parent\" data-id=\"0528443\" data-element_type=\"container\" data-e-type=\"container\">\n\t\t\t\t\t<div class=\"e-con-inner\">\n\t\t\t\t<div class=\"elementor-element elementor-element-d735cf1 elementor-widget elementor-widget-text-editor\" data-id=\"d735cf1\" data-element_type=\"widget\" data-e-type=\"widget\" data-widget_type=\"text-editor.default\">\n\t\t\t\t<div class=\"elementor-widget-container\">\n\t\t\t\t\t\t\t\t\t<h4 id=\"h_01JMDJM6SMDWZH35TS2ZRNNPFT\"><span class=\"wysiwyg-color-orange\"><strong>EXPERIMENTEAZ\u0102 UN NOU VAL PENTRU A TE SIM\u021aI CEL MAI BINE<\/strong><\/span><\/h4><p>Dispozitivul nostru de ultim\u0103 genera\u021bie emite unde terahertz care pot ajuta la activarea celulelor s\u0103n\u0103toase. Activarea celulelor s\u0103n\u0103toase prin vibra\u021bii poate determina ca acestea s\u0103 \u00ee\u0219i \u00eendeplineasc\u0103 func\u021biile mai eficient, stimul\u00e2nd astfel regenerarea celular\u0103 \u0219i promov\u00e2nd vitalitatea general\u0103.<\/p><p>Dispozitivul folose\u0219te, de asemenea, lumin\u0103 ro\u0219ie de 630 nm care poate penetra pielea mai ad\u00e2nc dec\u00e2t orice alt\u0103 culoare de lumin\u0103, ajung\u00e2nd la celule f\u0103r\u0103 a deteriora \u021besutul \u00eenconjur\u0103tor. Lumina ro\u0219ie ac\u021bioneaz\u0103 la nivel celular prin stimularea mitocondriilor din celule (sau centrala celulei) pentru a produce mai mult ATP (adenozin trifosfat). O cre\u0219tere a ATP \u00eenseamn\u0103 c\u0103 exist\u0103 mai mult\u0103 energie \u00een celule, permi\u021b\u00e2ndu-le s\u0103 se \u00eentinereasc\u0103 \u0219i s\u0103 se repare singure.<\/p><p>Tehnologia avansat\u0103 a Cellnergy utilizeaz\u0103, de asemenea, terapia cu c\u0103ldur\u0103 pentru a ajuta la ameliorarea durerii, reducerea tensiunii musculare \u0219i promovarea relax\u0103rii. Prin livrarea unui flux de aer cald controlat c\u0103tre zonele \u021bint\u0103, dispozitivul nostru \u00eembun\u0103t\u0103\u021be\u0219te fluxul sanguin, \u00eencurajeaz\u0103 livrarea de nutrien\u021bi c\u0103tre celule \u0219i ajut\u0103 la eliminarea toxinelor.<\/p><h4 id=\"h_01JMDJMGGNHHD748NRP50Y8EHE\"><span class=\"wysiwyg-color-orange\">BENEFICII CHEIE<\/span><\/h4><ul><li>Sus\u021bine produc\u021bia de colagen \u0219i fibroblaste pentru o piele \u00eentinerit\u0103*<\/li><li>Ajut\u0103 la cre\u0219terea circula\u021biei sanguine, facilit\u00e2nd livrarea de nutrien\u021bi \u0219i eliminarea de\u0219eurilor*<\/li><li>Ajut\u0103 la reducerea inflama\u021biei, amelior\u00e2nd durerea \u0219i disconfortul*<\/li><li>Ajut\u0103 la diminuarea ridurilor, liniilor fine \u0219i petelor de v\u00e2rst\u0103 pentru un aspect mai t\u00e2n\u0103r*<\/li><li>Ajut\u0103 la accelerarea recuper\u0103rii dup\u0103 activit\u0103\u021bi fizice sau leziuni*<\/li><li>Ajut\u0103 la reducerea durerii \u0219i sus\u021bine confortul general*<\/li><li>Sus\u021bine \u00eembun\u0103t\u0103\u021birea st\u0103rii de spirit \u0219i a st\u0103rii generale de bine*<\/li><\/ul><h4 id=\"h_01JMDJMTWWE4JEJWJH2H578PVZ\"><span class=\"wysiwyg-color-orange\">TEHNOLOGIA<\/span><\/h4><ul><li><strong>Unde Terahertz (THz) &#8211;<\/strong> Pot ajuta la activarea celulelor s\u0103n\u0103toase pentru a stimula regenerarea celular\u0103 pentru o reparare accelerat\u0103 a \u021besuturilor \u0219i vitalitate general\u0103.<\/li><li><strong>Terapia cu Lumin\u0103 Ro\u0219ie &#8211;<\/strong> Penetreaz\u0103 pielea mai ad\u00e2nc dec\u00e2t toate culorile de lumin\u0103 pentru a cre\u0219te energia celular\u0103 (ATP). Acest lucru ajut\u0103 la sus\u021binerea produc\u021biei crescute de colagen, cre\u0219terea circula\u021biei sanguine, vindecarea accelerat\u0103 \u0219i reducerea inflama\u021biei, liniilor fine \u0219i ridurilor.<\/li><li><strong>Terapia cu C\u0103ldur\u0103 &#8211;<\/strong> Livreaz\u0103 c\u0103ldur\u0103 controlat\u0103 c\u0103tre zonele \u021bint\u0103 pentru a ajuta la \u00eembun\u0103t\u0103\u021birea fluxului sanguin, \u00eencurajarea livr\u0103rii de nutrien\u021bi c\u0103tre celule, ajutarea la eliminarea toxinelor, ameliorarea durerii, reducerea tensiunii musculare \u0219i promovarea relax\u0103rii.<\/li><\/ul><h4>\u00a0<\/h4><h4 id=\"h_01JMDJNCDZNPZ52Z9AT93K1JQE\"><span class=\"wysiwyg-color-orange\">PRODUSUL PE SCURT<\/span><\/h4><table border=\"1\"><tbody><tr><td><strong>Vizualiza\u021bi Cellnergy Wellness Device \u00een magazin<\/strong><\/td><td><p>Rom\u00e2nia: <a href=\"https:\/\/globalpharm.ro\/product\/cellnergy\/\">https:\/\/globalpharm.ro\/product\/cellnergy\/<\/a><\/p><\/td><\/tr><tr><td><strong>Specifica\u021bii Tehnice<\/strong><\/td><td><p>Gama de tensiune nominal\u0103: 110-127V \u0219i 220-240V\u202f<\/p><p>Frecven\u021b\u0103 nominal\u0103: 50\/60Hz\u202f<\/p><p>Putere nominal\u0103 de intrare: 900W\u202f<\/p><p>Nivel de zgomot: 80dB<\/p><\/td><\/tr><tr><td><strong>Utilizare Sugestiv\u0103<\/strong><\/td><td><p>\u021aine\u021bi dispozitivul la 20 p\u00e2n\u0103 la 30 de centimetri de corp. Pute\u021bi fie s\u0103 sufla\u021bi aerul cald \u00een mi\u0219c\u0103ri de du-te-vino pe o zon\u0103 mare peste pielea goal\u0103 sau peste haine. Petrece\u021bi 10 minute pe fiecare zon\u0103 tratat\u0103 a corpului.<\/p><p><strong>Recomand\u0103m:<\/strong><br \/>Setarea 1 pentru tratamente faciale<br \/>Setarea 2 pentru cutia toracic\u0103 \u0219i coloan\u0103 pentru activarea celulelor stem<br \/>Setarea 3 pentru zonele \u021bintite.<\/p><\/td><\/tr><tr><td><strong>Declinarea Responsabilit\u0103\u021bii<\/strong><\/td><td>Acest produs este utilizat pentru auto-educare \u0219i cercetare pentru a sus\u021bine homeostazia. Nu este destinat trat\u0103rii bolilor sau prevenirii deterior\u0103rii s\u0103n\u0103t\u0103\u021bii umane. C\u00e2nd este utilizat conform instruc\u021biunilor, nu prezint\u0103 niciun risc poten\u021bial de boal\u0103 sau v\u0103t\u0103mare.<\/td><\/tr><tr><td><strong>Instruc\u021biuni de Siguran\u021b\u0103<\/strong><\/td><td><ul><li>\u021aine\u021bi dispozitivul departe de ap\u0103.<\/li><li>V\u0103 rug\u0103m s\u0103 supraveghea\u021bi copiii sub 12 ani sau pe oricine cu deficien\u021be fizice sau mentale care utilizeaz\u0103, cur\u0103\u021b\u0103 \u0219i \u00eentre\u021bin acest dispozitiv. Nu l\u0103sa\u021bi copiii nesupraveghea\u021bi cu dispozitivul \u0219i nu permite\u021bi copiilor s\u0103 se joace cu dispozitivul.<\/li><li>Nu utiliza\u021bi dispozitivul l\u00e2ng\u0103 b\u0103i, du\u0219uri, chiuvete sau l\u00e2ng\u0103 orice lichide.<\/li><li>V\u0103 rug\u0103m s\u0103 v\u0103 asigura\u021bi c\u0103 deconecta\u021bi dispozitivul dup\u0103 ce \u00eel opri\u021bi dup\u0103 fiecare utilizare, \u00een special \u00een b\u0103i.<\/li><\/ul><\/td><\/tr><tr><td><strong>AVERTISMENT<\/strong><\/td><td><p><strong>PERICOL DE ELECTROCUTARE<\/strong><br \/>Nu scufunda\u021bi acest dispozitiv \u00een ap\u0103 sau alte lichide. Dac\u0103 dispozitivul intr\u0103 \u00een contact cu apa, deconecta\u021bi-l imediat de la orice surs\u0103 de alimentare \u0219i nu \u00eel atinge\u021bi. Contacta\u021bi un electrician calificat pentru asisten\u021b\u0103. Nerespectarea acestor instruc\u021biuni poate duce la electrocutare sau alte v\u0103t\u0103m\u0103ri grave. \u021aine\u021bi acest dispozitiv departe de copii \u0219i surse de ap\u0103 \u0219i utiliza\u021bi-l doar \u00eentr-un mediu uscat. Nu utiliza\u021bi acest dispozitiv dac\u0103 a fost deteriorat de ap\u0103 sau alte lichide.<\/p><p><strong>PERICOL: \u021aine\u021bi Departe De Ap\u0103!<\/strong><\/p><\/td><\/tr><tr><td><strong>Pie\u021be Disponibile<\/strong><\/td><td>Cellnergy Wellness Device este disponibil \u00een Australia, Canada, Uniunea European\u0103, Jamaica, Kazahstan, Noua Zeeland\u0103, Filipine, Rusia, Serbia, Elve\u021bia, Regatul Unit \u0219i Statele Unite.<\/td><\/tr><tr><td><strong>Calitate &amp; Certific\u0103ri<\/strong><\/td><td><ul><li>Studii Clinice<\/li><li>Patent \u00een A\u0219teptare<\/li><li>Certificat de Siguran\u021b\u0103 CE (Conformit\u00e9 Europ\u00e9enne)<\/li><li>Certificat de Siguran\u021b\u0103 UL (Underwriters Laboratories)<\/li><li>Certificat ISO 9001<\/li><li>Certificat ISO 14001<\/li><li>Membri ai Societ\u0103\u021bii Americane de \u00cemb\u0103tr\u00e2nire<\/li><li>Garan\u021bie de 2 ani<\/li><\/ul><\/td><\/tr><tr><td><strong>Prezentat \u00een<\/strong><\/td><td>Inova\u021bii \u00een Medicin\u0103<\/td><\/tr><tr><td><strong>Manual de produs pentru Cellnergy Wellness Device<\/strong><\/td><td>Face\u021bi clic <a href=\"https:\/\/lifepharm.com\/media\/pdf\/cellnergy\/cellnergywellness-instructionmanual-eng.pdf\" target=\"_blank\" rel=\"noopener noreferrer\">aici<\/a> pentru a vedea manualul de produs<\/td><\/tr><tr><td><strong>Garan\u021bie<\/strong><\/td><td><p>Garan\u021bie de doi ani (de la data achizi\u021biei). Dac\u0103 dispozitivul este defect \u00een perioada de garan\u021bie, v\u0103 rug\u0103m s\u0103 contacta\u021bi echipa noastr\u0103 de Servicii Clien\u021bi. Garan\u021bia va fi anulat\u0103 dac\u0103:<\/p><ol><li>Perioada de garan\u021bie este dep\u0103\u0219it\u0103.<\/li><li>Dispozitivul este deteriorat din cauza nerespect\u0103rii manualului de instruc\u021biuni.<\/li><li>Dispozitivul este deteriorat din cauza manipul\u0103rii necorespunz\u0103toare sau a repara\u021biilor efectuate de o parte neautorizat\u0103.<\/li><\/ol><\/td><\/tr><tr><td><strong>\u00centre\u021binere<\/strong><\/td><td><ol><li>Deconecta\u021bi \u00eentotdeauna \u0219i l\u0103sa\u021bi dispozitivul s\u0103 se r\u0103ceasc\u0103 \u00eenainte de cur\u0103\u021bare.<\/li><li>Inspecta\u021bi periodic ecranul filtrului de aer de pe spatele periei \u0219i \u00eendep\u0103rta\u021bi orice resturi care s-ar fi acumulat. Orice acumulare poate reduce fluxul de aer \u0219i poate deteriora peria.<\/li><li>Nu folosi\u021bi niciodat\u0103 diluan\u021bi, alcooluri pe baz\u0103 de benzin\u0103 sau alte substan\u021be chimice inflamabile pentru a cur\u0103\u021ba produsul.<\/li><li>Cur\u0103\u021ba\u021bi dispozitivul cu o c\u00e2rp\u0103 moale \u0219i uscat\u0103 pentru a \u00eendep\u0103rta orice reziduuri.<\/li><li>Nu \u00eenf\u0103\u0219ura\u021bi cablul \u00een jurul dispozitivului, acest lucru ar putea cauza uzura cablului.<\/li><\/ol><\/td><\/tr><tr><td><strong>Studii<\/strong><\/td><td><ul><li><a href=\"https:\/\/lifepharm.com\/media\/studies\/Cellnergy-AchillesHeel-Study-ENG.pdf\" target=\"_blank\" rel=\"noopener noreferrer\">Tratamente Cellnergy Wellness pe subiec\u021bi cu dureri cronice din cauza deterior\u0103rii tendonului la c\u0103lc\u00e2iul lui Ahile<\/a><\/li><\/ul><\/td><\/tr><tr><td><strong>La ce s\u0103 v\u0103 a\u0219tepta\u021bi c\u00e2nd utiliza\u021bi Cellnergy Wellness Device<br \/><\/strong><\/td><td><p><strong>Beneficii pe termen scurt (1-30 minute)<\/strong><br \/>C\u00e2nd utiliza\u021bi dispozitivul, ve\u021bi sim\u021bi o c\u0103ldur\u0103 \u0219i o relaxare imediat\u0103. De asemenea, pute\u021bi sim\u021bi o reducere a tensiunii musculare \u0219i o u\u0219urare a durerii.<\/p><p><strong>Beneficii pe termen scurt p\u00e2n\u0103 la mediu (24-72 ore)<\/strong><br \/>Dispozitivul ajut\u0103 la \u00eembun\u0103t\u0103\u021birea circula\u021biei s\u00e2ngelui \u0219i \u00eencepe s\u0103 creasc\u0103 produc\u021bia de colagen. De asemenea, \u00eencurajeaz\u0103 livrarea de nutrien\u021bi \u0219i eliminarea toxinelor.<\/p><p><strong>Beneficii pe termen mediu p\u00e2n\u0103 la lung (3 zile \u0219i mai mult)<\/strong><br \/>Dup\u0103 c\u00e2teva zile de utilizare constant\u0103 a dispozitivului, acesta \u00eencepe s\u0103 ajute la stimularea regener\u0103rii celulare. Efectele de reparare a \u021besuturilor \u0219i vitalitate pot \u00eencepe s\u0103 devin\u0103 vizibile. Poate exista o \u00eembun\u0103t\u0103\u021bire semnificativ\u0103 a repar\u0103rii \u021besuturilor \u0219i a vitalit\u0103\u021bii. Beneficiile pe termen lung includ gestionarea durerii cronice \u0219i relaxarea continu\u0103 a mu\u0219chilor.<\/p><\/td><\/tr><\/tbody><\/table><p><em><span class=\"wysiwyg-font-size-small\">*Aceste afirma\u021bii nu au fost evaluate de Administra\u021bia pentru Alimente \u0219i Medicamente. Acest produs nu este destinat s\u0103 diagnosticheze, trateze, vindece sau s\u0103 previn\u0103 vreo boal\u0103.<\/span><\/em><\/p>\t\t\t\t\t\t\t\t<\/div>\n\t\t\t\t<\/div>\n\t\t\t\t\t<\/div>\n\t\t\t\t<\/div>\n\t\t\t\t<\/div>","protected":false},"excerpt":{"rendered":"<p>EXPERIMENTEAZ\u0102 UN NOU VAL PENTRU A TE SIM\u021aI CEL MAI BINE Dispozitivul nostru de ultim\u0103 genera\u021bie emite unde terahertz care pot ajuta la activarea celulelor s\u0103n\u0103toase. Activarea celulelor s\u0103n\u0103toase prin vibra\u021bii poate determina ca acestea s\u0103 \u00ee\u0219i \u00eendeplineasc\u0103 func\u021biile mai eficient, stimul\u00e2nd astfel regenerarea celular\u0103 \u0219i promov\u00e2nd vitalitatea general\u0103. Dispozitivul folose\u0219te, de asemenea, lumin\u0103 ro\u0219ie [&hellip;]<\/p>\n","protected":false},"author":1,"featured_media":0,"parent":0,"menu_order":0,"comment_status":"closed","ping_status":"closed","template":"","meta":{"footnotes":""},"class_list":["post-7524","page","type-page","status-publish","hentry"],"jetpack_sharing_enabled":true,"_links":{"self":[{"href":"https:\/\/globalpharm.ro\/ro\/wp-json\/wp\/v2\/pages\/7524","targetHints":{"allow":["GET"]}}],"collection":[{"href":"https:\/\/globalpharm.ro\/ro\/wp-json\/wp\/v2\/pages"}],"about":[{"href":"https:\/\/globalpharm.ro\/ro\/wp-json\/wp\/v2\/types\/page"}],"author":[{"embeddable":true,"href":"https:\/\/globalpharm.ro\/ro\/wp-json\/wp\/v2\/users\/1"}],"replies":[{"embeddable":true,"href":"https:\/\/globalpharm.ro\/ro\/wp-json\/wp\/v2\/comments?post=7524"}],"version-history":[{"count":35,"href":"https:\/\/globalpharm.ro\/ro\/wp-json\/wp\/v2\/pages\/7524\/revisions"}],"predecessor-version":[{"id":7598,"href":"https:\/\/globalpharm.ro\/ro\/wp-json\/wp\/v2\/pages\/7524\/revisions\/7598"}],"wp:attachment":[{"href":"https:\/\/globalpharm.ro\/ro\/wp-json\/wp\/v2\/media?parent=7524"}],"curies":[{"name":"wp","href":"https:\/\/api.w.org\/{rel}","templated":true}]}}