{"id":7676,"date":"2025-04-19T18:52:38","date_gmt":"2025-04-19T16:52:38","guid":{"rendered":"https:\/\/globalpharm.ro\/?page_id=7676"},"modified":"2025-04-19T19:14:20","modified_gmt":"2025-04-19T17:14:20","slug":"detalii-laminine","status":"publish","type":"page","link":"https:\/\/globalpharm.ro\/ro\/detalii-laminine\/","title":{"rendered":"Detalii produs Laminine LifePharm"},"content":{"rendered":"<div data-elementor-type=\"wp-page\" data-elementor-id=\"7676\" class=\"elementor elementor-7676\" data-elementor-post-type=\"page\">\n\t\t\t\t<div class=\"elementor-element elementor-element-0528443 e-flex e-con-boxed e-con e-parent\" data-id=\"0528443\" data-element_type=\"container\" data-e-type=\"container\">\n\t\t\t\t\t<div class=\"e-con-inner\">\n\t\t\t\t<div class=\"elementor-element elementor-element-d735cf1 elementor-widget elementor-widget-text-editor\" data-id=\"d735cf1\" data-element_type=\"widget\" data-e-type=\"widget\" data-widget_type=\"text-editor.default\">\n\t\t\t\t<div class=\"elementor-widget-container\">\n\t\t\t\t\t\t\t\t\t<h4 id=\"h_01JMDAVYQMPKFZM2E4PBJKTWN5\"><span class=\"wysiwyg-color-orange\"><strong>\u00ceNCEPE CU O FUNDA\u021aIE PUTERNIC\u0102<\/strong><\/span><\/h4><p>Optimizeaz\u0103-\u021bi s\u0103n\u0103tatea cu LAMININE, un supliment unic de regenerare a celulelor stem. Av\u00e2nd un amestec propriu de factori de cre\u0219tere bioactivi din ou, proteine marine \u0219i proteine vegetale, LAMININE sus\u021bine proliferarea, diferen\u021bierea \u0219i supravie\u021buirea celular\u0103 \u00een toate sistemele de organe. Formula noastr\u0103 exclusiv\u0103 include FGF-2, o protein\u0103 critic\u0103 g\u0103sit\u0103 doar \u00een extractul nostru de ou, care regleaz\u0103 activitatea genelor pentru a optimiza func\u021biile celulare \u0219i a proteja ADN-ul.<\/p><p>Cercet\u0103rile indic\u0103 faptul c\u0103 utilizarea regulat\u0103 a LAMININE poate \u00eembun\u0103t\u0103\u021bi activitatea telomerazei, prelungind astfel telomerii\u2014capacele protectoare ale cromozomilor legate de \u00eemb\u0103tr\u00e2nirea mai s\u0103n\u0103toas\u0103 \u0219i de \u00eembun\u0103t\u0103\u021birea s\u0103n\u0103t\u0103\u021bii generale. Stimuleaz\u0103 procesul natural de re\u00eennoire al corpului t\u0103u \u0219i \u00eencetine\u0219te \u00eemb\u0103tr\u00e2nirea cu consumul zilnic de LAMININE.<\/p><h4 id=\"h_01JMDAWKH2ATPRY8HP66T42BZQ\"><span class=\"wysiwyg-color-orange\">BENEFICII CHEIE<\/span><\/h4><ul><li>Inverseaz\u0103 semnele \u00eemb\u0103tr\u00e2nirii la nivel celular prin prelungirea telomerilor.*<\/li><li>Stimuleaz\u0103 celulele stem ale corpului t\u0103u pentru a regenera celulele deteriorate \u00een majoritatea organelor, ajut\u00e2nd la ameliorarea articula\u021biilor dureroase \u0219i rigide, men\u021binerea nivelurilor s\u0103n\u0103toase de zah\u0103r din s\u00e2nge \u0219i colesterol, \u00eembun\u0103t\u0103\u021birea integrit\u0103\u021bii mucoasei digestive \u0219i a vaselor de s\u00e2nge \u0219i sus\u021binerea fertilit\u0103\u021bii la b\u0103rba\u021bi.*<\/li><li>Reduce cortizolul pentru a diminua stresul \u0219i anxietatea, \u00eembun\u0103t\u0103\u021be\u0219te func\u021bia imunitar\u0103, starea de spirit, func\u021bia metabolic\u0103 \u0219i energia.*<\/li><li>Promoveaz\u0103 somnul profund pentru o concentrare mental\u0103 \u0219i claritate \u00eembun\u0103t\u0103\u021bite*<\/li><\/ul><h4 id=\"h_01JMDAWZDR7VX21YRTQ7D83GF7\"><span class=\"wysiwyg-color-orange\">INGREDIENTE PRINCIPALE<\/span><\/h4><ul><li><strong>Factori de Cre\u0219tere Bioactivi din Ou &#8211;<\/strong> Sus\u021bin majoritatea organelor \u0219i celulelor stem, lucr\u00e2nd la nivelul ADN-ului pentru a stimula re\u00eentinerirea celular\u0103.<\/li><li><strong>Protein\u0103 Marin\u0103 &#8211;<\/strong> Proteine cartilaginoase de \u00eenalt\u0103 calitate care furnizeaz\u0103 aminoacizi esen\u021biali pentru toate func\u021biile celulare de baz\u0103 \u0219i, astfel, ale corpului.<\/li><li><strong>Protein\u0103 Fito &#8211;<\/strong> Con\u021bine aminoacizi esen\u021biali pentru a crea un supliment complet de aminoacizi<\/li><\/ul><h4 id=\"h_01JMDB2BQAME14NCG51W3V9CWW\"><span class=\"wysiwyg-color-orange\">PRODUSUL PE SCURT<\/span><\/h4><table border=\"1\"><tbody><tr><td><strong>Vizualiza\u021bi LAMININE \u00een magazin<\/strong><\/td><td><p>Rom\u00e2nia: <a href=\"https:\/\/globalpharm.ro\/product\/laminine120\/\" target=\"_blank\" rel=\"noopener noreferrer\">https:\/\/globalpharm.ro\/product\/laminine120<\/a><\/p><\/td><\/tr><tr><td><strong>Op\u021biuni de m\u0103rime<\/strong><\/td><td>LAMININE este disponibil \u00een variante de 30 \u0219i 120 de capsule.<\/td><\/tr><tr><td><strong>Utilizare recomandat\u0103<\/strong><\/td><td>Utilizarea recomandat\u0103 este de 2-4 capsule de LAMININE zilnic, cu m\u00e2ncare \u0219i\/sau ap\u0103. Dac\u0103 este prima dat\u0103 c\u00e2nd lua\u021bi LAMININE, v\u0103 recomand\u0103m 2 capsule de dou\u0103 ori pe zi timp de o lun\u0103 pentru cele mai bune rezultate. Dup\u0103 prima lun\u0103, pute\u021bi reduce suplimentarea zilnic\u0103 la 1-4 capsule pe zi, \u00een func\u021bie de cum v\u0103 sim\u021bi\u021bi.<\/td><\/tr><tr><td><strong>Timpul recomandat pentru administrare<\/strong><\/td><td>Recomand\u0103m administrarea LAMININE diminea\u021ba \u0219i seara, cu m\u00e2ncare \u0219i un pahar de ap\u0103. Dac\u0103 observa\u021bi c\u0103 LAMININE v\u0103 face somnoros \u00een timpul zilei, recomand\u0103m s\u0103 lua\u021bi LAMININE doar seara. Dac\u0103 observa\u021bi c\u0103 LAMININE v\u0103 face dificil s\u0103 adormi\u021bi noaptea, recomand\u0103m s\u0103 lua\u021bi LAMININE doar diminea\u021ba.<\/td><\/tr><tr><td><strong>Pentru cele mai bune rezultate<\/strong><\/td><td>Recomand\u0103m administrarea a 4 capsule pe zi timp de 90 de zile. Dup\u0103 aceea, mul\u021bi clien\u021bi reduc la doar 2 capsule pe zi pentru a men\u021bine beneficiile.<\/td><\/tr><tr><td><strong>Ingrediente<\/strong><\/td><td><strong>Lista complet\u0103 a ingredientelor:<\/strong><br \/>Extract de Ou Avian Fertilizat, Protein\u0103 de Pe\u0219te, Protein\u0103 de Maz\u0103re.<p><strong>Alte Ingrediente:<\/strong><br \/>Capsul\u0103 Vegetal\u0103, Stearat de Magneziu Vegetal, Spirulin\u0103.<\/p><\/td><\/tr><tr><td><strong>Avertisment Alergeni<\/strong><\/td><td>Nu lua\u021bi LAMININE dac\u0103 sunte\u021bi alergic la pe\u0219te sau ou\u0103.<\/td><\/tr><tr><td><strong>Pie\u021be Disponibile<\/strong><\/td><td>LAMININE este disponibil \u00een Australia, Canada, Uniunea European\u0103, Jamaica, Kazahstan, Noua Zeeland\u0103, Filipine, Rusia, Serbia, Elve\u021bia, Regatul Unit \u0219i Statele Unite.<\/td><\/tr><tr><td><strong>Calitate &amp; Certific\u0103ri<\/strong><\/td><td><ul><li>Fabricat \u00een SUA<\/li><li>Studii clinice efectuate<\/li><li>Non-OMG &amp; F\u0103r\u0103 gluten<\/li><li>Fabricat \u00eentr-o unitate cGMP (Practici Curente de Bun\u0103 Produc\u021bie)<\/li><li>Testat pentru siguran\u021b\u0103 de c\u0103tre Funda\u021bia Na\u021bional\u0103 pentru \u0218tiin\u021b\u0103 (NSF)<\/li><li>Certificat de Proiectul Etichet\u0103 Curat\u0103<\/li><li>Certificat Halal<\/li><li>Certificat de Siguran\u021ba Alimentar\u0103 de c\u0103tre HACCP<\/li><li>Publicat \u00een Referin\u021ba Medicilor (PDR)<\/li><li>Membru al Societ\u0103\u021bii Americane pentru \u00cemb\u0103tr\u00e2nire<\/li><li>Testul de Laborator Anti-Doping <a href=\"https:\/\/lifepharm.com\/media\/pdf\/docs\/LifePharm-Anti-DopingLab-Test1.pdf\" target=\"_blank\" rel=\"noopener noreferrer\">a fost trecut cu succes<\/a> la Universitatea de Sport din K\u00f6ln, Germania<\/li><\/ul><\/td><\/tr><tr><td><strong>Prezentat \u00een<\/strong><\/td><td><ul><li>Inova\u021bii \u00een Medicin\u0103 <em>(cunoscut anterior ca Jurnalul American de S\u0103n\u0103tate)<\/em><\/li><li>Referin\u021ba Medicilor (PDR)<\/li><li>Positive Health Online<\/li><li>Jamaica Observer<\/li><li>DailyMail<\/li><li>Philstar Global<\/li><\/ul><\/td><\/tr><tr><td><strong>Studii<\/strong><\/td><td><ul><li><p><a href=\"http:\/\/lifepharm.com\/media\/pdf\/laminine\/ENG-LaminineBloodSugar-Study.pdf\" target=\"_blank\" rel=\"noopener noreferrer\">Efectele LAMININE asupra Nivelurilor Normale de Zah\u0103r din S\u00e2nge<\/a><\/p><\/li><li><p><a href=\"https:\/\/www.lifepharm.com\/Media\/Studies\/Laminine%20CRP%20Andujar,_%20LAMININE.pdf\" target=\"_blank\" rel=\"noopener noreferrer\">LAMININE Reduce CRP, un Marker de Inflama\u021bie la Subiec\u021bii cu Dureri \u0219i Rigiditate Articular\u0103<\/a><\/p><\/li><li><p><a href=\"https:\/\/www.lifepharm.com\/Media\/Studies\/18th%20European%20Diabetes%20Congress_%20Laminine.pdf\" target=\"_blank\" rel=\"noopener noreferrer\">LAMININE Sprijin\u0103 Men\u021binerea Zah\u0103rului din S\u00e2nge la Subiec\u021bii cu Niveluri Ridicate-Normale<\/a><\/p><\/li><li><p><a href=\"https:\/\/www.lifepharm.com\/media\/Studies\/PDR%202018%20final-2.pdf\" target=\"_blank\" rel=\"noopener noreferrer\">Conexiunea LAMININE \u0219i Telomere, Extras din Referin\u021ba pentru Medici, 2018<\/a><\/p><\/li><li><p><a href=\"https:\/\/www.omicsonline.org\/conference-proceedings\/dermatology-2017-scientifictracks-abstracts.digital\/files\/assets\/basic-html\/page-2.html\" target=\"_blank\" rel=\"noopener noreferrer\">Ou\u0103le LifePharm Cresc Proliferarea Celulelor Pielii \u0219i Produc\u021bia de Colagen, Elastin\u0103 \u0219i Fibronectin\u0103<\/a><\/p><\/li><li><p><a href=\"https:\/\/cdn.shopify.com\/s\/files\/1\/1909\/0145\/files\/Hy-Laminine_Preventive_Medicine_Journal.pdf?v=1736002645&amp;\" target=\"_blank\" rel=\"noopener noreferrer\">Suplimentarea cu LAMININE a Ajutat Subiec\u021bii s\u0103 Men\u021bin\u0103 Glucoza din S\u00e2nge la Nivel Normal, M\u0103surat\u0103 prin HA1-C<\/a><\/p><\/li><li><p><a href=\"http:\/\/lifepharm.com\/media\/pdf\/laminine\/ENG-LaminineCortisol-Study.pdf\" target=\"_blank\" rel=\"noopener noreferrer\">LAMININE \u0219i Men\u021binerea Nivelurilor Normale de Cortizol \u00een Corp, Referin\u021ba pentru Medici, 2015<\/a><\/p><\/li><\/ul><\/td><\/tr><tr><td><strong>Ce s\u0103 A\u0219tep\u021bi C\u00e2nd Iei LAMININE<\/strong><\/td><td><p><strong>Beneficii pe Termen Scurt (Luna 1)<\/strong><br \/>\u00cencepe cu &#8220;Faza de \u00cenc\u0103rcare&#8221; de 4 capsule zilnic. Aceast\u0103 perioad\u0103 este crucial\u0103 pentru construirea locurilor de activare celular\u0103 ale corpului. Unii indivizi pot \u00eencepe s\u0103 simt\u0103 niveluri crescute de energie \u00een aceste s\u0103pt\u0103m\u00e2ni ini\u021biale.<\/p><p><strong>Beneficii pe Termen Mediu (Luna 2)<\/strong><br \/>Utilizatorii \u00eencep, \u00een general, s\u0103 experimenteze energie sustenabil\u0103 pe parcursul zilei. Poate exista, de asemenea, o sc\u0103dere vizibil\u0103 a inflama\u021biei \u0219i o \u00eembun\u0103t\u0103\u021bire a calit\u0103\u021bii somnului. \u00cen func\u021bie de r\u0103spunsurile individuale, aportul zilnic de LAMININE poate fi ajustat la 1-3 capsule.<\/p><p><strong>Beneficii pe Termen Lung (Luna 3 \u0219i Mai Departe)<\/strong><br \/>LAMININE a avut suficient timp pentru a contribui la repararea \u0219i alungirea telomerilor. Utilizatorii raporteaz\u0103 adesea o stare general\u0103 de bine \u00eembun\u0103t\u0103\u021bit\u0103, o s\u0103n\u0103tate fizic\u0103 mai bun\u0103, o claritate mental\u0103 mai accentuat\u0103 \u0219i func\u021bii organice mai s\u0103n\u0103toase. De obicei, \u00een aceast\u0103 etap\u0103, gama complet\u0103 de beneficii devine mai pronun\u021bat\u0103.<\/p><\/td><\/tr><\/tbody><\/table><p><em><span class=\"wysiwyg-font-size-small\">*Aceste afirma\u021bii nu au fost evaluate de Administra\u021bia pentru Alimente \u0219i Medicamente. Acest produs nu este destinat s\u0103 diagnosticheze, trateze, vindece sau s\u0103 previn\u0103 vreo boal\u0103.<\/span><\/em><\/p>\t\t\t\t\t\t\t\t<\/div>\n\t\t\t\t<\/div>\n\t\t\t\t\t<\/div>\n\t\t\t\t<\/div>\n\t\t\t\t<\/div>","protected":false},"excerpt":{"rendered":"<p>\u00ceNCEPE CU O FUNDA\u021aIE PUTERNIC\u0102 Optimizeaz\u0103-\u021bi s\u0103n\u0103tatea cu LAMININE, un supliment unic de regenerare a celulelor stem. Av\u00e2nd un amestec propriu de factori de cre\u0219tere bioactivi din ou, proteine marine \u0219i proteine vegetale, LAMININE sus\u021bine proliferarea, diferen\u021bierea \u0219i supravie\u021buirea celular\u0103 \u00een toate sistemele de organe. Formula noastr\u0103 exclusiv\u0103 include FGF-2, o protein\u0103 critic\u0103 g\u0103sit\u0103 doar [&hellip;]<\/p>\n","protected":false},"author":1,"featured_media":0,"parent":0,"menu_order":0,"comment_status":"closed","ping_status":"closed","template":"","meta":{"footnotes":""},"class_list":["post-7676","page","type-page","status-publish","hentry"],"jetpack_sharing_enabled":true,"_links":{"self":[{"href":"https:\/\/globalpharm.ro\/ro\/wp-json\/wp\/v2\/pages\/7676","targetHints":{"allow":["GET"]}}],"collection":[{"href":"https:\/\/globalpharm.ro\/ro\/wp-json\/wp\/v2\/pages"}],"about":[{"href":"https:\/\/globalpharm.ro\/ro\/wp-json\/wp\/v2\/types\/page"}],"author":[{"embeddable":true,"href":"https:\/\/globalpharm.ro\/ro\/wp-json\/wp\/v2\/users\/1"}],"replies":[{"embeddable":true,"href":"https:\/\/globalpharm.ro\/ro\/wp-json\/wp\/v2\/comments?post=7676"}],"version-history":[{"count":28,"href":"https:\/\/globalpharm.ro\/ro\/wp-json\/wp\/v2\/pages\/7676\/revisions"}],"predecessor-version":[{"id":7729,"href":"https:\/\/globalpharm.ro\/ro\/wp-json\/wp\/v2\/pages\/7676\/revisions\/7729"}],"wp:attachment":[{"href":"https:\/\/globalpharm.ro\/ro\/wp-json\/wp\/v2\/media?parent=7676"}],"curies":[{"name":"wp","href":"https:\/\/api.w.org\/{rel}","templated":true}]}}