{"id":7691,"date":"2025-04-19T19:01:57","date_gmt":"2025-04-19T17:01:57","guid":{"rendered":"https:\/\/globalpharm.ro\/?page_id=7691"},"modified":"2025-04-19T19:43:01","modified_gmt":"2025-04-19T17:43:01","slug":"detalii-digestive","status":"publish","type":"page","link":"https:\/\/globalpharm.ro\/ro\/detalii-digestive\/","title":{"rendered":"Detalii produs Digestive+++ LifePharm"},"content":{"rendered":"<div data-elementor-type=\"wp-page\" data-elementor-id=\"7691\" class=\"elementor elementor-7691\" data-elementor-post-type=\"page\">\n\t\t\t\t<div class=\"elementor-element elementor-element-0528443 e-flex e-con-boxed e-con e-parent\" data-id=\"0528443\" data-element_type=\"container\" data-e-type=\"container\">\n\t\t\t\t\t<div class=\"e-con-inner\">\n\t\t\t\t<div class=\"elementor-element elementor-element-d735cf1 elementor-widget elementor-widget-text-editor\" data-id=\"d735cf1\" data-element_type=\"widget\" data-e-type=\"widget\" data-widget_type=\"text-editor.default\">\n\t\t\t\t<div class=\"elementor-widget-container\">\n\t\t\t\t\t\t\t\t\t<section class=\"article-info\"><div class=\"article-content\"><div class=\"article-body\"><h4 id=\"h_01JMDCZ8MR28FK93MN26HJPFCG\"><span class=\"wysiwyg-color-orange\"><strong>\u00ceNCEPE CU O SENZA\u021aIE INTESTINAL\u0102<\/strong><\/span><\/h4><p>\u00cembun\u0103t\u0103\u021be\u0219te-\u021bi s\u0103n\u0103tatea digestiv\u0103 cu DIGESTIVE+++, un amestec propriu de probiotice, prebiotice \u0219i enzime digestive conceput pentru o performan\u021b\u0103 optim\u0103 a intestinului. Formula noastr\u0103 include Bacillus Coagulans, un probiotic rezistent care supravie\u021buie\u0219te acizilor stomacali pentru a \u00eembun\u0103t\u0103\u021bi s\u0103n\u0103tatea colonului \u0219i a men\u021bine integritatea mucoasei intestinale.<\/p><p>DIGESTIVE+++ include un amestec puternic de prebiotice, cum ar fi fructooligozaharide cu lan\u021b scurt, anghinare de Ierusalim, frunze de p\u0103p\u0103die \u0219i r\u0103d\u0103cin\u0103 de yacon pentru a hr\u0103ni bacteriile benefice din intestin. Aceast\u0103 combina\u021bie stimuleaz\u0103 flora intestinal\u0103, \u00eembun\u0103t\u0103\u021bind s\u0103n\u0103tatea tractului digestiv \u0219i a colonului.<\/p><p>Amestecul nostru cuprinz\u0103tor de enzime ajut\u0103 la descompunerea proteinelor, carbohidra\u021bilor, lactozei \u0219i gr\u0103similor, asigur\u00e2nd absorb\u021bia maxim\u0103 a nutrien\u021bilor \u0219i reduc\u00e2nd balonarea pentru o func\u021bie digestiv\u0103 mai bun\u0103. Optimizeaz\u0103-\u021bi s\u0103n\u0103tatea intestinal\u0103 \u0219i digestia cu utilizarea zilnic\u0103 a DIGESTIVE+++.<\/p><h4 id=\"h_01JMDCZP6GGFRDKWPMMRQQH12X\"><span class=\"wysiwyg-color-orange\">BENEFICII CHEIE<\/span><\/h4><ul><li>Promoveaz\u0103 un echilibru s\u0103n\u0103tos al microflorei \u0219i pH-ului pentru o mai bun\u0103 absorb\u021bie a nutrien\u021bilor, un sistem imunitar mai puternic, mai pu\u021bine infec\u021bii respiratorii \u0219i o stare de spirit \u00eembun\u0103t\u0103\u021bit\u0103*<\/li><li>\u00cembun\u0103t\u0103\u021be\u0219te regularitatea pentru reducerea toxinelor din s\u00e2nge, sus\u021bine mai pu\u021bin\u0103 indigestie, balonare, crampe, constipa\u021bie \u0219i diaree*<\/li><li>Ajut\u0103 la digestia gr\u0103similor, \u00eembun\u0103t\u0103\u021be\u0219te metabolismul \u0219i sus\u021bine eliminarea de\u0219eurilor acumulate*<\/li><li>Sus\u021bine gestionarea greut\u0103\u021bii \u0219i ajut\u0103 la reducerea acumul\u0103rii de gr\u0103simi*<\/li><li>Con\u021bine o gam\u0103 complet\u0103 de enzime digestive pentru a descompune nutrien\u021bii pentru o digestie \u0219i asimilare complet\u0103*<\/li><\/ul><h4 id=\"h_01JMDD02EVV01QPDBCEM5V0RP8\"><span class=\"wysiwyg-color-orange\">INGREDIENTE PRINCIPALE<\/span><\/h4><ul><li><strong>Probiotic &#8211;<\/strong> Bacillus Coagulans este o tulpin\u0103 formatoare de spori care ajut\u0103 la maximizarea viabilit\u0103\u021bii sale pentru o durat\u0103 lung\u0103 de via\u021b\u0103 pe raft \u0219i la popularea eficient\u0103 a intestinului pentru beneficii maxime.<\/li><li><strong>Prebiotic &#8211;<\/strong> Fructooligozaharide cu lan\u021b scurt, anghinare de Ierusalim, frunze de p\u0103p\u0103die \u0219i r\u0103d\u0103cin\u0103 de yacon ofer\u0103 cele mai bune fibre naturale pentru sus\u021binerea microbilor buni \u0219i a produselor lor secundare, acum demonstrate c\u0103 sus\u021bin s\u0103n\u0103tatea colonului.<\/li><li><strong>Amestec de enzime &#8211;<\/strong> Ajut\u0103 la descompunerea proteinelor, carbohidra\u021bilor, gr\u0103similor \u0219i lactozei (zah\u0103rul din lapte) pentru o absorb\u021bie \u0219i utilizare optim\u0103 a nutrien\u021bilor.<\/li><li><strong>PLUS &#8211;<\/strong> Semin\u021be de in cu ALA (Acid Alfa Linolenic) important, fibre \u0219i lignani (precursor asem\u0103n\u0103tor hormonilor).<\/li><\/ul><h4 id=\"h_01JMDFARPVYNWKN2F5CVMK04F1\"><span class=\"wysiwyg-color-orange\">PRODUSUL PE SCURT<\/span><\/h4><table border=\"1\"><tbody><tr><td><strong>Vizualiza\u021bi DIGESTIVE+++ \u00een magazin<\/strong><\/td><td><p>Rom\u00e2nia: <a href=\"https:\/\/globalpharm.ro\/product\/digestive120\/\" target=\"_blank\" rel=\"noopener noreferrer\">ifepharm.com\/products\/digestive<\/a><\/p><\/td><\/tr><tr><td><strong>Op\u021biuni de m\u0103rime<\/strong><\/td><td>DIGESTIVE+++ este disponibil \u00een variante de 30 \u0219i 120 de capsule.<\/td><\/tr><tr><td><strong>Utilizare sugerat\u0103<\/strong><\/td><td>Utilizarea sugerat\u0103 pentru DIGESTIVE+++ este de 1 p\u00e2n\u0103 la 2 capsule zilnic.<\/td><\/tr><tr><td><strong>Momentul optim pentru administrare<\/strong><\/td><td>DIGESTIVE+++ se administreaz\u0103 cel mai bine de una p\u00e2n\u0103 la dou\u0103 ori pe zi, cu aproximativ 15 minute \u00eenainte de mas\u0103.<\/td><\/tr><tr><td><strong>Ingrediente<\/strong><\/td><td><p>Lista complet\u0103 a ingredientelor:<br \/>Bacillus Coagulans (15 miliarde CFU), Fructooligozaharide cu lan\u021b scurt, Anghinare de Ierusalim (Helianthus tuberosus, floare) (90% inulin\u0103), P\u0103p\u0103die (Taraxacum officinale, frunz\u0103), Yacon (Smallanthus sonchifolius, r\u0103d\u0103cin\u0103), Amilaz\u0103 (1750 DU), Proteaz\u0103 (10.500 HUT), Proteaz\u0103 (2.000 PC), Alfa-galactozidaz\u0103 (75 GalU), Glucoamilaz\u0103 (4.5 AGU), Lactaz\u0103 (500 ALU), Proteaz\u0103 (25 SAPU), Invertaz\u0103 (200 SU), Lipaz\u0103 (250 FIP), Maltaz\u0103 acid\u0103 (7 MaltU), Peptidaz\u0103 (IAP), Semin\u021be de in (Linum Usitatissimum).<\/p><p>Alte ingrediente: <br \/>Capsul\u0103 de celuloz\u0103, F\u0103in\u0103 de orez, Silic\u0103, Stearat de magneziu vegetal.<\/p><\/td><\/tr><tr><td><strong>Avertisment Alergeni<\/strong><\/td><td>Con\u021bine gluten, gr\u00e2u \u0219i soia<\/td><\/tr><tr><td><strong>Pie\u021be Disponibile<\/strong><\/td><td>DIGESTIVE+++ este disponibil \u00een Australia, Canada, Uniunea European\u0103, Jamaica, Kazahstan, Noua Zeeland\u0103, Filipine, Rusia, Serbia, Elve\u021bia, Regatul Unit \u0219i Statele Unite.<\/td><\/tr><tr><td><strong>Calitate &amp; Certific\u0103ri<\/strong><\/td><td><ul><li>Fabricat \u00een SUA<\/li><li>Studii Clinice<\/li><li>Non-OMG &amp; F\u0103r\u0103 Gluten<\/li><li>Fabricat \u00eentr-o unitate cGMP (Practici Curente de Bun\u0103 Produc\u021bie)<\/li><li>Testat pentru Siguran\u021b\u0103 de c\u0103tre Funda\u021bia Na\u021bional\u0103 pentru \u0218tiin\u021b\u0103 (NSF)<\/li><li>Certificat de Proiectul Etichet\u0103 Curat\u0103<\/li><li>Certificat de Siguran\u021ba Alimentar\u0103 de c\u0103tre HACCP<\/li><li>Publicat \u00een Referin\u021ba Medicilor (PDR)<\/li><\/ul><\/td><\/tr><tr><td><strong>Prezentat \u00een<\/strong><\/td><td><ul><li><p>Inova\u021bii \u00een Medicin\u0103 (cunoscut anterior ca Jurnalul American de S\u0103n\u0103tate)<\/p><\/li><li><p>Referin\u021ba Medicilor (PDR)<\/p><\/li><li><p>Colegiul American de Nutri\u021bie<\/p><\/li><\/ul><\/td><\/tr><tr><td><strong>Studii<\/strong><\/td><td><ul><li><a href=\"https:\/\/www.lifepharm.com\/media\/studies\/2019-01-30-Digestive-WhitePaper-PL-V1.pdf\" target=\"_blank\" rel=\"noopener noreferrer\">Produc\u021bie \u00cembun\u0103t\u0103\u021bit\u0103 de Acizi Gra\u0219i cu Lan\u021b Scurt cu LAMININE \u0219i DIGESTIVE+++ Care Indic\u0103 o S\u0103n\u0103tate a Colonului \u00cembun\u0103t\u0103\u021bit\u0103<\/a><\/li><\/ul><\/td><\/tr><tr><td><strong>La ce s\u0103 te a\u0219tep\u021bi c\u00e2nd iei DIGESTIVE+++<br \/><\/strong><\/td><td><p><strong>Beneficii pe termen scurt (Luna 1)<\/strong><br \/>DIGESTIVE+++ poate oferi confort digestiv prin descompunerea eficient\u0103 a gr\u0103similor, proteinelor \u0219i carbohidra\u021bilor, reduc\u00e2nd simptomele de indigestie precum balonarea \u0219i gazele \u00een c\u00e2teva zile p\u00e2n\u0103 la s\u0103pt\u0103m\u00e2ni. De asemenea, ar putea \u00eembun\u0103t\u0103\u021bi echilibrul florei intestinale prin favorizarea cre\u0219terii bacteriilor benefice, \u00eembun\u0103t\u0103\u021bind s\u0103n\u0103tatea digestiv\u0103 general\u0103 \u00een primele s\u0103pt\u0103m\u00e2ni.<\/p><p><strong>Beneficii pe termen mediu (Luna 2)<\/strong><br \/>\u00cen acest moment, DIGESTIVE+++ poate avea un impact semnificativ asupra regularit\u0103\u021bii intestinale \u0219i s\u0103n\u0103t\u0103\u021bii generale a intestinului prin \u00eembun\u0103t\u0103\u021birea cre\u0219terii bacteriilor intestinale benefice \u0219i \u00eembun\u0103t\u0103\u021birea consisten\u021bei fecalelor. Un mediu intestinal mai s\u0103n\u0103tos poate duce la o mai bun\u0103 absorb\u021bie a nutrien\u021bilor din alimente, pe m\u0103sur\u0103 ce tractul gastrointestinal devine mai eficient \u00een procesarea nutrien\u021bilor.<\/p><p><strong>Beneficii pe termen lung (Luna 3 \u0219i mai departe)<\/strong><br \/>Men\u021binerea unui microbiom intestinal echilibrat cu DIGESTIVE+++ este esen\u021bial\u0103 pentru sus\u021binerea sistemului imunitar \u0219i poate \u00eembun\u0103t\u0103\u021bi vizibil r\u0103spunsul imunitar pe parcursul mai multor luni. Utilizarea constant\u0103 poate duce, de asemenea, la o s\u0103n\u0103tate pe termen lung a sistemului digestiv, reduc\u00e2nd riscul de tulbur\u0103ri \u0219i gestion\u00e2nd mai bine inflama\u021bia, \u00eembun\u0103t\u0103\u021bind poten\u021bial s\u0103n\u0103tatea pielii \u0219i mental\u0103 \u0219i reduc\u00e2nd inciden\u021ba bolilor cronice legate de dezechilibrul digestiv.<\/p><\/td><\/tr><\/tbody><\/table><p><em><span class=\"wysiwyg-font-size-small\">*Aceste afirma\u021bii nu au fost evaluate de Administra\u021bia pentru Alimente \u0219i Medicamente. Acest produs nu este destinat s\u0103 diagnosticheze, trateze, vindece sau s\u0103 previn\u0103 vreo boal\u0103.<\/span><\/em><\/p><\/div><\/div><\/section><footer class=\"\"><\/footer>\t\t\t\t\t\t\t\t<\/div>\n\t\t\t\t<\/div>\n\t\t\t\t\t<\/div>\n\t\t\t\t<\/div>\n\t\t\t\t<\/div>","protected":false},"excerpt":{"rendered":"<p>\u00ceNCEPE CU O SENZA\u021aIE INTESTINAL\u0102 \u00cembun\u0103t\u0103\u021be\u0219te-\u021bi s\u0103n\u0103tatea digestiv\u0103 cu DIGESTIVE+++, un amestec propriu de probiotice, prebiotice \u0219i enzime digestive conceput pentru o performan\u021b\u0103 optim\u0103 a intestinului. Formula noastr\u0103 include Bacillus Coagulans, un probiotic rezistent care supravie\u021buie\u0219te acizilor stomacali pentru a \u00eembun\u0103t\u0103\u021bi s\u0103n\u0103tatea colonului \u0219i a men\u021bine integritatea mucoasei intestinale. DIGESTIVE+++ include un amestec puternic de [&hellip;]<\/p>\n","protected":false},"author":1,"featured_media":0,"parent":0,"menu_order":0,"comment_status":"closed","ping_status":"closed","template":"","meta":{"footnotes":""},"class_list":["post-7691","page","type-page","status-publish","hentry"],"jetpack_sharing_enabled":true,"_links":{"self":[{"href":"https:\/\/globalpharm.ro\/ro\/wp-json\/wp\/v2\/pages\/7691","targetHints":{"allow":["GET"]}}],"collection":[{"href":"https:\/\/globalpharm.ro\/ro\/wp-json\/wp\/v2\/pages"}],"about":[{"href":"https:\/\/globalpharm.ro\/ro\/wp-json\/wp\/v2\/types\/page"}],"author":[{"embeddable":true,"href":"https:\/\/globalpharm.ro\/ro\/wp-json\/wp\/v2\/users\/1"}],"replies":[{"embeddable":true,"href":"https:\/\/globalpharm.ro\/ro\/wp-json\/wp\/v2\/comments?post=7691"}],"version-history":[{"count":13,"href":"https:\/\/globalpharm.ro\/ro\/wp-json\/wp\/v2\/pages\/7691\/revisions"}],"predecessor-version":[{"id":7742,"href":"https:\/\/globalpharm.ro\/ro\/wp-json\/wp\/v2\/pages\/7691\/revisions\/7742"}],"wp:attachment":[{"href":"https:\/\/globalpharm.ro\/ro\/wp-json\/wp\/v2\/media?parent=7691"}],"curies":[{"name":"wp","href":"https:\/\/api.w.org\/{rel}","templated":true}]}}