{"id":7694,"date":"2025-04-19T19:02:56","date_gmt":"2025-04-19T17:02:56","guid":{"rendered":"https:\/\/globalpharm.ro\/?page_id=7694"},"modified":"2025-04-19T19:50:39","modified_gmt":"2025-04-19T17:50:39","slug":"detalii-immune","status":"publish","type":"page","link":"https:\/\/globalpharm.ro\/ro\/detalii-immune\/","title":{"rendered":"Detalii produs Immune+++ LifePharm"},"content":{"rendered":"<div data-elementor-type=\"wp-page\" data-elementor-id=\"7694\" class=\"elementor elementor-7694\" data-elementor-post-type=\"page\">\n\t\t\t\t<div class=\"elementor-element elementor-element-0528443 e-flex e-con-boxed e-con e-parent\" data-id=\"0528443\" data-element_type=\"container\" data-e-type=\"container\">\n\t\t\t\t\t<div class=\"e-con-inner\">\n\t\t\t\t<div class=\"elementor-element elementor-element-d735cf1 elementor-widget elementor-widget-text-editor\" data-id=\"d735cf1\" data-element_type=\"widget\" data-e-type=\"widget\" data-widget_type=\"text-editor.default\">\n\t\t\t\t<div class=\"elementor-widget-container\">\n\t\t\t\t\t\t\t\t\t<section class=\"article-info\"><div class=\"article-content\"><div class=\"article-body\"><h4 id=\"h_01JMDG7318WCNW8ZQPNCCDK85F\"><span class=\"wysiwyg-color-orange\"><strong>TOTUL DESPRE AUTOAP\u0102RARE<\/strong><\/span><\/h4><p>\u00cembun\u0103t\u0103\u021be\u0219te-\u021bi sistemul imunitar cu IMMUNE+++, o formul\u0103 unic\u0103 cu triplu scut, care include amestecul nostru exclusiv Life-C de vitamina C. \u00cembog\u0103\u021bit cu amestecul Opti-Shield de ciuperci Reishi \u0219i Maitake, IMMUNE+++ este conceput pentru a ap\u0103ra \u00eempotriva viru\u0219ilor \u0219i bacteriilor. Formula noastr\u0103 include, de asemenea, un amestec de plante \u0219i botanice bogat \u00een antioxidan\u021bi din fructe de p\u0103dure \u0219i rodie, dovedit c\u0103 \u00eembun\u0103t\u0103\u021be\u0219te produc\u021bia de globule albe \u0219i celule T &#8211; componente cheie \u00een ap\u0103rarea organismului t\u0103u \u00eempotriva agen\u021bilor patogeni.<\/p><p>Studiile arat\u0103 c\u0103 atunci c\u00e2nd este combinat cu LAMININE, IMMUNE+++ \u00eembun\u0103t\u0103\u021be\u0219te semnificativ r\u0103spunsul imunitar prin cre\u0219terea produc\u021biei de celule esen\u021biale pentru combaterea invadatorilor str\u0103ini \u0219i eliminarea celulelor d\u0103un\u0103toare. \u00cent\u0103re\u0219te-\u021bi ap\u0103rarea natural\u0103 a sistemului imunitar cu utilizarea zilnic\u0103 a IMMUNE+++.<\/p><h4 id=\"h_01JMDG7AK1Q40S0A1ZGESA4MVK\"><span class=\"wysiwyg-color-orange\">BENEFICII CHEIE<\/span><\/h4><ul><li>Dovedit clinic c\u0103 va cre\u0219te toate globulele albe, inclusiv celulele B \u0219i T*<\/li><li>Promoveaz\u0103 un r\u0103spuns imunitar mai rapid prin stimularea dezvolt\u0103rii \u0219i activit\u0103\u021bii celulelor imunitare*<\/li><li>\u00cencurajeaz\u0103 prima linie de ap\u0103rare a organismului prin promovarea r\u0103spunsului celulelor uciga\u0219e naturale (NK)*<\/li><li>Ofer\u0103 protec\u021bie imunitar\u0103 non-stop, 24 de ore, care dureaz\u0103 mai mult dec\u00e2t vitamina C obi\u0219nuit\u0103*<\/li><li>Men\u021bine integritatea pielii, \u021besuturilor faciale \u0219i \u021besuturilor conjunctive prin legarea \u00eencruci\u0219at\u0103 a fibrelor de colagen*<\/li><li>Sus\u021bine vindecarea mai rapid\u0103 a r\u0103nilor*<\/li><\/ul><h4 id=\"h_01JMDG7TKMT7XZJX1BHP1Z5WVQ\"><span class=\"wysiwyg-color-orange\">INGREDIENTE PRINCIPALE<\/span><\/h4><ul><li><strong>Amestec Life-C &#8211;<\/strong> Cea mai pur\u0103 form\u0103 de vitamina C cu bioflavonoide citrice \u0219i metaboli\u021bi lipidici ad\u0103uga\u021bi pentru a spori eficacitatea, biodisponibilitatea \u0219i reten\u021bia mai lung\u0103 \u00een organism.<\/li><li><strong>Amestec de Plante \u0219i Botanice &#8211;<\/strong> Con\u021bine extracte concentrate din Camu Camu, Acerola, Ashwagandha, C\u0103tin\u0103, Rodie ca surse naturale de vitamina C cu antioxidan\u021bi puternici.<\/li><li><strong>Amestec Opti-Shield &#8211;<\/strong> Complex de polizaharide cu ciuperci Reishi, Maitake \u0219i Turkey Tail, dovedit \u00een studii c\u0103 sus\u021bine sistemul imunitar.<\/li><\/ul><h4 id=\"h_01JMDG8MY0BEMTWNXA1G3KVKFJ\"><span class=\"wysiwyg-color-orange\">PRODUSUL PE SCURT<\/span><\/h4><table border=\"1\"><tbody><tr><td><strong>Vizualiza\u021bi IMMUNE+++ \u00een magazin<\/strong><\/td><td><p>Rom\u00e2nia: <a href=\"https:\/\/globalpharm.ro\/product\/immune120\/\" target=\"_blank\" rel=\"noopener noreferrer\">https:\/\/europe.lifepharm.com\/products\/immune<\/a><\/p><\/td><\/tr><tr><td><strong>Op\u021biuni de m\u0103rime<\/strong><\/td><td>IMMUNE+++ este disponibil \u00een variante de 30 \u0219i 120 de comprimate.<\/td><\/tr><tr><td><strong>Utilizare sugerat\u0103<\/strong><\/td><td>Utilizarea sugerat\u0103 pentru IMMUNE+++ este de 1 p\u00e2n\u0103 la 2 comprimate zilnic.<\/td><\/tr><tr><td><strong>Momentul sugerat pentru administrare<\/strong><\/td><td>IMMUNE+++ se administreaz\u0103 cel mai bine de 1 p\u00e2n\u0103 la 2 ori pe zi \u00een timpul mesei.<\/td><\/tr><tr><td><strong>Ingrediente<\/strong><\/td><td><p>Lista complet\u0103 a ingredientelor:<br \/>Vitamina C (ca Acid Ascorbic), Bioflavonoide din citrice (din Citrus aurantium, fruct \u0219i Metaboli\u021bi lipidici), Ciuperc\u0103 Maitake (Grifola frondosa), Extract de ciuperc\u0103 Reishi (Ganoderma lucidum, corp fructifer) Polizaharid\u0103, Ciuperc\u0103 Turkey Tail (Trametes versicolor), Extract de Acerola (Malpighia glabra, fruct), Ashwagandha (Withania somnifera, r\u0103d\u0103cin\u0103), Camu Camu (Myrciaria dubia, fruct), Rodie (Punica granatum, fruct), C\u0103tin\u0103 (Hippophae rhamnoides, fruct).<\/p><p>Alte ingrediente: <br \/>Celuloz\u0103 microcristalin\u0103, Acid stearic, Carbonat de calciu, Stearat de magneziu vegetarian, Silic\u0103 \u0219i \u00cenveli\u0219 (Hipromeloz\u0103, Polietilen glicol\/Macrogol, Copolimer de acrila\u021bi, Polisorbat 80, Sulfat de lauril sodic, Monostearat de glicerol, Citrat de triethyl, Propilen glicol, Alcool polivinilic).<\/p><\/td><\/tr><tr><td><strong>Avertizare Alergeni<\/strong><\/td><td>Acest produs nu con\u021bine alergeni comuni. Dac\u0103 ave\u021bi preocup\u0103ri specifice, consulta\u021bi furnizorul dumneavoastr\u0103 de servicii medicale.<\/td><\/tr><tr><td><strong>Pie\u021be Disponibile<\/strong><\/td><td>IMMUNE+++ este disponibil \u00een Australia, Canada, Uniunea European\u0103, Jamaica, Kazahstan, Noua Zeeland\u0103, Filipine, Rusia, Serbia, Elve\u021bia, Regatul Unit \u0219i Statele Unite.<\/td><\/tr><tr><td><strong>Calitate &amp; Certific\u0103ri<\/strong><\/td><td><ul><li>Fabricat \u00een SUA<\/li><li>Studii Clinice<\/li><li>Vegan<\/li><li>Non-OMG &amp; F\u0103r\u0103 Gluten<\/li><li>Fabricat \u00eentr-o unitate cGMP (Practici Curente de Bun\u0103 Produc\u021bie)<\/li><li>Testat pentru Siguran\u021b\u0103 de c\u0103tre Funda\u021bia Na\u021bional\u0103 pentru \u0218tiin\u021b\u0103 (NSF)<\/li><li>Certificat de Proiectul Eticheta Curat\u0103<\/li><li>Certificat de Siguran\u021ba Alimentar\u0103 de c\u0103tre HACCP<\/li><li>Publicat \u00een Referin\u021ba Medicilor (PDR)<\/li><\/ul><\/td><\/tr><tr><td><strong>Prezentat \u00een<\/strong><\/td><td><ul><li>Inova\u021bii \u00een Medicin\u0103 <em>(cunoscut anterior ca Jurnalul American de S\u0103n\u0103tate)<\/em><\/li><li>Referin\u021ba Medicilor (PDR)<\/li><li>Colegiul American de Nutri\u021bie<\/li><\/ul><\/td><\/tr><tr><td><strong>Studii<\/strong><\/td><td><ul><li><a href=\"http:\/\/www.lifepharm.com\/media\/pdf\/ScienceArticles\/I-ACN-Study.pdf\" target=\"_blank\" rel=\"noopener noreferrer\">IMMUNE+++ a crescut semnificativ num\u0103rul mai multor tipuri de celule albe din s\u00e2nge<\/a><\/li><\/ul><\/td><\/tr><tr><td><strong>La ce s\u0103 te a\u0219tep\u021bi c\u00e2nd iei IMMUNE+++<br \/><\/strong><\/td><td><p><strong>Beneficii pe termen scurt (Luna 1)<\/strong><br \/>IMMUNE+++ ofer\u0103 protec\u021bie sporit\u0103 \u00eempotriva stresului oxidativ, care poate deveni evident\u0103 \u00een c\u00e2teva zile p\u00e2n\u0103 la s\u0103pt\u0103m\u00e2ni. \u00cen plus, poate \u00eencepe s\u0103 \u00eembun\u0103t\u0103\u021beasc\u0103 func\u021bia cognitiv\u0103 \u0219i starea de spirit \u00een prima lun\u0103.<\/p><p><strong>Beneficii pe termen mediu (Luna 2)<\/strong><br \/>IMMUNE+++ poate \u00eembun\u0103t\u0103\u021bi r\u0103spunsul la stres \u0219i stabiliza nivelurile de energie treptat \u00een timp. De asemenea, ar putea oferi beneficii mai semnificative de modulare a sistemului imunitar dup\u0103 c\u00e2teva luni de utilizare constant\u0103.<\/p><p><strong>Beneficii pe termen lung (Luna 3 \u0219i mai departe)<\/strong><br \/>Utilizarea regulat\u0103 pe termen lung a IMMUNE+++ sus\u021bine s\u0103n\u0103tatea imunitar\u0103 pe termen lung, cresc\u00e2nd poten\u021bial rezisten\u021ba la boli comune \u0219i poate \u00eembun\u0103t\u0103\u021bi bun\u0103starea fizic\u0103 \u0219i mental\u0103 general\u0103. \u00cen plus, propriet\u0103\u021bile antioxidante de lung\u0103 durat\u0103 ale IMMUNE+++ ar putea ajuta la conservarea s\u0103n\u0103t\u0103\u021bii celulare \u0219i la reducerea riscului de boli cronice.<\/p><\/td><\/tr><\/tbody><\/table><p><em><span class=\"wysiwyg-font-size-small\">*Aceste afirma\u021bii nu au fost evaluate de Administra\u021bia pentru Alimente \u0219i Medicamente. Acest produs nu este destinat s\u0103 diagnosticheze, s\u0103 trateze, s\u0103 vindece sau s\u0103 previn\u0103 vreo boal\u0103.<\/span><\/em><\/p><\/div><\/div><\/section><footer class=\"\"><\/footer>\t\t\t\t\t\t\t\t<\/div>\n\t\t\t\t<\/div>\n\t\t\t\t\t<\/div>\n\t\t\t\t<\/div>\n\t\t\t\t<\/div>","protected":false},"excerpt":{"rendered":"<p>TOTUL DESPRE AUTOAP\u0102RARE \u00cembun\u0103t\u0103\u021be\u0219te-\u021bi sistemul imunitar cu IMMUNE+++, o formul\u0103 unic\u0103 cu triplu scut, care include amestecul nostru exclusiv Life-C de vitamina C. \u00cembog\u0103\u021bit cu amestecul Opti-Shield de ciuperci Reishi \u0219i Maitake, IMMUNE+++ este conceput pentru a ap\u0103ra \u00eempotriva viru\u0219ilor \u0219i bacteriilor. Formula noastr\u0103 include, de asemenea, un amestec de plante \u0219i botanice bogat \u00een [&hellip;]<\/p>\n","protected":false},"author":1,"featured_media":0,"parent":0,"menu_order":0,"comment_status":"closed","ping_status":"closed","template":"","meta":{"footnotes":""},"class_list":["post-7694","page","type-page","status-publish","hentry"],"jetpack_sharing_enabled":true,"_links":{"self":[{"href":"https:\/\/globalpharm.ro\/ro\/wp-json\/wp\/v2\/pages\/7694","targetHints":{"allow":["GET"]}}],"collection":[{"href":"https:\/\/globalpharm.ro\/ro\/wp-json\/wp\/v2\/pages"}],"about":[{"href":"https:\/\/globalpharm.ro\/ro\/wp-json\/wp\/v2\/types\/page"}],"author":[{"embeddable":true,"href":"https:\/\/globalpharm.ro\/ro\/wp-json\/wp\/v2\/users\/1"}],"replies":[{"embeddable":true,"href":"https:\/\/globalpharm.ro\/ro\/wp-json\/wp\/v2\/comments?post=7694"}],"version-history":[{"count":13,"href":"https:\/\/globalpharm.ro\/ro\/wp-json\/wp\/v2\/pages\/7694\/revisions"}],"predecessor-version":[{"id":7755,"href":"https:\/\/globalpharm.ro\/ro\/wp-json\/wp\/v2\/pages\/7694\/revisions\/7755"}],"wp:attachment":[{"href":"https:\/\/globalpharm.ro\/ro\/wp-json\/wp\/v2\/media?parent=7694"}],"curies":[{"name":"wp","href":"https:\/\/api.w.org\/{rel}","templated":true}]}}