{"id":7697,"date":"2025-04-19T19:04:07","date_gmt":"2025-04-19T17:04:07","guid":{"rendered":"https:\/\/globalpharm.ro\/?page_id=7697"},"modified":"2025-04-19T20:05:05","modified_gmt":"2025-04-19T18:05:05","slug":"detalii-extrim","status":"publish","type":"page","link":"https:\/\/globalpharm.ro\/ro\/detalii-extrim\/","title":{"rendered":"Detalii produs Extrim Shape LifePharm"},"content":{"rendered":"<div data-elementor-type=\"wp-page\" data-elementor-id=\"7697\" class=\"elementor elementor-7697\" data-elementor-post-type=\"page\">\n\t\t\t\t<div class=\"elementor-element elementor-element-0528443 e-flex e-con-boxed e-con e-parent\" data-id=\"0528443\" data-element_type=\"container\" data-e-type=\"container\">\n\t\t\t\t\t<div class=\"e-con-inner\">\n\t\t\t\t<div class=\"elementor-element elementor-element-d735cf1 elementor-widget elementor-widget-text-editor\" data-id=\"d735cf1\" data-element_type=\"widget\" data-e-type=\"widget\" data-widget_type=\"text-editor.default\">\n\t\t\t\t<div class=\"elementor-widget-container\">\n\t\t\t\t\t\t\t\t\t<section class=\"article-info\"><div class=\"article-content\"><div class=\"article-body\"><h4 id=\"h_01JMDHW384M557VC32042KEPXV\"><span class=\"wysiwyg-color-orange\"><strong>SUPLIMENT PENTRU REGLEMENTAREA ZAH\u0102RULUI DIN S\u00c2NGE<\/strong><\/span><\/h4><p>\u00cembun\u0103t\u0103\u021be\u0219te-\u021bi eforturile de gestionare a greut\u0103\u021bii cu Extrim Shape, conceput pentru a aborda problema adesea ignorat\u0103 a nivelurilor ridicate de zah\u0103r din s\u00e2nge care duc la depozitarea gr\u0103similor, \u00een special dup\u0103 v\u00e2rsta de 30 de ani. Formula noastr\u0103 proprietar\u0103 con\u021bine un amestec validat clinic de factori de cre\u0219tere naturali \u0219i nutrien\u021bi care sus\u021bin niveluri s\u0103n\u0103toase de zah\u0103r din s\u00e2nge, reduc poftele \u0219i ajut\u0103 la controlul greut\u0103\u021bii.<\/p><p>Zah\u0103rul ridicat din s\u00e2nge determin\u0103 corpul t\u0103u s\u0103 depoziteze acel tip de gr\u0103sime visceral\u0103 periculoas\u0103 legat\u0103 de probleme cronice de s\u0103n\u0103tate. Acest lucru este exacerbat pe m\u0103sur\u0103 ce \u00eemb\u0103tr\u00e2nim, cercet\u0103torii de la Harvard descoperind c\u0103 celulele beta produc\u0103toare de insulin\u0103 scad p\u00e2n\u0103 la v\u00e2rsta de 30 de ani, f\u0103c\u00e2nd mai dificil\u0103 gestionarea zah\u0103rului din s\u00e2nge \u0219i a greut\u0103\u021bii. Extrim Shape ajut\u0103 la refacerea acestor func\u021bii cruciale, asist\u00e2nd la men\u021binerea unui corp mai s\u0103n\u0103tos \u0219i mai suplu.<\/p><h4 id=\"h_01JMDHWN3BD07006873NXZA75Y\"><span class=\"wysiwyg-color-orange\">BENEFICII CHEIE<\/span><\/h4><ul><li>Lupt\u0103 \u00eempotriva cre\u0219terilor de zah\u0103r din s\u00e2nge care fac corpul t\u0103u s\u0103 depoziteze gr\u0103simi.*<\/li><li>Pune cap\u0103t oboselii, ce\u021bii mentale \u0219i poftelor care vin din sc\u0103derile bru\u0219te ale zah\u0103rului din s\u00e2nge dup\u0103 cre\u0219teri.*<\/li><li>Promoveaz\u0103 celulele beta produc\u0103toare de insulin\u0103 pentru a men\u021bine niveluri s\u0103n\u0103toase de zah\u0103r din s\u00e2nge.*<\/li><\/ul><h4 id=\"h_01JMDHWXZPZW116MB9MYMPTBNN\"><span class=\"wysiwyg-color-orange\">INGREDIENTE PRINCIPALE<\/span><\/h4><ul><li><strong>Block Blend &#8211;<\/strong> 3 nutrien\u021bi care lucreaz\u0103 \u00eempreun\u0103 pentru a &#8220;anula&#8221; carbohidra\u021bii, a reduce poftele pentru alimente dulci \u0219i a men\u021bine niveluri s\u0103n\u0103toase de zah\u0103r din s\u00e2nge.<\/li><li><strong>Factori de Cre\u0219tere Bioactivi din Ou &#8211;<\/strong> Cercet\u0103rile confirm\u0103 c\u0103 ace\u0219ti factori de cre\u0219tere proprietari sus\u021bin niveluri s\u0103n\u0103toase de zah\u0103r din s\u00e2nge. Ajut\u0103 la refacerea celulelor beta produc\u0103toare de insulin\u0103 ale corpului t\u0103u.<\/li><li><strong>Burn Blend &#8211;<\/strong> Combin\u0103 3 extracte de plante care s-au dovedit a ajuta la reducerea nivelurilor de zah\u0103r din s\u00e2nge, a suprima apetitul \u0219i a stimula metabolismul.<\/li><li><strong>Boost Blend &#8211;<\/strong> Un amestec de extracte de plante care te pot face s\u0103 te sim\u021bi s\u0103tul, s\u0103 r\u0103m\u00e2i regulat \u0219i s\u0103 elimini toxinele care \u00ee\u021bi consum\u0103 energia.<\/li><\/ul><h4 id=\"h_01JMDHY2XPVAZFE9KXDCEMASP0\"><span class=\"wysiwyg-color-orange\">PRODUSUL PE SCURT<\/span><\/h4><table border=\"1\"><tbody><tr><td><strong>Vizualiza\u021bi EXTRIM SHAPE \u00een magazin<\/strong><\/td><td><p>Rom\u00e2nia: <a href=\"https:\/\/globalpharm.ro\/product\/extrim\/\" target=\"_blank\" rel=\"noopener noreferrer\">https:\/\/globalpharm.ro\/product\/extrim\/<\/a><\/p><\/td><\/tr><tr><td><strong>Op\u021biune de m\u0103rime<\/strong><\/td><td>EXTRIM SHAPE este disponibil \u00een pachete de 60 de comprimate.<\/td><\/tr><tr><td><strong>Utilizare sugerat\u0103<\/strong><\/td><td>Ca supliment alimentar, lua\u021bi 1 comprimat EXTRIM SHAPE \u00eenainte de mas\u0103 de dou\u0103 ori pe zi.<\/td><\/tr><tr><td><strong>Momentul recomandat pentru administrare<\/strong><\/td><td>Recomand\u0103m administrarea EXTRIM SHAPE cu alimente zilnic, diminea\u021ba \u0219i\/sau seara.<\/td><\/tr><tr><td><strong>Ingrediente<\/strong><\/td><td><p><strong>Lista complet\u0103 a ingredientelor:<\/strong><br \/>Calciu (sub form\u0103 de Carbonat de Calciu), Extract de Fasole Alb\u0103 8:1 (Phaseolus vulgaris), Extract de Gymnema Sylvestre (frunze), Chitosan (din crustacee), Cascara Sagrada (Rhamnus purshiana)(scoar\u021b\u0103), Gum\u0103 de Acacia, Yerba Mate (Ilex paraguariensis)(frunze), Garcinia Cambogia (fruct), Extract de Ceai Verde (frunz\u0103), Extract de Ou\u0103 Fertilizate de Pas\u0103re.<\/p><p><strong>Alte ingrediente:<\/strong><br \/>Celuloz\u0103 Microcristalin\u0103, Croscarmeloz\u0103 Sodic\u0103, Acid Stearic de Origine Vegetal\u0103, Stearat de Magneziu de Origine Vegetal\u0103, Silica, Carboximetilceluloz\u0103 Sodic\u0103, \u00cenveli\u0219 (Dextrin\u0103, Dextroz\u0103, Lecitin\u0103 (Soia), Citrat de Sodiu).<\/p><\/td><\/tr><tr><td><strong>Avertisment privind alergenii<\/strong><\/td><td>Nu lua\u021bi EXTRIM SHAPE dac\u0103 sunte\u021bi alergic la ou\u0103, soia \u0219i crustacee.<\/td><\/tr><tr><td><strong>Pie\u021be disponibile<\/strong><\/td><td>EXTRIM SHAPE este disponibil \u00een Australia, Canada, Uniunea European\u0103, Jamaica, Kazahstan, Noua Zeeland\u0103, Filipine, Rusia, Serbia, Elve\u021bia, Regatul Unit \u0219i Statele Unite.<\/td><\/tr><tr><td><strong>Calitate &amp; Certific\u0103ri<\/strong><\/td><td><ul><li>Fabricat \u00een SUA<\/li><li>Studii Clinice<\/li><li>Non-OMG &amp; F\u0103r\u0103 Gluten<\/li><li>Prietenoas\u0103 cu dieta Keto<\/li><li>Fabricat \u00eentr-o unitate cGMP (Practici Curente de Bun\u0103 Fabrica\u021bie)<\/li><li>Testat pentru Siguran\u021b\u0103 de c\u0103tre Funda\u021bia Na\u021bional\u0103 pentru \u0218tiin\u021b\u0103 (NSF)<\/li><li>Certificat de Proiectul Etichet\u0103 Curat\u0103<\/li><li>Certificat de Siguran\u021b\u0103 Alimentar\u0103 de HACCP<\/li><\/ul><\/td><\/tr><tr><td><strong>Prezentat \u00een<\/strong><\/td><td>Inova\u021bii \u00een Medicin\u0103 <em>(cunoscut anterior ca Jurnalul American de S\u0103n\u0103tate) <\/em><\/td><\/tr><tr><td><strong>La ce s\u0103 te a\u0219tep\u021bi c\u00e2nd iei Extrim Shape<\/strong><\/td><td><p><strong>Beneficii pe termen scurt (Luna 1)<\/strong><br \/>Extrim Shape con\u021bine un laxativ natural care poate stimula mi\u0219c\u0103rile intestinale \u00een c\u00e2teva zile p\u00e2n\u0103 la o s\u0103pt\u0103m\u00e2n\u0103. \u00cen plus, ingredientele din formul\u0103 ar putea modifica percep\u021biile gustative legate de dulcea\u021b\u0103, reduc\u00e2nd poten\u021bial poftele de zah\u0103r \u00een c\u00e2teva s\u0103pt\u0103m\u00e2ni.<\/p><p><strong>Beneficii pe termen mediu (Luna 2)<\/strong><br \/>Extrim Shape poate ajuta la gestionarea greut\u0103\u021bii prin impactul asupra digestiei amidonului \u00eentr-o lun\u0103. De asemenea, ar putea \u00eembun\u0103t\u0103\u021bi treptat metabolismul \u0219i capacit\u0103\u021bile de ardere a gr\u0103similor cu utilizare constant\u0103 pe parcursul mai multor luni.<\/p><p><strong>Beneficii pe termen lung (Luna 3 \u0219i mai departe)<\/strong><br \/>Consumul regulat de Extrim Shape sus\u021bine reglarea zah\u0103rului din s\u00e2nge. Mai mult, poate ajuta la gestionarea continu\u0103 a greut\u0103\u021bii, \u00een special atunci c\u00e2nd este asociat cu o diet\u0103 echilibrat\u0103 \u0219i exerci\u021bii fizice regulate.<\/p><\/td><\/tr><\/tbody><\/table><p><span class=\"wysiwyg-font-size-small\"><em>*Aceste afirma\u021bii nu au fost evaluate de Administra\u021bia pentru Alimente \u0219i Medicamente. Acest produs nu este destinat s\u0103 diagnosticheze, trateze, vindece sau s\u0103 previn\u0103 vreo boal\u0103.<\/em><\/span><\/p><\/div><\/div><\/section><footer class=\"\"><\/footer>\t\t\t\t\t\t\t\t<\/div>\n\t\t\t\t<\/div>\n\t\t\t\t\t<\/div>\n\t\t\t\t<\/div>\n\t\t\t\t<\/div>","protected":false},"excerpt":{"rendered":"<p>SUPLIMENT PENTRU REGLEMENTAREA ZAH\u0102RULUI DIN S\u00c2NGE \u00cembun\u0103t\u0103\u021be\u0219te-\u021bi eforturile de gestionare a greut\u0103\u021bii cu Extrim Shape, conceput pentru a aborda problema adesea ignorat\u0103 a nivelurilor ridicate de zah\u0103r din s\u00e2nge care duc la depozitarea gr\u0103similor, \u00een special dup\u0103 v\u00e2rsta de 30 de ani. Formula noastr\u0103 proprietar\u0103 con\u021bine un amestec validat clinic de factori de cre\u0219tere naturali [&hellip;]<\/p>\n","protected":false},"author":1,"featured_media":0,"parent":0,"menu_order":0,"comment_status":"closed","ping_status":"closed","template":"","meta":{"footnotes":""},"class_list":["post-7697","page","type-page","status-publish","hentry"],"jetpack_sharing_enabled":true,"_links":{"self":[{"href":"https:\/\/globalpharm.ro\/ro\/wp-json\/wp\/v2\/pages\/7697","targetHints":{"allow":["GET"]}}],"collection":[{"href":"https:\/\/globalpharm.ro\/ro\/wp-json\/wp\/v2\/pages"}],"about":[{"href":"https:\/\/globalpharm.ro\/ro\/wp-json\/wp\/v2\/types\/page"}],"author":[{"embeddable":true,"href":"https:\/\/globalpharm.ro\/ro\/wp-json\/wp\/v2\/users\/1"}],"replies":[{"embeddable":true,"href":"https:\/\/globalpharm.ro\/ro\/wp-json\/wp\/v2\/comments?post=7697"}],"version-history":[{"count":13,"href":"https:\/\/globalpharm.ro\/ro\/wp-json\/wp\/v2\/pages\/7697\/revisions"}],"predecessor-version":[{"id":7776,"href":"https:\/\/globalpharm.ro\/ro\/wp-json\/wp\/v2\/pages\/7697\/revisions\/7776"}],"wp:attachment":[{"href":"https:\/\/globalpharm.ro\/ro\/wp-json\/wp\/v2\/media?parent=7697"}],"curies":[{"name":"wp","href":"https:\/\/api.w.org\/{rel}","templated":true}]}}