{"id":7756,"date":"2025-04-19T19:52:32","date_gmt":"2025-04-19T17:52:32","guid":{"rendered":"https:\/\/globalpharm.ro\/?page_id=7756"},"modified":"2025-04-19T20:14:51","modified_gmt":"2025-04-19T18:14:51","slug":"detalii-omega","status":"publish","type":"page","link":"https:\/\/globalpharm.ro\/ro\/detalii-omega\/","title":{"rendered":"Detalii produs Omega+++ LifePharm"},"content":{"rendered":"<div data-elementor-type=\"wp-page\" data-elementor-id=\"7756\" class=\"elementor elementor-7756\" data-elementor-post-type=\"page\">\n\t\t\t\t<div class=\"elementor-element elementor-element-0528443 e-flex e-con-boxed e-con e-parent\" data-id=\"0528443\" data-element_type=\"container\" data-e-type=\"container\">\n\t\t\t\t\t<div class=\"e-con-inner\">\n\t\t\t\t<div class=\"elementor-element elementor-element-d735cf1 elementor-widget elementor-widget-text-editor\" data-id=\"d735cf1\" data-element_type=\"widget\" data-e-type=\"widget\" data-widget_type=\"text-editor.default\">\n\t\t\t\t<div class=\"elementor-widget-container\">\n\t\t\t\t\t\t\t\t\t<section class=\"article-info\"><div class=\"article-content\"><div class=\"article-body\"><section class=\"article-info\"><div class=\"article-content\"><div class=\"article-body\"><h2 id=\"h_01JMDBVE7G8652GBVJ0TQXWNWJ\"><span class=\"wysiwyg-color-orange\"><strong>TOATE SE \u00ceNTORC LA CIRCULA\u021aIE<\/strong><\/span><\/h2><p>\u00cembun\u0103t\u0103\u021bi\u021bi s\u0103n\u0103tatea circulatorie cu OMEGA+++, o formul\u0103 multi-ac\u021biune proprietar\u0103 \u00eembog\u0103\u021bit\u0103 cu nutrien\u021bi esen\u021biali. Amestecul nostru unic combin\u0103 acizii gra\u0219i Omega 3 (EPA \u0219i DHA) \u0219i 9, Vitamina K2, CoQ10 cu eliberare prelungit\u0103, factori de cre\u0219tere bioactivi din ou \u0219i ulei de limba mielului pentru a optimiza fluxul sanguin \u0219i a \u00eembun\u0103t\u0103\u021bi starea de bine a sistemului circulator.<\/p><p>OMEGA+++ este special conceput pentru a sus\u021bine s\u0103n\u0103tatea inimii, a \u00eembun\u0103t\u0103\u021bi circula\u021bia s\u00e2ngelui \u0219i a men\u021bine vasele de s\u00e2nge s\u0103n\u0103toase. Experimenta\u021bi o s\u0103n\u0103tate circulatorie general\u0103 \u00eembun\u0103t\u0103\u021bit\u0103 cu utilizarea zilnic\u0103 a OMEGA+++, solu\u021bia dumneavoastr\u0103 complet\u0103 pentru un sistem cardiovascular mai puternic.<\/p><h4 id=\"h_01JMDBVYJ6K8FNGTDGBY5ZN3XG\"><span class=\"wysiwyg-color-orange\">BENEFICII CHEIE<\/span><\/h4><ul><li>Amestecul nostru de formul\u0103 avansat\u0103 este de trei ori mai eficient dec\u00e2t uleiul de krill \u0219i uleiul de pe\u0219te \u00een sus\u021binerea sistemului circulator*<\/li><li>Mi\u015fc\u0103 rapid s\u00e2ngele, care este cea mai mare for\u021b\u0103 de vindecare a corpului pentru s\u0103n\u0103tatea general\u0103 \u0219i inversarea \u00eemb\u0103tr\u00e2nirii*<\/li><li>Sus\u021bine s\u0103n\u0103tatea cardiovascular\u0103, neurologic\u0103 \u0219i a articula\u021biilor*<\/li><li>Sus\u021bine memoria \u0219i func\u021biile cognitive*<\/li><li>Men\u021bine cantit\u0103\u021bile necesare de omega-3 necesare pentru a sus\u021bine articula\u021biile \u0219i oasele s\u0103n\u0103toase*<\/li><li>Ajut\u0103 la protejarea, reconstruirea \u0219i restaurarea structurii \u0219i func\u021biilor celulelor creierului, protej\u00e2nd \u00een acela\u0219i timp creierul de stresul oxidativ*<\/li><\/ul><h4 id=\"h_01JMDBWB30ZDVR29BFY3JDCN8X\"><span class=\"wysiwyg-color-orange\">INGREDIENTE PRINCIPALE<\/span><\/h4><ul><li><strong>Omega-3 &#8211;<\/strong> Provine dintr-o specie exclusiv\u0103 de pe\u0219te g\u0103sit\u0103 \u00een America de Sud \u0219i plante din zona Mediteranean\u0103.<\/li><li><strong>Vitamina K2 &#8211;<\/strong> Natto, o surs\u0103 excelent\u0103 de Vitamina K adesea deficitar\u0103 \u00een dietele occidentale, critic\u0103 pentru integritatea vaselor de s\u00e2nge.<\/li><li><strong>CoQ10 cu eliberare prelungit\u0103 &#8211;<\/strong> Un antioxidant puternic care oglinde\u0219te ceea ce este produs \u00een mod natural \u00een inim\u0103 \u0219i ficat.<\/li><li><strong>Factori de cre\u0219tere bioactivi din ou &#8211;<\/strong> Stimuleaz\u0103 celulele stem \u0219i ajut\u0103 celelalte ingrediente s\u0103 fie mai eficiente.<\/li><\/ul><h4 id=\"h_01JMDCEYST13A8PRBY1DF2XMV6\"><span class=\"wysiwyg-color-orange\">PRODUSUL PE SCURT<\/span><\/h4><table border=\"1\"><tbody><tr><td><strong>Vizualiza\u021bi OMEGA+++ \u00een magazin<\/strong><\/td><td><p>Rom\u00e2nia: <a href=\"https:\/\/globalpharm.ro\/product\/omega120\/\" target=\"_blank\" rel=\"noopener noreferrer\">https:\/\/globalpharm.ro\/product\/omega120\/<\/a><\/p><\/td><\/tr><tr><td><strong>Op\u021biuni de m\u0103rime<\/strong><\/td><td>OMEGA+++ este disponibil \u00een variante de 30 \u0219i 120 de capsule.<\/td><\/tr><tr><td><strong>Utilizare recomandat\u0103<\/strong><\/td><td>Recomand\u0103m administrarea a 1 capsul\u0103 moale de una p\u00e2n\u0103 la dou\u0103 ori pe zi, cu o mas\u0103. Pentru a ob\u021bine niveluri mai ridicate \u00een s\u00e2nge, se pot lua 4-5 capsule moi zilnic, conform recomand\u0103rilor unor exper\u021bi \u00een s\u0103n\u0103tate.<\/td><\/tr><tr><td><strong>Momentul recomandat pentru administrare<\/strong><\/td><td>OMEGA+++ poate fi administrat \u00een orice moment al zilei, cu alimente \u0219i ap\u0103, diminea\u021ba \u0219i\/sau seara.<\/td><\/tr><tr><td><strong>Ingrediente<\/strong><\/td><td><p>Lista complet\u0103 a ingredientelor: <br \/>Vitamina K2, Ulei de pe\u0219te, Ulei de Borago, Extract de ou aviar fertilizat \u0219i CoQ10, EPA (Acid Eicosapentaenoic), DHA (Acid Docosahexaenoic), Omega 9.<\/p><p>Alte ingrediente: <br \/>Gelatin\u0103, Glicerin\u0103, Cear\u0103 de albine, Ap\u0103 purificat\u0103, Colorant caramel, Lecitin\u0103 de soia, Fosfatidilcolin\u0103.<\/p><\/td><\/tr><tr><td><strong>Avertisment Alergeni<\/strong><\/td><td>Nu lua\u021bi OMEGA+++ dac\u0103 sunte\u021bi alergic la ou\u0103, pe\u0219te (sardine, an\u0219oa, macrou) \u0219i soia.<\/td><\/tr><tr><td><strong>Pie\u021be Disponibile<\/strong><\/td><td>OMEGA+++ este disponibil \u00een Australia, Canada, Uniunea European\u0103, Jamaica, Kazahstan, Noua Zeeland\u0103, Filipine, Rusia, Serbia, Elve\u021bia, Regatul Unit \u0219i Statele Unite<\/td><\/tr><tr><td><strong>Calitate &amp; Certific\u0103ri<\/strong><\/td><td><ul><li>Fabricat \u00een SUA<\/li><li>Studii Clinice<\/li><li>Non-OMG &amp; F\u0103r\u0103 Gluten<\/li><li>Fabricat \u00eentr-o unitate cGMP (Practici Curente de Bun\u0103 Produc\u021bie)<\/li><li>Testat pentru Siguran\u021b\u0103 de c\u0103tre Funda\u021bia Na\u021bional\u0103 pentru \u0218tiin\u021b\u0103 (NSF)<\/li><li>Certificat de Proiectul Eticheta Curat\u0103<\/li><li>Certificat de Siguran\u021ba Alimentar\u0103 de HACCP<\/li><li>Publicat \u00een Referin\u021ba Medicilor (PDR)<\/li><li>Prieten al M\u0103rii<\/li><li>Membru m\u00e2ndru al GOED Omega-3<\/li><\/ul><\/td><\/tr><tr><td><strong>Prezentat \u00een<\/strong><\/td><td><ul><li>Inova\u021bii \u00een Medicin\u0103 <em>(cunoscut anterior ca Jurnalul American de S\u0103n\u0103tate)<\/em><\/li><li>Referin\u021ba Medicilor (PDR)<\/li><\/ul><\/td><\/tr><tr><td><strong>Studii<\/strong><\/td><td><ul><li><a href=\"https:\/\/cdn.shopify.com\/s\/files\/1\/1909\/0145\/files\/ENG-OmegaCholesterol-Whitepaper.pdf\" target=\"_blank\" rel=\"noopener noreferrer\">Efectele LAMININE OMEGA+++ \u0219i LAMININE asupra men\u021binerii colesterolului \u0219i trigliceridelor s\u0103n\u0103toase, Physician&#8217;s Desk Reference, 2015<\/a><\/li><li><a href=\"https:\/\/lifepharm.com\/media\/pdf\/ScienceArticles\/LO-FertilityStudy-WhitePaper.pdf\" target=\"_blank\" rel=\"noopener noreferrer\">Subiec\u021bii de sex masculin cu activitate sc\u0103zut\u0103 a spermei \u0219i infertilitate au ar\u0103tat rezultate \u00eembun\u0103t\u0103\u021bite ale spermogramei \u0219i o rat\u0103 de sarcin\u0103 crescut\u0103 cu 20%.<\/a><\/li><\/ul><\/td><\/tr><tr><td><strong>La ce s\u0103 te a\u0219tep\u021bi c\u00e2nd iei OMEGA+++<\/strong><\/td><td><p><strong>Beneficii pe termen scurt (Luna 1)<\/strong><br \/>EPA \u0219i DHA din OMEGA+++ pot influen\u021ba s\u0103n\u0103tatea creierului, oferind poten\u021bial \u00eembun\u0103t\u0103\u021biri ale dispozi\u021biei \u0219i func\u021biei cognitive \u00een c\u00e2teva s\u0103pt\u0103m\u00e2ni. Propriet\u0103\u021bile antiinflamatorii ale EPA, DHA \u0219i posibil ale uleiului de limba mielului pot \u00eencepe s\u0103 reduc\u0103 inflama\u021bia \u00een c\u00e2teva s\u0103pt\u0103m\u00e2ni.<\/p><p><strong>Beneficii pe termen mediu (Luna 2)<\/strong><br \/>Consumul regulat de OMEGA+++ poate contribui la o func\u021bionare mai s\u0103n\u0103toas\u0103 a inimii, reduc\u00e2nd poten\u021bial factorii de risc ai bolilor de inim\u0103, cum ar fi nivelurile de trigliceride, \u00een acest interval de timp. De asemenea, poate \u00eembun\u0103t\u0103\u021bi s\u0103n\u0103tatea pielii \u0219i condi\u021bii precum eczema dup\u0103 c\u00e2teva luni de utilizare constant\u0103.<\/p><p><strong>Beneficii pe termen lung (3 luni \u0219i mai mult)<\/strong><br \/>OMEGA+++ poate \u00eembun\u0103t\u0103\u021bi densitatea \u0219i s\u0103n\u0103tatea oaselor pe parcursul mai multor luni p\u00e2n\u0103 la un an, ajut\u00e2nd la integrarea calciului \u00een oase. \u00cen plus, consumul pe termen lung de OMEGA+++ poate duce la o calcificare arterial\u0103 mai redus\u0103 \u0219i o s\u0103n\u0103tate cardiovascular\u0103 mai bun\u0103, cu beneficii care devin evidente dup\u0103 c\u00e2teva luni p\u00e2n\u0103 la ani, \u0219i s\u0103n\u0103tate cognitiv\u0103 pe termen lung.<\/p><\/td><\/tr><\/tbody><\/table><p><em><span class=\"wysiwyg-font-size-small\">*Aceste afirma\u021bii nu au fost evaluate de Administra\u021bia pentru Alimente \u0219i Medicamente. Acest produs nu este destinat s\u0103 diagnosticheze, s\u0103 trateze, s\u0103 vindece sau s\u0103 previn\u0103 vreo boal\u0103.<\/span><\/em><\/p><\/div><\/div><\/section><footer class=\"\"><\/footer><\/div><\/div><\/section><footer class=\"\"><\/footer>\t\t\t\t\t\t\t\t<\/div>\n\t\t\t\t<\/div>\n\t\t\t\t\t<\/div>\n\t\t\t\t<\/div>\n\t\t\t\t<\/div>","protected":false},"excerpt":{"rendered":"<p>TOATE SE \u00ceNTORC LA CIRCULA\u021aIE \u00cembun\u0103t\u0103\u021bi\u021bi s\u0103n\u0103tatea circulatorie cu OMEGA+++, o formul\u0103 multi-ac\u021biune proprietar\u0103 \u00eembog\u0103\u021bit\u0103 cu nutrien\u021bi esen\u021biali. Amestecul nostru unic combin\u0103 acizii gra\u0219i Omega 3 (EPA \u0219i DHA) \u0219i 9, Vitamina K2, CoQ10 cu eliberare prelungit\u0103, factori de cre\u0219tere bioactivi din ou \u0219i ulei de limba mielului pentru a optimiza fluxul sanguin \u0219i a [&hellip;]<\/p>\n","protected":false},"author":1,"featured_media":0,"parent":0,"menu_order":0,"comment_status":"closed","ping_status":"closed","template":"","meta":{"footnotes":""},"class_list":["post-7756","page","type-page","status-publish","hentry"],"jetpack_sharing_enabled":true,"_links":{"self":[{"href":"https:\/\/globalpharm.ro\/ro\/wp-json\/wp\/v2\/pages\/7756","targetHints":{"allow":["GET"]}}],"collection":[{"href":"https:\/\/globalpharm.ro\/ro\/wp-json\/wp\/v2\/pages"}],"about":[{"href":"https:\/\/globalpharm.ro\/ro\/wp-json\/wp\/v2\/types\/page"}],"author":[{"embeddable":true,"href":"https:\/\/globalpharm.ro\/ro\/wp-json\/wp\/v2\/users\/1"}],"replies":[{"embeddable":true,"href":"https:\/\/globalpharm.ro\/ro\/wp-json\/wp\/v2\/comments?post=7756"}],"version-history":[{"count":7,"href":"https:\/\/globalpharm.ro\/ro\/wp-json\/wp\/v2\/pages\/7756\/revisions"}],"predecessor-version":[{"id":7788,"href":"https:\/\/globalpharm.ro\/ro\/wp-json\/wp\/v2\/pages\/7756\/revisions\/7788"}],"wp:attachment":[{"href":"https:\/\/globalpharm.ro\/ro\/wp-json\/wp\/v2\/media?parent=7756"}],"curies":[{"name":"wp","href":"https:\/\/api.w.org\/{rel}","templated":true}]}}