{"id":7759,"date":"2025-04-19T19:53:21","date_gmt":"2025-04-19T17:53:21","guid":{"rendered":"https:\/\/globalpharm.ro\/?page_id=7759"},"modified":"2025-04-19T20:17:09","modified_gmt":"2025-04-19T18:17:09","slug":"detalii-omnia","status":"publish","type":"page","link":"https:\/\/globalpharm.ro\/ro\/detalii-omnia\/","title":{"rendered":"Detalii produs Omnia LifePharm"},"content":{"rendered":"<div data-elementor-type=\"wp-page\" data-elementor-id=\"7759\" class=\"elementor elementor-7759\" data-elementor-post-type=\"page\">\n\t\t\t\t<div class=\"elementor-element elementor-element-0528443 e-flex e-con-boxed e-con e-parent\" data-id=\"0528443\" data-element_type=\"container\" data-e-type=\"container\">\n\t\t\t\t\t<div class=\"e-con-inner\">\n\t\t\t\t<div class=\"elementor-element elementor-element-d735cf1 elementor-widget elementor-widget-text-editor\" data-id=\"d735cf1\" data-element_type=\"widget\" data-e-type=\"widget\" data-widget_type=\"text-editor.default\">\n\t\t\t\t<div class=\"elementor-widget-container\">\n\t\t\t\t\t\t\t\t\t<section class=\"article-info\"><div class=\"article-content\"><div class=\"article-body\"><section class=\"article-info\"><div class=\"article-content\"><div class=\"article-body\"><h4 id=\"h_01JMDGVB2X5CB7M4CBW6C3X219\"><span class=\"wysiwyg-color-orange\"><strong>S\u0102N\u0102TATEA PIELII \u00ceNTR-O CAPSUL\u0102<\/strong><\/span><\/h4><p>Revitalizeaz\u0103-\u021bi pielea, p\u0103rul \u0219i unghiile cu OMNIA, capsula all-in-one plin\u0103 de vitamine esen\u021biale, minerale \u0219i nutrien\u021bi speciali pentru un aspect s\u0103n\u0103tos. Aceast\u0103 formul\u0103 puternic\u0103 include trei ingrediente cheie: factori de cre\u0219tere bioactivi din ou pentru regenerarea pielii, Spirulina pentru beneficiile sale de superaliment \u0219i Flori de Trifoi Ro\u0219u pentru suport pe baz\u0103 de plante.<\/p><p>OMNIA include, de asemenea, trei complexe sinergice pentru a \u00eembun\u0103t\u0103\u021bi s\u0103n\u0103tatea pielii: Complexul de Rejuvenare \u00eembun\u0103t\u0103\u021be\u0219te structura \u0219i func\u021bia pielii, Super Complexul de Vitamina B promoveaz\u0103 vitalitatea pielii, iar Amestecul de Antioxidan\u021bi \u0219i Plante protejeaz\u0103 \u00eempotriva daunelor de mediu. Experimenteaz\u0103 beneficii cuprinz\u0103toare cu OMNIA, conceput pentru a \u00eent\u0103ri \u0219i \u00eembun\u0103t\u0103\u021bi aspectul t\u0103u cu utilizare continu\u0103.<\/p><h4 id=\"h_01JMDGVP2QV4J7TK18YKYM8WN7\"><span class=\"wysiwyg-color-orange\">BENEFICII CHEIE<\/span><\/h4><ul><li>Reduce semnele de \u00eemb\u0103tr\u00e2nire a pielii prin combaterea radicalilor liberi \u0219i construie\u0219te bariere pentru a proteja \u00eempotriva insultelor de mediu*<\/li><li>Sus\u021bine proliferarea s\u0103n\u0103toas\u0103 a celulelor pielii pentru reducerea ridurilor \u0219i \u00eembun\u0103t\u0103\u021birea elasticit\u0103\u021bii pielii*<\/li><li>\u00cembun\u0103t\u0103\u021be\u0219te umiditatea \u0219i elasticitatea pielii pentru un aspect tineresc \u0219i str\u0103lucitor*<\/li><li>Ap\u0103r\u0103 \u0219i repar\u0103 pielea de daunele foto \u0219i expunerea la UVB pentru a ajuta la prevenirea ridurilor \u0219i a daunelor solare*<\/li><li>Con\u021bine vitamine, minerale \u0219i proteine esen\u021biale*<\/li><li>Sus\u021bine structuri proteice puternice pentru cre\u0219terea s\u0103n\u0103toas\u0103 a p\u0103rului \u0219i unghiilor*<\/li><\/ul><h4 id=\"h_01JMDGWD0DVC2Q3QZGJ17DV7PF\"><span class=\"wysiwyg-color-orange\">INGREDIENTE PRINCIPALE<\/span><\/h4><ul><li><strong>Factori de Cre\u0219tere Bioactivi din Ou &#8211;<\/strong> Stimuleaz\u0103 produc\u021bia de colagen, elastin\u0103 \u0219i fibronectin\u0103 \u00een piele.<\/li><li><strong>Spirulina &#8211;<\/strong> O surs\u0103 bogat\u0103 de proteine vegetale u\u0219or digerabile cu unii dintre cei mai puternici antioxidan\u021bi care combat daunele radicalilor liberi \u00een toat\u0103 pielea \u0219i corpul.<\/li><li><strong>Amestec de Antioxidan\u021bi \u0219i Plante &#8211;<\/strong> Extract de S\u00e2mburi de Struguri, Seleniu \u0219i Zinc \u0219i Magneziu pentru a ajuta la protejarea pielii de daunele de mediu \u0219i \u00eemb\u0103tr\u00e2nirea biologic\u0103, \u00eembun\u0103t\u0103\u021bind \u00een acela\u0219i timp circula\u021bia s\u00e2ngelui.<\/li><li><strong>Complex de Rejuvenare &#8211;<\/strong> Acid Hialuronic, Aminoacid L-Cistein\u0103 \u0219i Colagen de Pe\u0219te pentru regenerarea s\u0103n\u0103toas\u0103 a celulelor pielii \u0219i structuri proteice puternice \u00een p\u0103r.<\/li><li><strong>Super Complex de Vitamina B &#8211;<\/strong> Con\u021bine toate vitaminele B pentru o piele, p\u0103r \u0219i unghii puternice \u0219i s\u0103n\u0103toase.<\/li><li><strong>Flori de Trifoi Ro\u0219u &#8211;<\/strong> \u00cembun\u0103t\u0103\u021be\u0219te textura \u0219i nivelul de umiditate \u00een pielea \u00eemb\u0103tr\u00e2nit\u0103.<\/li><\/ul><h4 id=\"h_01JMDH3K2VCB7QN002D45SJEXF\"><span class=\"wysiwyg-color-orange\">PRODUSUL PE SCURT<\/span><\/h4><table border=\"1\"><tbody><tr><td><strong>Vizualiza\u021bi OMNIA \u00een magazin<\/strong><\/td><td><p>Rom\u00e2nia: <a href=\"https:\/\/globalpharm.ro\/product\/omnia\/\" target=\"_blank\" rel=\"noopener noreferrer\">https:\/\/globalpharm.ro\/product\/omnia\/<\/a><\/p><\/td><\/tr><tr><td><strong>Op\u021biune de m\u0103rime<\/strong><\/td><td>OMNIA este disponibil doar \u00een pachet de 30 de capsule.<\/td><\/tr><tr><td><strong>Utilizare sugerat\u0103<\/strong><\/td><td>Ca supliment alimentar, lua\u021bi 2 capsule OMNIA pe zi.<\/td><\/tr><tr><td><strong>Momentul recomandat pentru administrare<\/strong><\/td><td>Recomand\u0103m s\u0103 lua\u021bi 1 capsul\u0103 de OMNIA cu m\u00e2ncare zilnic, diminea\u021ba \u0219i\/sau seara.<\/td><\/tr><tr><td><strong>Ingrediente<\/strong><\/td><td><p><strong>Lista complet\u0103 a ingredientelor:<br \/><\/strong>Vitamina A (ca Beta Caroten), Vitamina C (ca Acid Ascorbic), Calciu (ca Fosfat Tricalcic), Vitamina D (ca Colecalciferol), Tiamin\u0103 (ca Tiamin\u0103 HCl), Riboflavin\u0103, Niacin\u0103, Vitamina B6 (ca Piridoxal Hidroclorid), Folat (ca Acid Folic), Vitamina B12 (ca Cianocobalamin\u0103), Biotin\u0103 (ca D-Biotin\u0103), Acid Pantotenic (ca D-Calciu Pantotenat), Magneziu (ca Gluconat de Magneziu), Zinc (ca Gluconat de Zinc), Seleniu (ca Drojdie de Seleniu), Pulbere de Spirulin\u0103 (Spirulina Platensis), L-Cistein\u0103, Extract de Ou\u0103 Fertilizate de Pas\u0103re, Extract de Trifoi Ro\u0219u (Flori de Trifolium Pretense), Acid Hialuronic, Extract de S\u00e2mburi de Struguri, Colagen de Pe\u0219te \u0219i Extract de Soia.<\/p><p><strong>Alte ingrediente:<\/strong><br \/>Capsul\u0103 de Gelatin\u0103, Stearat de Magneziu, Silic\u0103.<\/p><\/td><\/tr><tr><td><strong>Avertisment alergeni<\/strong><\/td><td>Nu lua\u021bi OMNIA dac\u0103 sunte\u021bi alergic la ou\u0103, pe\u0219te sau soia.<\/td><\/tr><tr><td><strong>Pie\u021be disponibile<\/strong><\/td><td>OMNIA este disponibil \u00een Australia, Canada, Uniunea European\u0103, Jamaica, Kazahstan, Noua Zeeland\u0103, Filipine, Rusia, Serbia, Elve\u021bia, Regatul Unit \u0219i Statele Unite.<\/td><\/tr><tr><td><strong>Calitate &amp; Certific\u0103ri<\/strong><\/td><td><ul><li>Fabricat \u00een SUA<\/li><li>Studii clinice efectuate<\/li><li>Non-OMG &amp; F\u0103r\u0103 Gluten<\/li><li>Fabricat \u00eentr-o unitate cGMP (Practici Curente de Bun\u0103 Fabrica\u021bie)<\/li><li>Testat pentru siguran\u021b\u0103 de c\u0103tre Funda\u021bia Na\u021bional\u0103 pentru \u0218tiin\u021b\u0103 (NSF)<\/li><li>Certificat de Proiectul Etichet\u0103 Curat\u0103<\/li><li>Certificat de Siguran\u021b\u0103 Alimentar\u0103 de HACCP<\/li><\/ul><\/td><\/tr><tr><td><strong>Prezentat \u00een<\/strong><\/td><td><ul><li>Inova\u021bii \u00een Medicin\u0103 <em>(cunoscut anterior ca Jurnalul American de S\u0103n\u0103tate)<\/em><\/li><li>Referin\u021ba Medicilor (PDR)<\/li><\/ul><\/td><\/tr><tr><td><strong>La ce s\u0103 te a\u0219tep\u021bi c\u00e2nd iei OMNIA<\/strong><\/td><td><p><strong>Beneficii pe termen scurt (S\u0103pt\u0103m\u00e2na 1)<\/strong><br \/>Po\u021bi experimenta o cre\u0219tere a nivelului de energie \u00een c\u00e2teva zile p\u00e2n\u0103 la s\u0103pt\u0103m\u00e2ni. De asemenea, este posibil s\u0103 observi o \u00eembun\u0103t\u0103\u021bire a hidrat\u0103rii pielii destul de prompt, cu efecte poten\u021biale vizibile de la zile la s\u0103pt\u0103m\u00e2ni.<\/p><p><strong>Beneficii pe termen mediu (Luna 1)<\/strong><br \/>Ac\u021biunile protectoare ale formulei \u00eempotriva stresului oxidativ pot rezulta \u00eentr-o piele mai radiant\u0103 \u0219i mai rezistent\u0103, \u00een timp ce lucreaz\u0103 \u0219i pentru a \u00eent\u0103ri \u0219i \u00eembun\u0103t\u0103\u021bi condi\u021bia p\u0103rului \u0219i a unghiilor pe parcursul s\u0103pt\u0103m\u00e2nilor, contribuind la un aspect general mai s\u0103n\u0103tos \u0219i revitalizat.<\/p><p><strong>Beneficii pe termen lung (Luna 2 \u0219i mai departe)<\/strong><\/p><p>Consumul continuu de OMNIA poate ajuta la atenuarea daunelor cauzate de radicalii liberi, reflect\u00e2ndu-se poten\u021bial \u00eentr-o piele mai s\u0103n\u0103toas\u0103 \u00een timp. Colagenul de pe\u0219te \u0219i acidul hialuronic din amestec sunt deosebit de benefice pentru men\u021binerea elasticit\u0103\u021bii \u0219i hidrat\u0103rii pielii, ceea ce poate sus\u021bine \u0219i for\u021ba \u0219i s\u0103n\u0103tatea articula\u021biilor. Utilizarea extins\u0103 peste \u0219ase luni, cu ingrediente precum Extractul de Ou Avian Fertilizat \u0219i Extractul de Trifoi Ro\u0219u, ar putea oferi beneficii care includ un p\u0103r \u0219i unghii mai s\u0103n\u0103toase, contribuind la un aspect general tineresc \u0219i o stare de bine \u00eembun\u0103t\u0103\u021bit\u0103.<\/p><\/td><\/tr><\/tbody><\/table><p><em><span class=\"wysiwyg-font-size-small\">*Aceste afirma\u021bii nu au fost evaluate de Administra\u021bia pentru Alimente \u0219i Medicamente. Acest produs nu este destinat s\u0103 diagnosticheze, trateze, vindece sau s\u0103 previn\u0103 vreo boal\u0103.<\/span><\/em><\/p><\/div><\/div><\/section><footer class=\"\"><\/footer><\/div><\/div><\/section><footer class=\"\"><\/footer>\t\t\t\t\t\t\t\t<\/div>\n\t\t\t\t<\/div>\n\t\t\t\t\t<\/div>\n\t\t\t\t<\/div>\n\t\t\t\t<\/div>","protected":false},"excerpt":{"rendered":"<p>S\u0102N\u0102TATEA PIELII \u00ceNTR-O CAPSUL\u0102 Revitalizeaz\u0103-\u021bi pielea, p\u0103rul \u0219i unghiile cu OMNIA, capsula all-in-one plin\u0103 de vitamine esen\u021biale, minerale \u0219i nutrien\u021bi speciali pentru un aspect s\u0103n\u0103tos. Aceast\u0103 formul\u0103 puternic\u0103 include trei ingrediente cheie: factori de cre\u0219tere bioactivi din ou pentru regenerarea pielii, Spirulina pentru beneficiile sale de superaliment \u0219i Flori de Trifoi Ro\u0219u pentru suport pe [&hellip;]<\/p>\n","protected":false},"author":1,"featured_media":0,"parent":0,"menu_order":0,"comment_status":"closed","ping_status":"closed","template":"","meta":{"footnotes":""},"class_list":["post-7759","page","type-page","status-publish","hentry"],"jetpack_sharing_enabled":true,"_links":{"self":[{"href":"https:\/\/globalpharm.ro\/ro\/wp-json\/wp\/v2\/pages\/7759","targetHints":{"allow":["GET"]}}],"collection":[{"href":"https:\/\/globalpharm.ro\/ro\/wp-json\/wp\/v2\/pages"}],"about":[{"href":"https:\/\/globalpharm.ro\/ro\/wp-json\/wp\/v2\/types\/page"}],"author":[{"embeddable":true,"href":"https:\/\/globalpharm.ro\/ro\/wp-json\/wp\/v2\/users\/1"}],"replies":[{"embeddable":true,"href":"https:\/\/globalpharm.ro\/ro\/wp-json\/wp\/v2\/comments?post=7759"}],"version-history":[{"count":7,"href":"https:\/\/globalpharm.ro\/ro\/wp-json\/wp\/v2\/pages\/7759\/revisions"}],"predecessor-version":[{"id":7794,"href":"https:\/\/globalpharm.ro\/ro\/wp-json\/wp\/v2\/pages\/7759\/revisions\/7794"}],"wp:attachment":[{"href":"https:\/\/globalpharm.ro\/ro\/wp-json\/wp\/v2\/media?parent=7759"}],"curies":[{"name":"wp","href":"https:\/\/api.w.org\/{rel}","templated":true}]}}