{"id":7762,"date":"2025-04-19T19:54:12","date_gmt":"2025-04-19T17:54:12","guid":{"rendered":"https:\/\/globalpharm.ro\/?page_id=7762"},"modified":"2025-04-19T20:19:21","modified_gmt":"2025-04-19T18:19:21","slug":"detalii-refive","status":"publish","type":"page","link":"https:\/\/globalpharm.ro\/ro\/detalii-refive\/","title":{"rendered":"Detalii produs Refive LifePharm"},"content":{"rendered":"<div data-elementor-type=\"wp-page\" data-elementor-id=\"7762\" class=\"elementor elementor-7762\" data-elementor-post-type=\"page\">\n\t\t\t\t<div class=\"elementor-element elementor-element-0528443 e-flex e-con-boxed e-con e-parent\" data-id=\"0528443\" data-element_type=\"container\" data-e-type=\"container\">\n\t\t\t\t\t<div class=\"e-con-inner\">\n\t\t\t\t<div class=\"elementor-element elementor-element-d735cf1 elementor-widget elementor-widget-text-editor\" data-id=\"d735cf1\" data-element_type=\"widget\" data-e-type=\"widget\" data-widget_type=\"text-editor.default\">\n\t\t\t\t<div class=\"elementor-widget-container\">\n\t\t\t\t\t\t\t\t\t<section class=\"article-info\"><div class=\"article-content\"><div class=\"article-body\"><section class=\"article-info\"><div class=\"article-content\"><div class=\"article-body\"><h4 id=\"h_01JMDH767MAG7QDD4SCPB0YM9S\"><strong><span class=\"wysiwyg-color-orange\">REVIGOREAZ\u0102-\u021aI CORPUL CU REFIVE <\/span><\/strong><\/h4><p>Fiecare cutie con\u021bine 30 de plicule\u021be \u0219i fiecare plicule\u021b con\u021bine 2 LAMININE, 1 OMEGA+++, 1 DIGESTIVE+++, \u0219i 1 IMMUNE+++. Se recomand\u0103 administrarea a 1-2 plicule\u021be zilnic.<\/p><p>Aceste suplimente nutritive ADN ofer\u0103 protec\u021bie total\u0103 a corpului \u0219i performan\u021b\u0103 mental\u0103 de v\u00e2rf pentru o abordare cu adev\u0103rat echilibrat\u0103 a men\u021binerii unei s\u0103n\u0103t\u0103\u021bi excelente. Fiecare pachet puternic care se potrive\u0219te perfect \u00een buzunarul t\u0103u ofer\u0103 o ap\u0103rare complet\u0103 non-stop. \u00cencearc\u0103 REFIVE ast\u0103zi.<\/p><h4 id=\"h_01JMDH7DRCCVRDGDVN02VKCDEV\"><span class=\"wysiwyg-color-orange\">BENEFICII CHEIE<\/span><\/h4><ul><li>Sus\u021bine celulele stem \u0219i alungirea telomerilor pentru o \u00eemb\u0103tr\u00e2nire s\u0103n\u0103toas\u0103.*<\/li><li>Ofer\u0103 un flux sanguin optim c\u0103tre creier, inim\u0103 \u0219i alte organe.*<\/li><li>Echilibreaz\u0103 microflora pentru un tract intestinal bine func\u021bional \u0219i un colon s\u0103n\u0103tos.*<\/li><li>Ajut\u0103 celulele albe s\u0103 lupte \u00eempotriva virusurilor \u0219i bacteriilor.*<\/li><li>Sus\u021bine men\u021binerea nivelurilor s\u0103n\u0103toase de zah\u0103r din s\u00e2nge (monitorizate \u00eentotdeauna de medicul t\u0103u).*<\/li><li>Amelioreaz\u0103 disconfortul cauzat de rigiditatea \u0219i durerea articula\u021biilor.*<\/li><\/ul><h4 id=\"h_01JMDH7VQ5DGM8JWV56WZQPHNV\"><span class=\"wysiwyg-color-orange\">PRODUSUL PE SCURT<\/span><\/h4><table border=\"1\"><tbody><tr><td><strong>Vizualiza\u021bi REFIVE \u00een magazin<\/strong><\/td><td><p>Rom\u00e2nia: <a href=\"https:\/\/globalpharm.ro\/product\/refive\/\" target=\"_blank\" rel=\"noopener noreferrer\">https:\/\/globalpharm.ro\/product\/refive\/<\/a><\/p><\/td><\/tr><tr><td><strong>Op\u021biune de m\u0103rime<\/strong><\/td><td>REFIVE este disponibil \u00een pachete de 30 de plicule\u021be<\/td><\/tr><tr><td><strong>Utilizare recomandat\u0103<\/strong><\/td><td>Se recomand\u0103 administrarea a 1-2 plicule\u021be REFIVE zilnic.<\/td><\/tr><tr><td><strong>Ingrediente<\/strong><\/td><td><p>Lista complet\u0103 de ingrediente:<br \/>V\u0103 rug\u0103m s\u0103 consulta\u021bi lista de ingrediente pentru <a href=\"https:\/\/helpcenter.lifepharm.com\/hc\/en-us\/articles\/34920411574676\" target=\"_blank\" rel=\"noopener\">LAMININE<\/a>, <a href=\"https:\/\/helpcenter.lifepharm.com\/hc\/en-us\/articles\/34921143728532\" target=\"_blank\" rel=\"noopener\">OMEGA+++<\/a>, <a href=\"https:\/\/helpcenter.lifepharm.com\/hc\/en-us\/articles\/34922958669076\" target=\"_blank\" rel=\"noopener\">DIGESTIVE+++<\/a> \u0219i <a href=\"https:\/\/helpcenter.lifepharm.com\/hc\/en-us\/articles\/34923416241044\" target=\"_blank\" rel=\"noopener\">IMMUNE+++<\/a><\/p><\/td><\/tr><tr><td><strong>Avertisment alergeni<\/strong><\/td><td><ul><li>Nu lua\u021bi LAMININE dac\u0103 sunte\u021bi alergic la pe\u0219te sau ou\u0103.<\/li><li>Nu lua\u021bi OMEGA+++ dac\u0103 sunte\u021bi alergic la ou\u0103, pe\u0219te (sardine, an\u0219oa, macrou) \u0219i soia.<\/li><li>DIGESTIVE+++ con\u021bine gluten, gr\u00e2u \u0219i soia<\/li><\/ul><\/td><\/tr><tr><td><strong>Pie\u021be disponibile<\/strong><\/td><td>REFIVE este disponibil \u00een Australia, Canada, Uniunea European\u0103, Jamaica, Kazahstan, Noua Zeeland\u0103, Filipine, Rusia, Serbia, Elve\u021bia, Regatul Unit \u0219i Statele Unite.<\/td><\/tr><tr><td><strong>Calitate &amp; Certific\u0103ri<\/strong><\/td><td><ul><li>Fabricat \u00een SUA<\/li><li>Studii clinice efectuate<\/li><li>Non-OMG &amp; F\u0103r\u0103 gluten<\/li><li>Fabricat \u00eentr-o unitate cGMP (Practici Curente de Bun\u0103 Produc\u021bie)<\/li><li>Testat pentru siguran\u021b\u0103 de c\u0103tre Funda\u021bia Na\u021bional\u0103 pentru \u0218tiin\u021b\u0103 (NSF)<\/li><li>Certificat de Proiectul Eticheta Curat\u0103<\/li><li>Certificat de Siguran\u021ba Alimentar\u0103 de c\u0103tre HACCP<\/li><li>Publicat \u00een Referin\u021ba Medicilor (PDR)<\/li><\/ul><\/td><\/tr><tr><td><strong>Ce s\u0103 a\u0219tepta\u021bi c\u00e2nd lua\u021bi REFIVE<\/strong><\/td><td><p><strong>Beneficii pe termen scurt (Luna 1)<\/strong><br \/>Pute\u021bi \u00eencepe s\u0103 observa\u021bi \u00eembun\u0103t\u0103\u021biri ale s\u0103n\u0103t\u0103\u021bii digestive \u0219i o cre\u0219tere a nivelului de energie. S\u0103n\u0103tatea pielii \u00eembun\u0103t\u0103\u021bit\u0103 \u0219i vitalitatea general\u0103 ar putea deveni evidente. Utilizatorii raporteaz\u0103 adesea modele de somn mai bune \u0219i o vigilen\u021b\u0103 crescut\u0103 \u00een timpul zilei.<\/p><p><strong>Beneficii pe termen mediu (Luna 2)<\/strong><br \/>Aceast\u0103 perioad\u0103 este de asemenea a\u0219teptat\u0103 s\u0103 aduc\u0103 un r\u0103spuns imun mai bun. Este un moment bun pentru a evalua cum s-a adaptat corpul dumneavoastr\u0103 la plicule\u021be \u0219i pentru a evalua \u00eembun\u0103t\u0103\u021birile \u00een starea general\u0103 de bine.<\/p><p><strong>Beneficii pe termen lung (Luna 3 \u0219i mai departe)<\/strong><br \/>Utilizarea regulat\u0103 a plicule\u021belor REFIVE este destinat\u0103 s\u0103 men\u021bin\u0103 beneficiile pentru s\u0103n\u0103tate, cum ar fi energia, vitalitatea \u0219i s\u0103n\u0103tatea digestiv\u0103. Cu utilizarea continu\u0103, beneficiile precum calitatea \u00eembun\u0103t\u0103\u021bit\u0103 a pielii, func\u021bia imunitar\u0103 mai puternic\u0103 \u0219i \u00eembun\u0103t\u0103\u021birile generale ale s\u0103n\u0103t\u0103\u021bii ar trebui s\u0103 devin\u0103 mai pronun\u021bate.<\/p><\/td><\/tr><\/tbody><\/table><p><em><span class=\"wysiwyg-font-size-small\">*Aceste declara\u021bii nu au fost evaluate de Administra\u021bia pentru Alimente \u0219i Medicamente. Acest produs nu este destinat s\u0103 diagnosticheze, trateze, vindece sau previn\u0103 vreo boal\u0103.<\/span><\/em><\/p><\/div><\/div><\/section><footer class=\"\"><\/footer><\/div><\/div><\/section><footer class=\"\"><\/footer>\t\t\t\t\t\t\t\t<\/div>\n\t\t\t\t<\/div>\n\t\t\t\t\t<\/div>\n\t\t\t\t<\/div>\n\t\t\t\t<\/div>","protected":false},"excerpt":{"rendered":"<p>REVIGOREAZ\u0102-\u021aI CORPUL CU REFIVE Fiecare cutie con\u021bine 30 de plicule\u021be \u0219i fiecare plicule\u021b con\u021bine 2 LAMININE, 1 OMEGA+++, 1 DIGESTIVE+++, \u0219i 1 IMMUNE+++. Se recomand\u0103 administrarea a 1-2 plicule\u021be zilnic. Aceste suplimente nutritive ADN ofer\u0103 protec\u021bie total\u0103 a corpului \u0219i performan\u021b\u0103 mental\u0103 de v\u00e2rf pentru o abordare cu adev\u0103rat echilibrat\u0103 a men\u021binerii unei s\u0103n\u0103t\u0103\u021bi excelente. [&hellip;]<\/p>\n","protected":false},"author":1,"featured_media":0,"parent":0,"menu_order":0,"comment_status":"closed","ping_status":"closed","template":"","meta":{"footnotes":""},"class_list":["post-7762","page","type-page","status-publish","hentry"],"jetpack_sharing_enabled":true,"_links":{"self":[{"href":"https:\/\/globalpharm.ro\/ro\/wp-json\/wp\/v2\/pages\/7762","targetHints":{"allow":["GET"]}}],"collection":[{"href":"https:\/\/globalpharm.ro\/ro\/wp-json\/wp\/v2\/pages"}],"about":[{"href":"https:\/\/globalpharm.ro\/ro\/wp-json\/wp\/v2\/types\/page"}],"author":[{"embeddable":true,"href":"https:\/\/globalpharm.ro\/ro\/wp-json\/wp\/v2\/users\/1"}],"replies":[{"embeddable":true,"href":"https:\/\/globalpharm.ro\/ro\/wp-json\/wp\/v2\/comments?post=7762"}],"version-history":[{"count":7,"href":"https:\/\/globalpharm.ro\/ro\/wp-json\/wp\/v2\/pages\/7762\/revisions"}],"predecessor-version":[{"id":7800,"href":"https:\/\/globalpharm.ro\/ro\/wp-json\/wp\/v2\/pages\/7762\/revisions\/7800"}],"wp:attachment":[{"href":"https:\/\/globalpharm.ro\/ro\/wp-json\/wp\/v2\/media?parent=7762"}],"curies":[{"name":"wp","href":"https:\/\/api.w.org\/{rel}","templated":true}]}}