{"id":8436,"date":"2025-07-18T08:53:40","date_gmt":"2025-07-18T06:53:40","guid":{"rendered":"https:\/\/globalpharm.ro\/?page_id=8436"},"modified":"2025-07-18T09:10:50","modified_gmt":"2025-07-18T07:10:50","slug":"blog","status":"publish","type":"page","link":"https:\/\/globalpharm.ro\/ro\/blog\/","title":{"rendered":"Blog"},"content":{"rendered":"<div data-elementor-type=\"wp-page\" data-elementor-id=\"8436\" class=\"elementor elementor-8436\" data-elementor-post-type=\"page\">\n\t\t\t\t<div class=\"elementor-element elementor-element-817863b e-con-full e-flex e-con e-parent\" data-id=\"817863b\" data-element_type=\"container\" data-e-type=\"container\">\n\t\t\t\t<div class=\"elementor-element elementor-element-dded4b1 elementor-widget elementor-widget-heading\" data-id=\"dded4b1\" data-element_type=\"widget\" data-e-type=\"widget\" data-widget_type=\"heading.default\">\n\t\t\t\t<div class=\"elementor-widget-container\">\n\t\t\t\t\t<h2 class=\"elementor-heading-title elementor-size-default\">GlobalPharm Magazine - \u0218tiri, Studii \u0219i Solu\u021bii Naturale<\/h2>\t\t\t\t<\/div>\n\t\t\t\t<\/div>\n\t\t\t\t<\/div>\n\t\t<div class=\"elementor-element elementor-element-cae9f8b e-con-full e-flex e-con e-parent\" data-id=\"cae9f8b\" data-element_type=\"container\" data-e-type=\"container\">\n\t\t<div class=\"elementor-element elementor-element-b28dd35 e-con-full e-flex e-con e-child\" data-id=\"b28dd35\" data-element_type=\"container\" data-e-type=\"container\">\n\t\t\t\t<div class=\"elementor-element elementor-element-5fd2c89 elementor-widget elementor-widget-image\" data-id=\"5fd2c89\" data-element_type=\"widget\" data-e-type=\"widget\" data-widget_type=\"image.default\">\n\t\t\t\t<div class=\"elementor-widget-container\">\n\t\t\t\t\t\t\t\t\t\t\t\t\t\t\t\t<a href=\"https:\/\/globalpharm.ro\/articol_laminine1\">\n\t\t\t\t\t\t\t<img fetchpriority=\"high\" decoding=\"async\" width=\"850\" height=\"850\" src=\"https:\/\/globalpharm.ro\/wp-content\/uploads\/2024\/11\/box_laminine.jpg\" class=\"attachment-large size-large wp-image-5851\" alt=\"Laminine_box\" srcset=\"https:\/\/globalpharm.ro\/wp-content\/uploads\/2024\/11\/box_laminine.jpg 850w, https:\/\/globalpharm.ro\/wp-content\/uploads\/2024\/11\/box_laminine-300x300.jpg 300w, https:\/\/globalpharm.ro\/wp-content\/uploads\/2024\/11\/box_laminine-150x150.jpg 150w, https:\/\/globalpharm.ro\/wp-content\/uploads\/2024\/11\/box_laminine-768x768.jpg 768w, https:\/\/globalpharm.ro\/wp-content\/uploads\/2024\/11\/box_laminine-406x406.jpg 406w, https:\/\/globalpharm.ro\/wp-content\/uploads\/2024\/11\/box_laminine-120x120.jpg 120w, https:\/\/globalpharm.ro\/wp-content\/uploads\/2024\/11\/box_laminine-404x404.jpg 404w, https:\/\/globalpharm.ro\/wp-content\/uploads\/2024\/11\/box_laminine-840x840.jpg 840w, https:\/\/globalpharm.ro\/wp-content\/uploads\/2024\/11\/box_laminine-100x100.jpg 100w, https:\/\/globalpharm.ro\/wp-content\/uploads\/2024\/11\/box_laminine-54x54.jpg 54w, https:\/\/globalpharm.ro\/wp-content\/uploads\/2024\/11\/box_laminine-310x310.jpg 310w, https:\/\/globalpharm.ro\/wp-content\/uploads\/2024\/11\/box_laminine-80x80.jpg 80w\" sizes=\"(max-width: 850px) 100vw, 850px\" \/>\t\t\t\t\t\t\t\t<\/a>\n\t\t\t\t\t\t\t\t\t\t\t\t\t\t\t<\/div>\n\t\t\t\t<\/div>\n\t\t\t\t<\/div>\n\t\t<div class=\"elementor-element elementor-element-dcdd78e e-con-full e-flex e-con e-child\" data-id=\"dcdd78e\" data-element_type=\"container\" data-e-type=\"container\">\n\t\t\t\t<div class=\"elementor-element elementor-element-9d35686 elementor-widget elementor-widget-heading\" data-id=\"9d35686\" data-element_type=\"widget\" data-e-type=\"widget\" data-widget_type=\"heading.default\">\n\t\t\t\t<div class=\"elementor-widget-container\">\n\t\t\t\t\t<h3 class=\"elementor-heading-title elementor-size-default\">Laminine LifePharm Global: Suplimentul Revolu\u021bionar pentru Regenerarea Celular\u0103\u200b<\/h3>\t\t\t\t<\/div>\n\t\t\t\t<\/div>\n\t\t\t\t<div class=\"elementor-element elementor-element-5849162 elementor-align-center elementor-widget elementor-widget-button\" data-id=\"5849162\" data-element_type=\"widget\" data-e-type=\"widget\" data-widget_type=\"button.default\">\n\t\t\t\t<div class=\"elementor-widget-container\">\n\t\t\t\t\t\t\t\t\t<div class=\"elementor-button-wrapper\">\n\t\t\t\t\t<a class=\"elementor-button elementor-button-link elementor-size-sm\" href=\"https:\/\/globalpharm.ro\/articol_laminine1\">\n\t\t\t\t\t\t<span class=\"elementor-button-content-wrapper\">\n\t\t\t\t\t\t\t\t\t<span class=\"elementor-button-text\">Click here<\/span>\n\t\t\t\t\t<\/span>\n\t\t\t\t\t<\/a>\n\t\t\t\t<\/div>\n\t\t\t\t\t\t\t\t<\/div>\n\t\t\t\t<\/div>\n\t\t\t\t<\/div>\n\t\t\t\t<\/div>\n\t\t<div class=\"elementor-element elementor-element-5475079 e-con-full e-flex e-con e-parent\" data-id=\"5475079\" data-element_type=\"container\" data-e-type=\"container\">\n\t\t<div class=\"elementor-element elementor-element-db7864b e-con-full e-flex e-con e-child\" data-id=\"db7864b\" data-element_type=\"container\" data-e-type=\"container\">\n\t\t\t\t<div class=\"elementor-element elementor-element-17720f0 elementor-widget elementor-widget-image\" data-id=\"17720f0\" data-element_type=\"widget\" data-e-type=\"widget\" data-widget_type=\"image.default\">\n\t\t\t\t<div class=\"elementor-widget-container\">\n\t\t\t\t\t\t\t\t\t\t\t\t\t\t\t\t<a href=\"https:\/\/globalpharm.ro\/articol_omega1\">\n\t\t\t\t\t\t\t<img decoding=\"async\" width=\"850\" height=\"850\" src=\"https:\/\/globalpharm.ro\/wp-content\/uploads\/2024\/11\/Omega_box.jpg\" class=\"attachment-large size-large wp-image-5854\" alt=\"Omega_box\" srcset=\"https:\/\/globalpharm.ro\/wp-content\/uploads\/2024\/11\/Omega_box.jpg 850w, https:\/\/globalpharm.ro\/wp-content\/uploads\/2024\/11\/Omega_box-300x300.jpg 300w, https:\/\/globalpharm.ro\/wp-content\/uploads\/2024\/11\/Omega_box-150x150.jpg 150w, https:\/\/globalpharm.ro\/wp-content\/uploads\/2024\/11\/Omega_box-768x768.jpg 768w, https:\/\/globalpharm.ro\/wp-content\/uploads\/2024\/11\/Omega_box-406x406.jpg 406w, https:\/\/globalpharm.ro\/wp-content\/uploads\/2024\/11\/Omega_box-120x120.jpg 120w, https:\/\/globalpharm.ro\/wp-content\/uploads\/2024\/11\/Omega_box-404x404.jpg 404w, https:\/\/globalpharm.ro\/wp-content\/uploads\/2024\/11\/Omega_box-840x840.jpg 840w, https:\/\/globalpharm.ro\/wp-content\/uploads\/2024\/11\/Omega_box-100x100.jpg 100w, https:\/\/globalpharm.ro\/wp-content\/uploads\/2024\/11\/Omega_box-54x54.jpg 54w, https:\/\/globalpharm.ro\/wp-content\/uploads\/2024\/11\/Omega_box-310x310.jpg 310w, https:\/\/globalpharm.ro\/wp-content\/uploads\/2024\/11\/Omega_box-80x80.jpg 80w\" sizes=\"(max-width: 850px) 100vw, 850px\" \/>\t\t\t\t\t\t\t\t<\/a>\n\t\t\t\t\t\t\t\t\t\t\t\t\t\t\t<\/div>\n\t\t\t\t<\/div>\n\t\t\t\t<\/div>\n\t\t<div class=\"elementor-element elementor-element-1b8a2e4 e-con-full e-flex e-con e-child\" data-id=\"1b8a2e4\" data-element_type=\"container\" data-e-type=\"container\">\n\t\t\t\t<div class=\"elementor-element elementor-element-a5c4a34 elementor-widget elementor-widget-heading\" data-id=\"a5c4a34\" data-element_type=\"widget\" data-e-type=\"widget\" data-widget_type=\"heading.default\">\n\t\t\t\t<div class=\"elementor-widget-container\">\n\t\t\t\t\t<h3 class=\"elementor-heading-title elementor-size-default\">Omega+++ LifePharm Global: Formula Avansat\u0103 pentru S\u0103n\u0103tatea Cardiovascular\u0103 \u0219i Circula\u021bia Optim\u0103\u200b\u200b<\/h3>\t\t\t\t<\/div>\n\t\t\t\t<\/div>\n\t\t\t\t<div class=\"elementor-element elementor-element-295ee3b elementor-align-center elementor-widget elementor-widget-button\" data-id=\"295ee3b\" data-element_type=\"widget\" data-e-type=\"widget\" data-widget_type=\"button.default\">\n\t\t\t\t<div class=\"elementor-widget-container\">\n\t\t\t\t\t\t\t\t\t<div class=\"elementor-button-wrapper\">\n\t\t\t\t\t<a class=\"elementor-button elementor-button-link elementor-size-sm\" href=\"https:\/\/globalpharm.ro\/articol_omega1\">\n\t\t\t\t\t\t<span class=\"elementor-button-content-wrapper\">\n\t\t\t\t\t\t\t\t\t<span class=\"elementor-button-text\">Click here<\/span>\n\t\t\t\t\t<\/span>\n\t\t\t\t\t<\/a>\n\t\t\t\t<\/div>\n\t\t\t\t\t\t\t\t<\/div>\n\t\t\t\t<\/div>\n\t\t\t\t<\/div>\n\t\t\t\t<\/div>\n\t\t\t\t<\/div>","protected":false},"excerpt":{"rendered":"<p>GlobalPharm Magazine &#8211; \u0218tiri, Studii \u0219i Solu\u021bii Naturale Laminine LifePharm Global: Suplimentul Revolu\u021bionar pentru Regenerarea Celular\u0103\u200b Click here Omega+++ LifePharm Global: Formula Avansat\u0103 pentru S\u0103n\u0103tatea Cardiovascular\u0103 \u0219i Circula\u021bia Optim\u0103\u200b\u200b Click here<\/p>","protected":false},"author":1,"featured_media":0,"parent":0,"menu_order":0,"comment_status":"closed","ping_status":"closed","template":"","meta":{"footnotes":""},"class_list":["post-8436","page","type-page","status-publish","hentry"],"jetpack_sharing_enabled":true,"_links":{"self":[{"href":"https:\/\/globalpharm.ro\/ro\/wp-json\/wp\/v2\/pages\/8436","targetHints":{"allow":["GET"]}}],"collection":[{"href":"https:\/\/globalpharm.ro\/ro\/wp-json\/wp\/v2\/pages"}],"about":[{"href":"https:\/\/globalpharm.ro\/ro\/wp-json\/wp\/v2\/types\/page"}],"author":[{"embeddable":true,"href":"https:\/\/globalpharm.ro\/ro\/wp-json\/wp\/v2\/users\/1"}],"replies":[{"embeddable":true,"href":"https:\/\/globalpharm.ro\/ro\/wp-json\/wp\/v2\/comments?post=8436"}],"version-history":[{"count":37,"href":"https:\/\/globalpharm.ro\/ro\/wp-json\/wp\/v2\/pages\/8436\/revisions"}],"predecessor-version":[{"id":8488,"href":"https:\/\/globalpharm.ro\/ro\/wp-json\/wp\/v2\/pages\/8436\/revisions\/8488"}],"wp:attachment":[{"href":"https:\/\/globalpharm.ro\/ro\/wp-json\/wp\/v2\/media?parent=8436"}],"curies":[{"name":"wp","href":"https:\/\/api.w.org\/{rel}","templated":true}]}}