{"id":8443,"date":"2025-07-18T08:58:44","date_gmt":"2025-07-18T06:58:44","guid":{"rendered":"https:\/\/globalpharm.ro\/?page_id=8443"},"modified":"2025-07-18T09:08:43","modified_gmt":"2025-07-18T07:08:43","slug":"articol_laminine1","status":"publish","type":"page","link":"https:\/\/globalpharm.ro\/ro\/articol_laminine1\/","title":{"rendered":"Articol Laminine LifePharm Global"},"content":{"rendered":"<div data-elementor-type=\"wp-page\" data-elementor-id=\"8443\" class=\"elementor elementor-8443\" data-elementor-post-type=\"page\">\n\t\t\t\t<div class=\"elementor-element elementor-element-cd963dc e-con-full e-flex e-con e-parent\" data-id=\"cd963dc\" data-element_type=\"container\" data-e-type=\"container\">\n\t\t<div class=\"elementor-element elementor-element-c4effd6 e-con-full e-flex e-con e-child\" data-id=\"c4effd6\" data-element_type=\"container\" data-e-type=\"container\">\n\t\t\t\t<div class=\"elementor-element elementor-element-de935cc elementor-widget elementor-widget-image\" data-id=\"de935cc\" data-element_type=\"widget\" data-e-type=\"widget\" data-widget_type=\"image.default\">\n\t\t\t\t<div class=\"elementor-widget-container\">\n\t\t\t\t\t\t\t\t\t\t\t\t\t\t\t<img fetchpriority=\"high\" decoding=\"async\" width=\"850\" height=\"850\" src=\"https:\/\/globalpharm.ro\/wp-content\/uploads\/2024\/11\/box_laminine.jpg\" class=\"attachment-large size-large wp-image-5851\" alt=\"Laminine_box\" srcset=\"https:\/\/globalpharm.ro\/wp-content\/uploads\/2024\/11\/box_laminine.jpg 850w, https:\/\/globalpharm.ro\/wp-content\/uploads\/2024\/11\/box_laminine-300x300.jpg 300w, https:\/\/globalpharm.ro\/wp-content\/uploads\/2024\/11\/box_laminine-150x150.jpg 150w, https:\/\/globalpharm.ro\/wp-content\/uploads\/2024\/11\/box_laminine-768x768.jpg 768w, https:\/\/globalpharm.ro\/wp-content\/uploads\/2024\/11\/box_laminine-406x406.jpg 406w, https:\/\/globalpharm.ro\/wp-content\/uploads\/2024\/11\/box_laminine-120x120.jpg 120w, https:\/\/globalpharm.ro\/wp-content\/uploads\/2024\/11\/box_laminine-404x404.jpg 404w, https:\/\/globalpharm.ro\/wp-content\/uploads\/2024\/11\/box_laminine-840x840.jpg 840w, https:\/\/globalpharm.ro\/wp-content\/uploads\/2024\/11\/box_laminine-100x100.jpg 100w, https:\/\/globalpharm.ro\/wp-content\/uploads\/2024\/11\/box_laminine-54x54.jpg 54w, https:\/\/globalpharm.ro\/wp-content\/uploads\/2024\/11\/box_laminine-310x310.jpg 310w, https:\/\/globalpharm.ro\/wp-content\/uploads\/2024\/11\/box_laminine-80x80.jpg 80w\" sizes=\"(max-width: 850px) 100vw, 850px\" \/>\t\t\t\t\t\t\t\t\t\t\t\t\t\t\t<\/div>\n\t\t\t\t<\/div>\n\t\t\t\t<\/div>\n\t\t<div class=\"elementor-element elementor-element-d456fc5 e-con-full e-flex e-con e-child\" data-id=\"d456fc5\" data-element_type=\"container\" data-e-type=\"container\">\n\t\t\t\t<div class=\"elementor-element elementor-element-5d9bcb6 elementor-widget elementor-widget-heading\" data-id=\"5d9bcb6\" data-element_type=\"widget\" data-e-type=\"widget\" data-widget_type=\"heading.default\">\n\t\t\t\t<div class=\"elementor-widget-container\">\n\t\t\t\t\t<h3 class=\"elementor-heading-title elementor-size-default\">Laminine LifePharm Global: Suplimentul Revolu\u021bionar pentru Regenerarea Celular\u0103\u200b<\/h3>\t\t\t\t<\/div>\n\t\t\t\t<\/div>\n\t\t\t\t<div class=\"elementor-element elementor-element-d8b6ef9 elementor-widget elementor-widget-text-editor\" data-id=\"d8b6ef9\" data-element_type=\"widget\" data-e-type=\"widget\" data-widget_type=\"text-editor.default\">\n\t\t\t\t<div class=\"elementor-widget-container\">\n\t\t\t\t\t\t\t\t\t<p class=\"whitespace-normal break-words\">Laminine este un <strong>supliment alimentar revolu\u021bionar<\/strong> dezvoltat de LifePharm Global Inc., recunoscut ca fiind <strong>primul \u0219i singurul produs din lume<\/strong> care con\u021bine Factorul de Cre\u0219tere al Fibroblastelor (FGF-2) \u00eentr-o formul\u0103 natural\u0103 brevetat\u0103. Denumit \u0219i <strong>&#8220;Minunea Vie\u021bii&#8221;<\/strong>, Laminine reprezint\u0103 rezultatul a <strong>peste 90 de ani de cercetare \u0219tiin\u021bific\u0103<\/strong> \u0219i este considerat cel mai avansat supliment pentru regenerarea celular\u0103 disponibil ast\u0103zi.<\/p><p class=\"whitespace-normal break-words\">Acest super-aliment natural a fost <strong>laureat cu Gold Medal<\/strong> la Congresul Interna\u021bional de Medicin\u0103 Alternativ\u0103 din 2019, fiind recunoscut ca o tehnologie revolu\u021bionar\u0103 de reactivare a celulelor stem cu <strong>rata de succes de 100%<\/strong>.<\/p>\t\t\t\t\t\t\t\t<\/div>\n\t\t\t\t<\/div>\n\t\t\t\t<\/div>\n\t\t\t\t<\/div>\n\t\t<div class=\"elementor-element elementor-element-447ac62 e-con-full e-flex e-con e-parent\" data-id=\"447ac62\" data-element_type=\"container\" data-e-type=\"container\">\n\t\t\t\t<div class=\"elementor-element elementor-element-36b7d0b elementor-widget elementor-widget-text-editor\" data-id=\"36b7d0b\" data-element_type=\"widget\" data-e-type=\"widget\" data-widget_type=\"text-editor.default\">\n\t\t\t\t<div class=\"elementor-widget-container\">\n\t\t\t\t\t\t\t\t\t<h4><strong>Descoperirea \u0219i Evolu\u021bia Laminine<\/strong><\/h4><p><strong>Originile \u0218tiin\u021bifice<\/strong><\/p><p>Povestea Laminine \u00eencepe \u00een\u00a0<strong>1929<\/strong>, c\u00e2nd Dr. John Ralston Davidson a descoperit extractul din ou fertilizat cu propriet\u0103\u021bi remarcabile asupra s\u0103n\u0103t\u0103\u021bii. Dup\u0103 moartea sa \u00een 1943, cercet\u0103rile au fost uitate timp de aproape 50 de ani.<\/p><p>\u00cen\u00a0<strong>anii 1980<\/strong>, Dr. Bjodne Eskeland, un cercet\u0103tor renumit din Norvegia, a reluat \u0219i dezvoltat cercet\u0103rile Dr. Davidson, reu\u0219ind s\u0103 izoleze componentul chimic care a devenit baza formulei exclusive Laminine.<\/p><p>Dup\u0103\u00a0<strong>82 de ani de cercet\u0103ri intensive<\/strong>, produsul a fost lansat pe pia\u021ba din SUA \u0219i este ast\u0103zi prezent \u00een\u00a0<strong>peste 38 de \u021b\u0103ri<\/strong>, cu milioane de consumatori \u00een \u00eentreaga lume.<\/p>\t\t\t\t\t\t\t\t<\/div>\n\t\t\t\t<\/div>\n\t\t\t\t<\/div>\n\t\t\t\t<\/div>","protected":false},"excerpt":{"rendered":"<p>Laminine LifePharm Global: Suplimentul Revolu\u021bionar pentru Regenerarea Celular\u0103\u200b Laminine este un supliment alimentar revolu\u021bionar dezvoltat de LifePharm Global Inc., recunoscut ca fiind primul \u0219i singurul produs din lume care con\u021bine Factorul de Cre\u0219tere al Fibroblastelor (FGF-2) \u00eentr-o formul\u0103 natural\u0103 brevetat\u0103. Denumit \u0219i &#8220;Minunea Vie\u021bii&#8221;, Laminine reprezint\u0103 rezultatul a peste 90 de ani de cercetare \u0219tiin\u021bific\u0103 [&hellip;]<\/p>\n","protected":false},"author":1,"featured_media":0,"parent":0,"menu_order":0,"comment_status":"closed","ping_status":"closed","template":"","meta":{"footnotes":""},"class_list":["post-8443","page","type-page","status-publish","hentry"],"jetpack_sharing_enabled":true,"_links":{"self":[{"href":"https:\/\/globalpharm.ro\/ro\/wp-json\/wp\/v2\/pages\/8443","targetHints":{"allow":["GET"]}}],"collection":[{"href":"https:\/\/globalpharm.ro\/ro\/wp-json\/wp\/v2\/pages"}],"about":[{"href":"https:\/\/globalpharm.ro\/ro\/wp-json\/wp\/v2\/types\/page"}],"author":[{"embeddable":true,"href":"https:\/\/globalpharm.ro\/ro\/wp-json\/wp\/v2\/users\/1"}],"replies":[{"embeddable":true,"href":"https:\/\/globalpharm.ro\/ro\/wp-json\/wp\/v2\/comments?post=8443"}],"version-history":[{"count":7,"href":"https:\/\/globalpharm.ro\/ro\/wp-json\/wp\/v2\/pages\/8443\/revisions"}],"predecessor-version":[{"id":8480,"href":"https:\/\/globalpharm.ro\/ro\/wp-json\/wp\/v2\/pages\/8443\/revisions\/8480"}],"wp:attachment":[{"href":"https:\/\/globalpharm.ro\/ro\/wp-json\/wp\/v2\/media?parent=8443"}],"curies":[{"name":"wp","href":"https:\/\/api.w.org\/{rel}","templated":true}]}}