{"id":275,"date":"2022-03-03T15:31:38","date_gmt":"2022-03-03T08:31:38","guid":{"rendered":"https:\/\/lifepharmshop.com\/?post_type=product&#038;p=275"},"modified":"2026-01-20T12:47:49","modified_gmt":"2026-01-20T10:47:49","slug":"cellnergy","status":"publish","type":"product","link":"https:\/\/globalpharm.ro\/ro\/produs\/cellnergy\/","title":{"rendered":"Cellnergy Wellness cu suport gratuit"},"content":{"rendered":"<h5 style=\"text-align: center;\">CELLNERGY WELLNESS, tehnologie de ultim\u0103 genera\u021bie TeraHertz, terapie cu lumin\u0103 ro\u0219ie, hipertermie, activeaz\u0103 celulele s\u0103n\u0103toase prin vibra\u021bii<\/h5>\n<h6 style=\"text-align: center;\"><strong><em>Cellnergy Wellness produs original LIFEPHARM, provenien\u021b\u0103 Statele Unite ale Americii, livrare cu factur\u0103 fiscal\u0103. D<\/em><\/strong><strong><em>istribuitor oficial Lifepharm, pentru livrare \u00een Europa, U.K., Canada \u0219i USA <a href=\"https:\/\/mylifepharm.com\/lifeglobal\/joinnow\" target=\"_blank\" rel=\"noopener\">apas\u0103 aici.<\/a><\/em><\/strong><\/h6>\n<p>&nbsp;<\/p>\n<h5 style=\"text-align: center;\"><strong><em>Recomandat de <a href=\"https:\/\/bioglobal.ro\/\" target=\"_blank\" rel=\"noopener\">Oncoterapeut Silviu Br\u00eenzoi,<\/a> cel care a lansat acest dispozitiv \u00een Europa, Ungaria 2023 \u00a0\u0219i acord\u0103 pro bono suport terapeutic permanent. Dup\u0103 achizi\u021bia produselor beneficia\u021bi din partea dumnealui de consiliere terapeutic\u0103, administrare corect\u0103, dozaj, \u00a0alte informa\u021bii necesare.<\/em><\/strong><\/h5>\n<h5 style=\"text-align: center;\"><strong><em><a href=\"https:\/\/globalpharm.ro\/product\/cellnergy\/\">ATEN\u021aIE<\/a>: oferim GRATUIT suport extensibil 1,6 m pentru utilizarea aparatului (valoare 260 RON)<\/em><\/strong><\/h5>\n<h5><\/h5>\n<h5 style=\"text-align: center;\"><strong><em><a href=\"https:\/\/globalpharm.ro\">ANUN\u021a IMPORTANT! Modificare cot\u0103 TVA la suplimentele alimentare<\/a><\/em><\/strong><strong>\u00a0 <\/strong><\/h5>\n<h5 style=\"text-align: center;\">V\u0103 inform\u0103m c\u0103, \u00eencep\u00e2nd cu\u00a0<strong>1 august 2025<\/strong>, \u00een baza\u00a0<strong>Legii nr. 141\/2025<\/strong>\u00a0privind unele m\u0103suri fiscal-bugetare, publicat\u0103 \u00een Monitorul Oficial, prin care s-au modificat prevederile art. 291 din Codul Fiscal, <strong><em>se modific\u0103 cota de TVA aplicabil\u0103 suplimentelor alimentare \u00een Rom\u00e2nia, <\/em><\/strong>respectiv de la 9%<strong><em> se va schimba \u00een 21%.<\/em><\/strong><\/h5>\n<p>&nbsp;<\/p>\n<pre style=\"text-align: center;\"><strong><em><a href=\"https:\/\/mylifepharm.com\/lifeglobal\/joinnow\" target=\"_blank\" rel=\"noopener\">Cump\u0103r\u0103 direct produc\u0103tor LIFEPHARM<\/a><\/em><\/strong><\/pre>\n<p><img fetchpriority=\"high\" decoding=\"async\" class=\"size-medium wp-image-6794 aligncenter\" src=\"https:\/\/globalpharm.ro\/wp-content\/uploads\/2022\/03\/silviu_b-300x300.jpg\" alt=\"silviu_b\" width=\"300\" height=\"300\" srcset=\"https:\/\/globalpharm.ro\/wp-content\/uploads\/2022\/03\/silviu_b-300x300.jpg 300w, https:\/\/globalpharm.ro\/wp-content\/uploads\/2022\/03\/silviu_b-1021x1024.jpg 1021w, https:\/\/globalpharm.ro\/wp-content\/uploads\/2022\/03\/silviu_b-150x150.jpg 150w, https:\/\/globalpharm.ro\/wp-content\/uploads\/2022\/03\/silviu_b-768x770.jpg 768w, https:\/\/globalpharm.ro\/wp-content\/uploads\/2022\/03\/silviu_b-406x406.jpg 406w, https:\/\/globalpharm.ro\/wp-content\/uploads\/2022\/03\/silviu_b-120x120.jpg 120w, https:\/\/globalpharm.ro\/wp-content\/uploads\/2022\/03\/silviu_b-12x12.jpg 12w, https:\/\/globalpharm.ro\/wp-content\/uploads\/2022\/03\/silviu_b-404x404.jpg 404w, https:\/\/globalpharm.ro\/wp-content\/uploads\/2022\/03\/silviu_b-840x843.jpg 840w, https:\/\/globalpharm.ro\/wp-content\/uploads\/2022\/03\/silviu_b-100x100.jpg 100w, https:\/\/globalpharm.ro\/wp-content\/uploads\/2022\/03\/silviu_b-54x54.jpg 54w, https:\/\/globalpharm.ro\/wp-content\/uploads\/2022\/03\/silviu_b-310x310.jpg 310w, https:\/\/globalpharm.ro\/wp-content\/uploads\/2022\/03\/silviu_b-80x80.jpg 80w, https:\/\/globalpharm.ro\/wp-content\/uploads\/2022\/03\/silviu_b.jpg 1280w\" sizes=\"(max-width: 300px) 100vw, 300px\" \/><\/p>\n<h5 style=\"text-align: center;\" data-start=\"1601\" data-end=\"1979\"><\/h5>\n<h6 style=\"text-align: center;\">Cellnergy wellness, tehnologie de ultima generatie cu hipertermie, lumina rosie si TeraHertz. Beneficii rapide prin diminuarea inflamatiilor, durerilor, tumorilor.<\/h6>\n<p>Cellnergy wellness: succes in tratamente ale pielii, regenerare cu celule stem a tesuturilor, patologii ale sistemului circulator, creste imunitatea, protejeaza telomerii, stimuleaza cresterea parului, accelereaza vindecarea ranilor, creste nivelul de energie si buna dispozitie, recuperare dupa efort, preventie si tratament cu spectru larg de impact.<\/p>\n<p>Dispozitivul distribuit de LifePharm Romania are utilizare medical\u0103 cu tripl\u0103 actiune: <strong>Hipertermie<\/strong> (terapie cu caldur\u0103, al patrulea pilon de tratare al cancerului la nivel mondial), <strong>Terapie cu lumina ro\u021bie<\/strong>\u00a0si<strong> Terapie cu <\/strong><strong>TeraHertz <\/strong>(tehnologie de ultim\u0103 genera\u021bie \u00een diagnosticarea \u0219i tratarea cancerului). Este clinic demonstrat c\u0103 celulele degenerate (nes\u0103n\u0103toase), inclusiv tumorale sau inflamate, absorb energie suplimentar\u0103 \u0219i sunt neutralizate de surplusul energetic. Este tehnologia ce utilizeaza hipertermia, procedura aplicata in occident de peste o decada si TeraHertz, ultima tehnologie in medicina. Ambele sunt terapii alternative de succes in preventia si tratarea cancerului.<\/p>\n<p>Aduce beneficii rapide prin diminuarea inflamatiilor, durerii, tumorilor. Succes in tratamente ale pielii, regenerare cu celule stem a tesuturilor, patologii ale sistemului circulator, sistem osos, stimuleaza imunitatea, functia digestiva, protejeaza telomerii, creste nivelul de energie, recuperare dupa efort. Preventie si tratament cu spectru larg in afectiuni. Efect rapid in detoxifiere, deparazitare, drenaj limfatic.<\/p>\n<p>&nbsp;<\/p>\n<h6 style=\"text-align: center;\"><em>Cum se folose\u0219te dispozitivul <a href=\"https:\/\/globalpharm.ro\/product\/cellnergy\/\">Cellnergy Wellness<\/a>\u00a0pentru sc\u0103derea inflama\u021biei prostatei, a ovarelor, a endometrului, pl\u0103m\u00e2nilor, ficatului, colonului, a \u021besutului mamar sau a rinichilor? Cum se utilizeaz\u0103 corect medical pentru distrugerea\u00a0 tumorilor \u00een \u021besuturi? Sau pentru eliminarea migrenelor \u0219i a durerii osteoarticulare? Cum se foloseste eficient \u00een viroze sau infectii? Care este modul de detoxifiere a ficatului, rinichilor, colonului sau a oricarui organ, cu Cellnergy? Care este distanta de aplicare pentru fiecare patologie, organ afectat, sau de c\u00e2te ori se aplic\u0103 tratamentul pe zi asupra unui \u021besut? Care este timpul de expunere \u00een siguran\u021b\u0103 a unui \u021besut la aceste trei terapii? Care sunt contraindica\u021biile?<\/em><\/h6>\n<h6 style=\"text-align: center;\"><em>R\u0103spunsul la toate aceste \u00eentreb\u0103ri, \u00a0precum \u0219i multe alte detalii esen\u021biale, \u021bi le va oferi \u00a0pro bono <a href=\"https:\/\/bioglobal.ro\/\" target=\"_blank\" rel=\"noopener\">Oncoterapeut Silviu Br\u00eenzoi<\/a>. Acesta este <\/em><em>singurul specialist \u00een medicin\u0103 care cuno\u0219te utilizarea efdicient\u0103 a dispozitivului <a href=\"https:\/\/globalpharm.ro\/product\/cellnergy\/\">Cellnergy Wellness,<\/a> deoarece lucreaz\u0103 zilnic cu dispozitivul la Centrul Medical \u00een multe afec\u021biuni.<\/em><\/h6>\n<div id=\"attachment_6766\" style=\"width: 258px\" class=\"wp-caption aligncenter\"><img decoding=\"async\" aria-describedby=\"caption-attachment-6766\" class=\"size-medium wp-image-6766\" src=\"https:\/\/globalpharm.ro\/wp-content\/uploads\/2022\/03\/oncoterapeut-silviu-brinzoi-cellnergy-wellness-1220x1477-1-248x300.jpeg\" alt=\"oncoterapeut-silviu-brinzoi-cellnergy-wellness\" width=\"248\" height=\"300\" srcset=\"https:\/\/globalpharm.ro\/wp-content\/uploads\/2022\/03\/oncoterapeut-silviu-brinzoi-cellnergy-wellness-1220x1477-1-248x300.jpeg 248w, https:\/\/globalpharm.ro\/wp-content\/uploads\/2022\/03\/oncoterapeut-silviu-brinzoi-cellnergy-wellness-1220x1477-1-846x1024.jpeg 846w, https:\/\/globalpharm.ro\/wp-content\/uploads\/2022\/03\/oncoterapeut-silviu-brinzoi-cellnergy-wellness-1220x1477-1-768x930.jpeg 768w, https:\/\/globalpharm.ro\/wp-content\/uploads\/2022\/03\/oncoterapeut-silviu-brinzoi-cellnergy-wellness-1220x1477-1-10x12.jpeg 10w, https:\/\/globalpharm.ro\/wp-content\/uploads\/2022\/03\/oncoterapeut-silviu-brinzoi-cellnergy-wellness-1220x1477-1-840x1017.jpeg 840w, https:\/\/globalpharm.ro\/wp-content\/uploads\/2022\/03\/oncoterapeut-silviu-brinzoi-cellnergy-wellness-1220x1477-1.jpeg 1220w\" sizes=\"(max-width: 248px) 100vw, 248px\" \/><p id=\"caption-attachment-6766\" class=\"wp-caption-text\">oncoterapeut-silviu-brinzoi-cellnergy-wellness<\/p><\/div>\n<p>Fiecare celul\u0103 din corp are o frecven\u021b\u0103 m\u0103surat\u0103 la o anumit\u0103 vibra\u021bie. Dispozitivul nostru de ultim\u0103 genera\u021bie emite unde terahertz care p\u0103trund ad\u00e2nc \u00een m\u0103duva osoas\u0103 \u0219i rezoneaz\u0103 la aceea\u0219i frecven\u021b\u0103 ca \u0219i celulele s\u0103n\u0103toase. Activarea celulelor s\u0103n\u0103toase prin vibra\u021bii le determin\u0103 s\u0103 \u00ee\u0219i \u00eendeplineasc\u0103 func\u021biile mai eficient, stimul\u00e2nd astfel regenerarea celular\u0103, acceler\u00e2nd repararea problemelor \u0219i promov\u00e2nd vitalitatea general\u0103.<\/p>\n<p>Dispozitivul utilizeaz\u0103, de asemenea, 63<span class=\"ui-provider fy b c d e f g h i j k l m n o p q r s t u v w x y z ab ac ae af ag ah ai aj ak\" dir=\"ltr\">0 nm <\/span>care poate p\u0103trunde mai ad\u00e2nc \u00een piele dec\u00e2t orice alt\u0103 culoare de lumin\u0103, ajung\u00e2nd la celule f\u0103r\u0103 a deteriora \u021besutul \u00eenconjur\u0103tor. Lumina ro\u0219ie ac\u021bioneaz\u0103 la nivelul celular prin stimularea mitocondriilor din celule (sau centrului energetic al celulelor) pentru a produce mai mult ATP (adenozin trifosfat). O cre\u0219tere a ATP \u00eenseamn\u0103 c\u0103 exist\u0103 mai mult\u0103 energie \u00een celule, permi\u021b\u00e2ndu-le s\u0103 \u00eentinerim \u0219i s\u0103 ne repar\u0103m.<\/p>\n<p>Tehnologia avansat\u0103 a Cellnergy folose\u0219te, de asemenea, terapia prin c\u0103ldur\u0103 pentru a atenua durerea, a reduce tensiunea muscular\u0103 \u0219i a promova relaxarea. Prin furnizarea unui flux de aer \u00eenc\u0103lzit controlat \u00een zonele vizate, dispozitivul nostru \u00eembun\u0103t\u0103\u021be\u0219te fluxul sanguin, \u00eencurajeaz\u0103 livrarea de nutrien\u021bi c\u0103tre celule \u0219i ajut\u0103 la eliminarea toxinelor.<\/p>\n<div id=\"e-1689888659272\" class=\"element-wrap\" data-label=\"Text Block\" data-icon=\"gpicon-textblock\" data-ver=\"1\" data-id=\"1689888659272\">\n<div class=\"elm text-edit gf-elm-left gf-elm-left-md gf-elm-left-sm gf-elm-left-xs gf-elm-left-lg gf_gs-text-paragraph-1\" data-gemlang=\"en\" data-exc=\"\">\n<p><b>Undele terahertziene (THz)<\/b><\/p>\n<\/div>\n<\/div>\n<div id=\"e-1689888659298\" class=\"element-wrap\" data-label=\"Text Block\" data-icon=\"gpicon-textblock\" data-ver=\"1\" data-id=\"1689888659298\">\n<div class=\"elm text-edit gf-elm-left gf-elm-left-lg gf-elm-left-md gf-elm-left-sm gf-elm-left-xs gf_gs-text-paragraph-1\" data-gemlang=\"en\" data-exc=\"\">\n<p>P\u0103trunde ad\u00e2nc \u00een m\u0103duva osoas\u0103 \u0219i vibreaz\u0103 la aceea\u0219i frecven\u021b\u0103 ca \u0219i celulele s\u0103n\u0103toase pentru a ajuta la stimularea regener\u0103rii celulare pentru o reparare accelerat\u0103 a \u021besuturilor \u0219i vitalitate general\u0103.<\/p>\n<\/div>\n<\/div>\n<div id=\"e-1689888659431\" class=\"element-wrap\" data-label=\"Text Block\" data-icon=\"gpicon-textblock\" data-ver=\"1\" data-id=\"1689888659431\">\n<div class=\"elm text-edit gf-elm-left gf-elm-left-lg gf-elm-left-md gf-elm-left-sm gf-elm-left-xs gf_gs-text-paragraph-1\" data-gemlang=\"en\" data-exc=\"\">\n<p><b>Terapia cu lumin\u0103 ro\u0219ie<\/b><\/p>\n<\/div>\n<\/div>\n<div id=\"e-1689888659374\" class=\"element-wrap\" data-label=\"Text Block\" data-icon=\"gpicon-textblock\" data-ver=\"1\" data-id=\"1689888659374\">\n<div class=\"elm text-edit gf-elm-left gf-elm-left-lg gf-elm-left-md gf-elm-left-sm gf-elm-left-xs gf_gs-text-paragraph-1\" data-gemlang=\"en\" data-exc=\"\">\n<p>Penetreaz\u0103 pielea mai ad\u00e2nc dec\u00e2t toate culorile de lumin\u0103 pentru a stimula energia celular\u0103 (ATP). Acest lucru ajut\u0103 la sus\u021binerea unei produc\u021bii crescute de colagen, la cre\u0219terea circula\u021biei sanguine, la accelerarea vindec\u0103rii \u0219i la reducerea inflama\u021biei, a liniilor fine \u0219i a ridurilor.<\/p>\n<\/div>\n<\/div>\n<div id=\"e-1689888659284\" class=\"element-wrap\" data-label=\"Text Block\" data-icon=\"gpicon-textblock\" data-ver=\"1\" data-id=\"1689888659284\">\n<div class=\"elm text-edit gf-elm-left gf-elm-left-lg gf-elm-left-md gf-elm-left-sm gf-elm-left-xs gf_gs-text-paragraph-1\" data-gemlang=\"en\" data-exc=\"\">\n<p><b>Terapie cu c\u0103ldur\u0103<\/b><\/p>\n<\/div>\n<\/div>\n<div id=\"e-1689888659293\" class=\"element-wrap\" data-label=\"Text Block\" data-icon=\"gpicon-textblock\" data-ver=\"1\" data-id=\"1689888659293\">\n<div class=\"elm text-edit gf-elm-left gf_gs-text-paragraph-1\" data-gemlang=\"en\">\n<p>Ofer\u0103 c\u0103ldur\u0103 controlat\u0103 \u00een zonele vizate pentru a ajuta la \u00eembun\u0103t\u0103\u021birea fluxului sanguin, pentru a \u00eencuraja livrarea de nutrien\u021bi c\u0103tre celule, pentru a ajuta la eliminarea toxinelor, pentru a atenua durerea, pentru a reduce tensiunea muscular\u0103 \u0219i pentru a promova relaxarea.<\/p>\n<\/div>\n<\/div>\n<pre><strong><em><a href=\"https:\/\/mylifepharm.com\/lifeglobal\/joinnow\" target=\"_blank\" rel=\"noopener\">Cump\u0103r\u0103 direct produc\u0103tor LIFEPHARM<\/a><\/em><\/strong><\/pre>","protected":false},"excerpt":{"rendered":"<p><span class=\"s1\"><b>OFERT\u0102 SPECIAL\u0102:<\/b><\/span>\u00a0Achizi\u021biona\u021bi\u00a0<span class=\"s1\"><b>Cellnergy Wellness<\/b><\/span>\u00a0\u0219i beneficia\u021bi de\u00a0<span class=\"s1\"><b>CADOU<\/b><\/span> suport extensibil 1,6 m (valoare 250 RON)<\/p>\n<p>\u200d\u2695\ufe0f\u00a0<strong><em>Oncoterapeut Silviu Br\u00eenzoi<\/em><\/strong><strong><em>\u00a0<\/em><\/strong>acord\u0103 consultan\u021b\u0103 gratuit\u0103<strong><em>.<\/em><\/strong><br \/>\n\u2705 Produse 100% autentice, provenien\u021b\u0103 Statele Unite ale Americii.<br \/>\nImportator oficial LifePharm \u00een Europa, comand\u0103 produc\u0103tor\u00a0<a href=\"https:\/\/mylifepharm.com\/lifeglobal\/joinnow\">aici<\/a><br \/>\nProdusele sunt \u00eenso\u021bite de factur\u0103 fiscal\u0103, garan\u021bie.<br \/>\n\ufe0f <strong><em><a href=\"https:\/\/lifeglobal.ro\/informatii-si-detalii-produse\/\">Detalii \u0219i informa\u021bii produse.<\/a><\/em><\/strong><\/p>","protected":false},"featured_media":5884,"comment_status":"open","ping_status":"closed","template":"elementor_theme","meta":[],"product_brand":[],"product_cat":[155],"product_tag":[166],"class_list":{"0":"post-275","1":"product","2":"type-product","3":"status-publish","4":"has-post-thumbnail","6":"product_cat-biowave","7":"product_tag-biowave","8":"ts_product_brand-lifepharm","10":"first","11":"instock","12":"sale","13":"featured","14":"purchasable","15":"product-type-simple"},"jetpack_sharing_enabled":true,"_links":{"self":[{"href":"https:\/\/globalpharm.ro\/ro\/wp-json\/wp\/v2\/product\/275","targetHints":{"allow":["GET"]}}],"collection":[{"href":"https:\/\/globalpharm.ro\/ro\/wp-json\/wp\/v2\/product"}],"about":[{"href":"https:\/\/globalpharm.ro\/ro\/wp-json\/wp\/v2\/types\/product"}],"replies":[{"embeddable":true,"href":"https:\/\/globalpharm.ro\/ro\/wp-json\/wp\/v2\/comments?post=275"}],"version-history":[{"count":52,"href":"https:\/\/globalpharm.ro\/ro\/wp-json\/wp\/v2\/product\/275\/revisions"}],"predecessor-version":[{"id":8731,"href":"https:\/\/globalpharm.ro\/ro\/wp-json\/wp\/v2\/product\/275\/revisions\/8731"}],"wp:featuredmedia":[{"embeddable":true,"href":"https:\/\/globalpharm.ro\/ro\/wp-json\/wp\/v2\/media\/5884"}],"wp:attachment":[{"href":"https:\/\/globalpharm.ro\/ro\/wp-json\/wp\/v2\/media?parent=275"}],"wp:term":[{"taxonomy":"product_brand","embeddable":true,"href":"https:\/\/globalpharm.ro\/ro\/wp-json\/wp\/v2\/product_brand?post=275"},{"taxonomy":"product_cat","embeddable":true,"href":"https:\/\/globalpharm.ro\/ro\/wp-json\/wp\/v2\/product_cat?post=275"},{"taxonomy":"product_tag","embeddable":true,"href":"https:\/\/globalpharm.ro\/ro\/wp-json\/wp\/v2\/product_tag?post=275"}],"curies":[{"name":"wp","href":"https:\/\/api.w.org\/{rel}","templated":true}]}}