{"id":276,"date":"2022-03-03T15:35:24","date_gmt":"2022-03-03T08:35:24","guid":{"rendered":"https:\/\/lifepharmshop.com\/?post_type=product&#038;p=276"},"modified":"2026-01-10T22:43:12","modified_gmt":"2026-01-10T20:43:12","slug":"cream","status":"publish","type":"product","link":"https:\/\/globalpharm.ro\/ro\/produs\/cream\/","title":{"rendered":"Cellnergy Wellness Power Cream"},"content":{"rendered":"<h5 style=\"text-align: center;\">Cellnergy Wellness PowerCream, crem\u0103 topic\u0103 auto\u00eenc\u0103lzitoare pentru tratarea \u0219i ameliorarea articula\u021biilor dureroase, supliment 100% natural<\/h5>\n<h6 style=\"text-align: center;\"><strong><em>Cellnergy Wellness PowerCream produs original LIFEPHARM, provenien\u021b\u0103 Statele Unite ale Americii, livrare cu factur\u0103 fiscal\u0103. D<\/em><\/strong><strong><em>istribuitor oficial Lifepharm, pentru livrare \u00een Europa, U.K., Canada \u0219i USA <a href=\"https:\/\/mylifepharm.com\/lifeglobal\/joinnow\" target=\"_blank\" rel=\"noopener\">apas\u0103 aici.<\/a><\/em><\/strong><\/h6>\n<p>&nbsp;<\/p>\n<h5 style=\"text-align: center;\"><strong><em>Recomandat de <a href=\"https:\/\/bioglobal.ro\/\" target=\"_blank\" rel=\"noopener\">Oncoterapeut Silviu Br\u00eenzoi<\/a> \u0219i acord\u0103 pro bono suport terapeutic permanent. Dup\u0103 achizi\u021bia produselor beneficia\u021bi din partea dumnealui de consiliere terapeutic\u0103, administrare corect\u0103, dozaj, alte informa\u021bii necesare.<\/em><\/strong><\/h5>\n<p>&nbsp;<\/p>\n<h5 style=\"text-align: center;\"><strong><em><a href=\"https:\/\/globalpharm.ro\">ANUN\u021a IMPORTANT! Modificare cot\u0103 TVA la suplimentele alimentare<\/a><\/em><\/strong><strong>\u00a0 <\/strong><\/h5>\n<h5 style=\"text-align: center;\">V\u0103 inform\u0103m c\u0103, \u00eencep\u00e2nd cu\u00a0<strong>1 august 2025<\/strong>, \u00een baza\u00a0<strong>Legii nr. 141\/2025<\/strong>\u00a0privind unele m\u0103suri fiscal-bugetare, publicat\u0103 \u00een Monitorul Oficial, prin care s-au modificat prevederile art. 291 din Codul Fiscal, <strong><em>se modific\u0103 cota de TVA aplicabil\u0103 suplimentelor alimentare \u00een Rom\u00e2nia, <\/em><\/strong>respectiv de la 9%<strong><em> se va schimba \u00een 21%.<\/em><\/strong><\/h5>\n<p>&nbsp;<\/p>\n<pre style=\"text-align: center;\"><strong><em><a href=\"https:\/\/mylifepharm.com\/lifeglobal\/joinnow\" target=\"_blank\" rel=\"noopener\">Cump\u0103r\u0103 direct produc\u0103tor LIFEPHARM<\/a><\/em><\/strong><\/pre>\n<p><img fetchpriority=\"high\" decoding=\"async\" class=\"size-medium wp-image-6794 aligncenter\" src=\"https:\/\/globalpharm.ro\/wp-content\/uploads\/2022\/03\/silviu_b-300x300.jpg\" alt=\"silviu_b\" width=\"300\" height=\"300\" srcset=\"https:\/\/globalpharm.ro\/wp-content\/uploads\/2022\/03\/silviu_b-300x300.jpg 300w, https:\/\/globalpharm.ro\/wp-content\/uploads\/2022\/03\/silviu_b-1021x1024.jpg 1021w, https:\/\/globalpharm.ro\/wp-content\/uploads\/2022\/03\/silviu_b-150x150.jpg 150w, https:\/\/globalpharm.ro\/wp-content\/uploads\/2022\/03\/silviu_b-768x770.jpg 768w, https:\/\/globalpharm.ro\/wp-content\/uploads\/2022\/03\/silviu_b-406x406.jpg 406w, https:\/\/globalpharm.ro\/wp-content\/uploads\/2022\/03\/silviu_b-120x120.jpg 120w, https:\/\/globalpharm.ro\/wp-content\/uploads\/2022\/03\/silviu_b-12x12.jpg 12w, https:\/\/globalpharm.ro\/wp-content\/uploads\/2022\/03\/silviu_b-404x404.jpg 404w, https:\/\/globalpharm.ro\/wp-content\/uploads\/2022\/03\/silviu_b-840x843.jpg 840w, https:\/\/globalpharm.ro\/wp-content\/uploads\/2022\/03\/silviu_b-100x100.jpg 100w, https:\/\/globalpharm.ro\/wp-content\/uploads\/2022\/03\/silviu_b-54x54.jpg 54w, https:\/\/globalpharm.ro\/wp-content\/uploads\/2022\/03\/silviu_b-310x310.jpg 310w, https:\/\/globalpharm.ro\/wp-content\/uploads\/2022\/03\/silviu_b-80x80.jpg 80w, https:\/\/globalpharm.ro\/wp-content\/uploads\/2022\/03\/silviu_b.jpg 1280w\" sizes=\"(max-width: 300px) 100vw, 300px\" \/><\/p>\n<p>&nbsp;<\/p>\n<h5 style=\"text-align: center;\" data-start=\"1601\" data-end=\"1979\"><\/h5>\n<h6><b style=\"font-size: 16px;\">COMBATE TULBUR\u0102RI DEGENERATIVE \u0218I SUS\u021aINE S\u0102N\u0102TATEA ARTICULA\u021aIILOR<\/b><\/h6>\n<h6><span style=\"font-weight: 400;\">Cellnergy Wellness Power Cream este o crem\u0103 topic\u0103 auto\u00eenc\u0103lzitoare pentru tratarea \u0219i ameliorarea articula\u021biilor dureroase.<\/span><\/h6>\n<p><span style=\"font-weight: 400;\">Pe m\u0103sur\u0103 ce \u00eenaint\u0103m \u00een v\u00e2rst\u0103, articula\u021biile noastre nu se mai pot reface a\u0219a cum o f\u0103ceau \u00eenainte. Acest lucru se datoreaz\u0103 faptului c\u0103 celulele stem ale corpului nostru devin latente. Acest lucru este cunoscut sub numele de tulburare degenerativ\u0103.<\/span><\/p>\n<p><span style=\"font-weight: 400;\">Cellnergy Wellness PowerCream este prima solu\u021bie topic\u0103 din lume pentru tulbur\u0103rile degenerative. Aceasta con\u021bine un amestec unic de factori de cre\u0219tere bioactivi care s-au dovedit a reactiva celulele stem \u0219i a combate tulbur\u0103rile degenerative.<\/span><\/p>\n<p><span style=\"font-weight: 400;\">De asemenea, asociaz\u0103 ace\u0219ti factori de cre\u0219tere bioactivi cu un amestec de ingrediente &#8211; care con\u021bin un agent senzorial natural \u0219i energie infraro\u0219ie pentru a crea tehnologia de ultim\u0103 genera\u021bie ThermalWave.<\/span><\/p>\n<p><span style=\"font-weight: 400;\">Aceast\u0103 tehnologie ThermalWave face ca crema s\u0103 se auto\u00eenc\u0103lzeasc\u0103. Aceasta se simte cald\u0103 \u0219i reconfortant\u0103 atunci c\u00e2nd este aplicat\u0103 pe articula\u021bii. \u0218i s-a demonstrat c\u0103 energia infraro\u0219ie din interior ajunge \u00een profunzime \u00een piele pentru a calma articula\u021biile, a stimula fluxul sanguin, a \u00eembun\u0103t\u0103\u021bi calitatea somnului \u0219i a promova activitatea celular\u0103. Studiile arat\u0103 c\u0103 energia infraro\u0219ie folosit\u0103 \u00een Cellnergy Wellness Power Cream este o terapie sigur\u0103 \u0219i eficient\u0103 pentru ameliorarea disconfortului articular.<\/span><\/p>\n<p><span style=\"font-weight: 400;\">V\u0103 confrunta\u021bi cu disconfort articular sau muscular? Pur \u0219i simplu aplica\u021bi Cellnergy Power Cream pe zona afectat\u0103 de dou\u0103 ori pe zi pentru cele mai bune rezultate.<\/span><\/p>\n<p>Sfat profesional: Pentru un somn mai bun, aplica\u021bi produsul pe ceaf\u0103 \u0219i pe partea superioar\u0103 a spatelui \u00eenainte de culcare.<\/p>\n<p>&nbsp;<\/p>\n<div id=\"e-1711466874517\" class=\"element-wrap\" data-label=\"Heading\" data-icon=\"gpicon-heading\" data-ver=\"1\" data-id=\"1711466874517\">\n<div class=\"elm text-edit gf-elm-center gf-elm-left-md gf-elm-left-lg gf-elm-left-sm gf-elm-left-xs\" data-gemlang=\"en\" data-exc=\"\">\n<h5 class=\"gf_gs-text-heading-2\">Beneficii:<\/h5>\n<\/div>\n<\/div>\n<div id=\"e-1711466874506\" class=\"element-wrap\" data-label=\"Text Block\" data-key=\"text-block\" data-atomgroup=\"element\" data-icon=\"gpicon-textblock\" data-ver=\"1\" data-id=\"1711466874506\">\n<div class=\"elm text-edit gf-elm-left gf-elm-left-md gf-elm-left-sm gf-elm-left-xs gf-elm-left-lg gf_gs-text-paragraph-1\" data-gemlang=\"en\" data-exc=\"\">\n<p><b>&#8211; Ameliorarea rapid\u0103 a disconfortului articular prin tehnologia ThermalWave*.<\/b><\/p>\n<\/div>\n<\/div>\n<div id=\"e-1711466874571\" class=\"element-wrap\" data-label=\"Text Block\" data-key=\"text-block\" data-atomgroup=\"element\" data-icon=\"gpicon-textblock\" data-ver=\"1\" data-id=\"1711466874571\">\n<div class=\"elm text-edit gf-elm-left gf-elm-left-md gf-elm-left-sm gf-elm-left-xs gf-elm-left-lg gf_gs-text-paragraph-1\" data-gemlang=\"en\" data-exc=\"\">\n<p><b>&#8211; Abordeaz\u0103 cauza principal\u0103 a tulbur\u0103rilor degenerative prin promovarea activ\u0103rii celulelor stem*.<\/b><\/p>\n<\/div>\n<\/div>\n<div id=\"e-1711466874544\" class=\"element-wrap\" data-label=\"Text Block\" data-key=\"text-block\" data-atomgroup=\"element\" data-icon=\"gpicon-textblock\" data-ver=\"1\" data-id=\"1711466874544\">\n<div class=\"elm text-edit gf-elm-left gf-elm-left-md gf-elm-left-sm gf-elm-left-xs gf-elm-left-lg gf_gs-text-paragraph-1\" data-gemlang=\"en\" data-exc=\"\">\n<p><b>&#8211; \u00cembun\u0103t\u0103\u021be\u0219te circula\u021bia s\u00e2ngelui pentru a promova activitatea celular\u0103 \u0219i vindecarea*<\/b><\/p>\n<\/div>\n<\/div>\n<div id=\"e-1711466874511\" class=\"element-wrap\" data-label=\"Text Block\" data-key=\"text-block\" data-atomgroup=\"element\" data-icon=\"gpicon-textblock\" data-ver=\"1\" data-id=\"1711466874511\">\n<div class=\"elm text-edit gf-elm-left gf-elm-left-md gf-elm-left-sm gf-elm-left-xs gf-elm-left-lg gf_gs-text-paragraph-1\" data-gemlang=\"en\" data-exc=\"\">\n<p><strong>&#8211; Promoveaz\u0103 un somn profund pentru o mai bun\u0103 concentrare \u0219i claritate mental\u0103*.<\/strong><\/p>\n<\/div>\n<\/div>\n<p>&nbsp;<\/p>\n<div id=\"e-1711466887266\" class=\"element-wrap\" data-label=\"Heading\" data-icon=\"gpicon-heading\" data-ver=\"1\" data-id=\"1711466887266\">\n<div class=\"elm text-edit gf-elm-center gf-elm-left-md gf-elm-left-sm gf-elm-left-lg gf-elm-left-xs\" data-gemlang=\"en\" data-exc=\"\">\n<h5 class=\"gf_gs-text-heading-2\">Ingrediente de \u00eenalt\u0103 calitate<\/h5>\n<\/div>\n<\/div>\n<div id=\"e-1711466887197\" class=\"element-wrap\" data-label=\"Text Block\" data-icon=\"gpicon-textblock\" data-ver=\"1\" data-id=\"1711466887197\">\n<div class=\"elm text-edit gf-elm-left gf-elm-left-md gf-elm-left-sm gf-elm-left-xs gf-elm-left-lg gf_gs-text-paragraph-1\" data-gemlang=\"en\" data-exc=\"\">\n<p><b>FACTORI DE CRE\u0218TERE BIOACTIVI<\/b><\/p>\n<\/div>\n<\/div>\n<div id=\"e-1711466887246\" class=\"element-wrap\" data-label=\"Text Block\" data-icon=\"gpicon-textblock\" data-ver=\"1\" data-id=\"1711466887246\">\n<div class=\"elm text-edit gf-elm-left gf-elm-left-lg gf-elm-left-md gf-elm-left-sm gf-elm-left-xs gf_gs-text-paragraph-1\" data-gemlang=\"en\" data-exc=\"\">\n<p>Amestec patentat de factori de cre\u0219tere bioactivi, inclusiv FGF-2 (FibroBlast Growth Factor-2), conceput pentru a reactiva celulele stem latente, precum \u0219i factorul de cre\u0219tere derivat din trombocite \u0219i factorul de cre\u0219tere transformant Beta-1, pentru a ajuta la stimularea cre\u0219terii \u0219i repar\u0103rii celulelor, pentru a reduce inflama\u021bia \u0219i a spori produc\u021bia de matrice cartilaginoas\u0103.<\/p>\n<\/div>\n<\/div>\n<div id=\"e-1711466887184\" class=\"element-wrap\" data-label=\"Text Block\" data-icon=\"gpicon-textblock\" data-ver=\"1\" data-id=\"1711466887184\">\n<div class=\"elm text-edit gf-elm-left gf-elm-left-lg gf-elm-left-md gf-elm-left-sm gf-elm-left-xs gf_gs-text-paragraph-1\" data-gemlang=\"en\" data-exc=\"\">\n<p><b>TEHNOLOGIE THERMALWAVE<\/b><\/p>\n<\/div>\n<\/div>\n<div id=\"e-1711466887261\" class=\"element-wrap\" data-label=\"Text Block\" data-icon=\"gpicon-textblock\" data-ver=\"1\" data-id=\"1711466887261\">\n<div class=\"elm text-edit gf-elm-left gf-elm-left-lg gf-elm-left-md gf-elm-left-sm gf-elm-left-xs gf_gs-text-paragraph-1\" data-gemlang=\"en\" data-exc=\"\">\n<p>Formul\u0103 unic\u0103 de ingrediente naturale, inclusiv un agent senzorial \u0219i energie infraro\u0219ie pentru a calma articula\u021biile dureroase, a stimula fluxul sanguin \u0219i a promova activitatea celular\u0103 \u0219i vindecarea.<\/p>\n<\/div>\n<\/div>\n<div id=\"e-1711466887233\" class=\"element-wrap\" data-label=\"Text Block\" data-icon=\"gpicon-textblock\" data-ver=\"1\" data-id=\"1711466887233\">\n<div class=\"elm text-edit gf-elm-left gf-elm-left-lg gf-elm-left-md gf-elm-left-sm gf-elm-left-xs gf_gs-text-paragraph-1\" data-gemlang=\"en\" data-exc=\"\">\n<p><b>FORMUL\u0102 DE SUS\u021aINERE A ARTICULA\u021aIILOR<\/b><\/p>\n<\/div>\n<\/div>\n<div id=\"e-1711466887245\" class=\"element-wrap\" data-label=\"Text Block\" data-icon=\"gpicon-textblock\" data-ver=\"1\" data-id=\"1711466887245\">\n<div class=\"elm text-edit gf-elm-left gf_gs-text-paragraph-1 gf-elm-left-lg gf-elm-left-md gf-elm-left-sm gf-elm-left-xs\" data-gemlang=\"en\" data-exc=\"\">\n<p>Acidul hialuronic, vitamina A, vitamina C, ceramide, acidul glicolic \u0219i acidul lactic, arnica \u0219i c\u00e2nep\u0103 sunt ad\u0103ugate pentru a sus\u021bine proliferarea celulelor stem, pentru a stimula produc\u021bia natural\u0103 de colagen, pentru a ajuta la lubrifierea articula\u021biilor \u0219i pentru a promova cartilajul s\u0103n\u0103tos.<\/p>\n<\/div>\n<p>&nbsp;<\/p>\n<\/div>\n<pre><strong><em><a href=\"https:\/\/mylifepharm.com\/lifeglobal\/joinnow\" target=\"_blank\" rel=\"noopener\">Cump\u0103r\u0103 direct produc\u0103tor LIFEPHARM<\/a><\/em><\/strong><\/pre>","protected":false},"excerpt":{"rendered":"<p>&nbsp;<\/p>\n<p>\u200d\u2695\ufe0f\u00a0<strong><em>Oncoterapeut Silviu Br\u00eenzoi<\/em><\/strong><strong><em>\u00a0<\/em><\/strong>acord\u0103 consultan\u021b\u0103 gratuit\u0103<strong><em>.<\/em><\/strong><br \/>\n\u2705 Produse 100% autentice, provenien\u021b\u0103 Statele Unite ale Americii.<br \/>\nImportator oficial LifePharm \u00een Europa, comand\u0103 produc\u0103tor\u00a0<a href=\"https:\/\/mylifepharm.com\/lifeglobal\/joinnow\">aici<\/a><br \/>\nProdusele sunt \u00eenso\u021bite de factur\u0103 fiscal\u0103, garan\u021bie.<br \/>\n\ufe0f <strong><em><a href=\"https:\/\/lifeglobal.ro\/informatii-si-detalii-produse\/\">Detalii \u0219i informa\u021bii produse.<\/a><\/em><\/strong><\/p>","protected":false},"featured_media":7132,"comment_status":"open","ping_status":"closed","template":"","meta":[],"product_brand":[],"product_cat":[155],"product_tag":[166],"class_list":{"0":"post-276","1":"product","2":"type-product","3":"status-publish","4":"has-post-thumbnail","6":"product_cat-biowave","7":"product_tag-biowave","8":"ts_product_brand-lifepharm","10":"first","11":"instock","12":"sale","13":"featured","14":"purchasable","15":"product-type-variable","16":"has-default-attributes"},"jetpack_sharing_enabled":true,"_links":{"self":[{"href":"https:\/\/globalpharm.ro\/ro\/wp-json\/wp\/v2\/product\/276","targetHints":{"allow":["GET"]}}],"collection":[{"href":"https:\/\/globalpharm.ro\/ro\/wp-json\/wp\/v2\/product"}],"about":[{"href":"https:\/\/globalpharm.ro\/ro\/wp-json\/wp\/v2\/types\/product"}],"replies":[{"embeddable":true,"href":"https:\/\/globalpharm.ro\/ro\/wp-json\/wp\/v2\/comments?post=276"}],"version-history":[{"count":14,"href":"https:\/\/globalpharm.ro\/ro\/wp-json\/wp\/v2\/product\/276\/revisions"}],"predecessor-version":[{"id":8603,"href":"https:\/\/globalpharm.ro\/ro\/wp-json\/wp\/v2\/product\/276\/revisions\/8603"}],"wp:featuredmedia":[{"embeddable":true,"href":"https:\/\/globalpharm.ro\/ro\/wp-json\/wp\/v2\/media\/7132"}],"wp:attachment":[{"href":"https:\/\/globalpharm.ro\/ro\/wp-json\/wp\/v2\/media?parent=276"}],"wp:term":[{"taxonomy":"product_brand","embeddable":true,"href":"https:\/\/globalpharm.ro\/ro\/wp-json\/wp\/v2\/product_brand?post=276"},{"taxonomy":"product_cat","embeddable":true,"href":"https:\/\/globalpharm.ro\/ro\/wp-json\/wp\/v2\/product_cat?post=276"},{"taxonomy":"product_tag","embeddable":true,"href":"https:\/\/globalpharm.ro\/ro\/wp-json\/wp\/v2\/product_tag?post=276"}],"curies":[{"name":"wp","href":"https:\/\/api.w.org\/{rel}","templated":true}]}}