{"id":277,"date":"2022-03-03T15:35:25","date_gmt":"2022-03-03T08:35:25","guid":{"rendered":"https:\/\/lifepharmshop.com\/?post_type=product&#038;p=277"},"modified":"2025-12-21T10:06:19","modified_gmt":"2025-12-21T08:06:19","slug":"refive","status":"publish","type":"product","link":"https:\/\/globalpharm.ro\/ro\/produs\/refive\/","title":{"rendered":"Refive LifePharm 30 plicuri"},"content":{"rendered":"<h5 style=\"text-align: center;\">Refive Lifepharm, pachet suplimente naturale alimentare bioactive 100%<\/h5>\n<h6 style=\"text-align: center;\"><strong><em>Refive \u00a0produs original LIFEPHARM, provenien\u021b\u0103 Statele Unite ale Americii, livrare cu factur\u0103 fiscal\u0103. D<\/em><\/strong><strong><em>istribuitor oficial Lifepharm, pentru livrare \u00een Europa, U.K., Canada \u0219i USA <a href=\"https:\/\/mylifepharm.com\/lifeglobal\/joinnow\" target=\"_blank\" rel=\"noopener\">apas\u0103 aici.<\/a><\/em><\/strong><\/h6>\n<h5 style=\"text-align: center;\"><strong><em>Recomandat de <a href=\"https:\/\/bioglobal.ro\/\" target=\"_blank\" rel=\"noopener\">Oncoterapeut Silviu Br\u00eenzoi<\/a>, cel care a lansat acest dispozitiv \u00een Europa, Ungaria 2023 \u00a0\u0219i acord\u0103 pro bono suport terapeutic permanent. Dup\u0103 achizi\u021bia produselor beneficia\u021bi din partea dumnealui de consiliere terapeutic\u0103, administrare corect\u0103, dozaj, \u00a0alte informa\u021bii necesare.<\/em><\/strong><\/h5>\n<p>&nbsp;<\/p>\n<h5 style=\"text-align: center;\"><strong><em><a href=\"https:\/\/globalpharm.ro\">ANUN\u021a IMPORTANT! Modificare cot\u0103 TVA la suplimentele alimentare<\/a><\/em><\/strong><strong>\u00a0 <\/strong><\/h5>\n<h5 style=\"text-align: center;\">V\u0103 inform\u0103m c\u0103, \u00eencep\u00e2nd cu\u00a0<strong>1 august 2025<\/strong>, \u00een baza\u00a0<strong>Legii nr. 141\/2025<\/strong>\u00a0privind unele m\u0103suri fiscal-bugetare, publicat\u0103 \u00een Monitorul Oficial, prin care s-au modificat prevederile art. 291 din Codul Fiscal, <strong><em>se modific\u0103 cota de TVA aplicabil\u0103 suplimentelor alimentare \u00een Rom\u00e2nia, <\/em><\/strong>respectiv de la 9%<strong><em> se va schimba \u00een 21%.<\/em><\/strong><\/h5>\n<p>&nbsp;<\/p>\n<pre style=\"text-align: center;\"><strong><em><a href=\"https:\/\/mylifepharm.com\/lifeglobal\/joinnow\" target=\"_blank\" rel=\"noopener\">Cump\u0103r\u0103 direct produc\u0103tor LIFEPHARM<\/a><\/em><\/strong><\/pre>\n<p><img fetchpriority=\"high\" decoding=\"async\" class=\"size-medium wp-image-6794 aligncenter\" src=\"https:\/\/globalpharm.ro\/wp-content\/uploads\/2022\/03\/silviu_b-300x300.jpg\" alt=\"silviu_b\" width=\"300\" height=\"300\" srcset=\"https:\/\/globalpharm.ro\/wp-content\/uploads\/2022\/03\/silviu_b-300x300.jpg 300w, https:\/\/globalpharm.ro\/wp-content\/uploads\/2022\/03\/silviu_b-1021x1024.jpg 1021w, https:\/\/globalpharm.ro\/wp-content\/uploads\/2022\/03\/silviu_b-150x150.jpg 150w, https:\/\/globalpharm.ro\/wp-content\/uploads\/2022\/03\/silviu_b-768x770.jpg 768w, https:\/\/globalpharm.ro\/wp-content\/uploads\/2022\/03\/silviu_b-406x406.jpg 406w, https:\/\/globalpharm.ro\/wp-content\/uploads\/2022\/03\/silviu_b-120x120.jpg 120w, https:\/\/globalpharm.ro\/wp-content\/uploads\/2022\/03\/silviu_b-12x12.jpg 12w, https:\/\/globalpharm.ro\/wp-content\/uploads\/2022\/03\/silviu_b-404x404.jpg 404w, https:\/\/globalpharm.ro\/wp-content\/uploads\/2022\/03\/silviu_b-840x843.jpg 840w, https:\/\/globalpharm.ro\/wp-content\/uploads\/2022\/03\/silviu_b-100x100.jpg 100w, https:\/\/globalpharm.ro\/wp-content\/uploads\/2022\/03\/silviu_b-54x54.jpg 54w, https:\/\/globalpharm.ro\/wp-content\/uploads\/2022\/03\/silviu_b-310x310.jpg 310w, https:\/\/globalpharm.ro\/wp-content\/uploads\/2022\/03\/silviu_b-80x80.jpg 80w, https:\/\/globalpharm.ro\/wp-content\/uploads\/2022\/03\/silviu_b.jpg 1280w\" sizes=\"(max-width: 300px) 100vw, 300px\" \/><\/p>\n<h6><em><strong>Refive Lifepharm<\/strong><\/em> distribuit la nivel europen de Lifepharm Romania, contine toate suplimentele nutri\u021bionale cu adevarat speciale, ofer\u0103 protec\u021bie total\u0103 a corpului \u0219i performan\u021be ale functiei cognitive pentru men\u021binerea unei s\u0103n\u0103t\u0103\u021bi excelente. Fiecare pachet de putere care se potrive\u0219te chiar \u00een buzunar ofer\u0103 o ap\u0103rare complet\u0103 non-stop. \u00cencerca\u021bi <em><strong>Refive Lifepharm<\/strong><\/em> ast\u0103zi.<\/h6>\n<p>Fiecare cutie vine cu 30 de plicuri. Fiecare plic contine: 2 Laminine, 1 Omega, 1 digestiv, \u0219i 1 immune. Se recomand\u0103 s\u0103 lua\u021bi 1-2 plicuri zilnic.<\/p>\n<p id=\"tw-target-text\" class=\"tw-data-text tw-text-large tw-ta\" dir=\"ltr\" data-placeholder=\"Traducere\" aria-label=\"Text tradus\" data-ved=\"2ahUKEwjk4e20peKGAxU8nP0HHbYrDCIQ3ewLegQIBRAU\"><span class=\"Y2IQFc\" lang=\"ro\"><em><strong>Refive Lifepharm<\/strong><\/em> este ideal de c\u0103l\u0103torie, cu pachetul s\u0103u compact de multivitamine care se potrive\u0219te f\u0103r\u0103 efort \u00een geant\u0103 sau \u00een bagaje de m\u00e2n\u0103. Acest lucru asigur\u0103 c\u0103 nutrien\u021bii esen\u021biali oriunde te duci, promov\u00e2nd \u00eent\u0103rirea sistemului imunitar \u0219i bun\u0103starea general\u0103. Sanatate intr-un plic.<\/span><\/p>\n<div class=\"packet-item\">\n<h5>Con\u021bine:<\/h5>\n<div><\/div>\n<div><\/div>\n<div><\/div>\n<div>\n<div class=\"wp-caption aligncenter\">\n<p><img decoding=\"async\" src=\"https:\/\/www.lifepharm.com\/images\/Refive\/laminnine-capsule.png\" alt=\"refive\" width=\"152\" height=\"95\" \/><\/p>\n<p class=\"wp-caption-text\">laminine refive lifepharm<\/p>\n<\/div>\n<\/div>\n<p>&nbsp;<\/p>\n<div>2 capsule<strong>\u00a0LAMININE<sup>\u00ae\u00a0<\/sup><\/strong>cu beneficii ale s\u0103n\u0103t\u0103\u021bii tisulare, optimizeaz\u0103 func\u021bia celulara \u0219i protejeaz\u0103 ADN-ul prin extinderea telomerelor\u00a0<a href=\"https:\/\/dianysmedia.info\/proiect2541b\/laminine\" target=\"_blank\" rel=\"noopener\">(<\/a>vezi produs\u00a0LAMININE<sup>\u00ae<\/sup>).<\/div>\n<div><\/div>\n<\/div>\n<p>&nbsp;<\/p>\n<div>\n<div class=\"wp-caption aligncenter\">\n<p><img decoding=\"async\" src=\"https:\/\/www.lifepharm.com\/images\/Refive\/omega-capsule.png\" alt=\"refive \" width=\"188\" height=\"79\" \/><\/p>\n<p class=\"wp-caption-text\">omega+++ refive lifepharm<\/p>\n<\/div>\n<\/div>\n<p>&nbsp;<\/p>\n<div>1 capsul\u0103\u00a0<strong>OMEGA\u00a0<sup>+++<\/sup><\/strong>\u00a0cu rol \u00een men\u021binerea func\u021biei cardiace adecvate, con\u021bine o formulare proprie, divers\u0103. LifePharm utilizeaz\u0103 acizi gra\u0219i omega-3: EPA \u0219i DHA. OMEGA +++ este de asemenea fortificat cu vitamina K2. Ace\u0219ti acizi gra\u0219i omega confer\u0103 acestei formule unice o eficien\u021b\u0103 marita ce are un efect benefic asupra coagul\u0103rii normale a s\u00e2ngelui \u0219i, de asemenea, sus\u021bine func\u021bia normal\u0103 a inimii\u00a0<a href=\"https:\/\/www.terapii-alternative.ro\/omega\" target=\"_blank\" rel=\"noopener\">(<\/a>vezi produs\u00a0OMEGA\u00a0<sup>+++<\/sup>).<\/div>\n<div><\/div>\n<div class=\"packet-item\">\n<p>&nbsp;<\/p>\n<div>\n<div class=\"wp-caption aligncenter\">\n<p><img loading=\"lazy\" decoding=\"async\" src=\"https:\/\/www.lifepharm.com\/images\/Refive\/degestive-capsule.png\" alt=\"refive\" width=\"159\" height=\"62\" \/><\/p>\n<p class=\"wp-caption-text\">digestive+++ refive lifepharm<\/p>\n<\/div>\n<\/div>\n<p>&nbsp;<\/p>\n<div>1 capsul\u0103\u00a0<strong>DIGESTIVE\u00a0<sup>+++<\/sup><\/strong>\u00a0cu rolul sus\u021binerii optimizarii metabolismului digestiv, marind absortia nutrientilor\u00a0 \u0219i livrarea acestora in celule. (vezi produs\u00a0DIGESTIVE\u00a0<sup>+++<\/sup>).<\/div>\n<\/div>\n<div class=\"packet-item\">\n<div><\/div>\n<\/div>\n<div class=\"packet-item\">\n<p>&nbsp;<\/p>\n<div>\n<div class=\"wp-caption aligncenter\">\n<p><img loading=\"lazy\" decoding=\"async\" src=\"https:\/\/www.lifepharm.com\/images\/Refive\/immune-tablet.png\" alt=\"refive\" width=\"150\" height=\"58\" \/><\/p>\n<p class=\"wp-caption-text\">immune+++ refive lifepharm<\/p>\n<\/div>\n<\/div>\n<div><\/div>\n<div>1 capsula\u00a0<strong>IMMUNE+++<\/strong>\u00a0, cu rol de sustinere a imunitatii de fier. Stimularea productiei celulelor T si NK (natural killer), cele mai eficiente componente ale sistemului imunitar (vezi produs\u00a0Immune+++).<\/div>\n<div><\/div>\n<\/div>\n<div><\/div>\n<div class=\"packet-item\">\n<div class=\"vc_row wpb_row vc_row-fluid\">\n<div class=\"container\">\n<div class=\"row\">\n<div class=\"wpb_column vc_column_container vc_col-sm-12\">\n<div class=\"vc_column-inner\">\n<div class=\"wpb_wrapper\">\n<div class=\"wpb_text_column wpb_content_element\">\n<div class=\"wpb_wrapper\">\n<p>Suplimentele nutritionale contin ingrediente sigure. Pana in prezent nu s-au semnalat efecte secundare rezultate direct dintr-un tratament naturist. Persoanele pot reac\u021biona diferit la suplimente de uz uman. Unii au reac\u021bii minime sau deloc, dar acest fapt nu indic\u0103 dac\u0103 suplimentul este eficient sau nu. Suplimentul func\u021bioneaz\u0103, nu au reactii adverse, doar corpul reac\u021bioneaz\u0103 \u00eentr-un mod diferit la acesta.<\/p>\n<\/div>\n<\/div>\n<\/div>\n<\/div>\n<\/div>\n<\/div>\n<\/div>\n<\/div>\n<div class=\"vc_row wpb_row vc_row-fluid\">\n<div class=\"container\">\n<div class=\"row\">\n<div class=\"wpb_column vc_column_container vc_col-sm-12\">\n<div class=\"vc_column-inner\">\n<div class=\"wpb_wrapper\">\n<div class=\"wpb_text_column wpb_content_element wpb_animate_when_almost_visible wpb_bounceIn bounceIn wpb_start_animation animated\">\n<div class=\"wpb_wrapper\">\n<div><b>Toate produsele LIFEPHARM au \u00een compozi\u021bie extractul de ou fertilizat, unic brevetat la nivel mondial.<\/b><\/div>\n<div>\n<div class=\"vc_row wpb_row vc_row-fluid vc_custom_1617695841337\">\n<div class=\"container\">\n<div class=\"row\">\n<div class=\"wpb_column vc_column_container vc_col-sm-12\">\n<div class=\"vc_column-inner\">\n<div class=\"wpb_wrapper\">\n<div class=\"wpb_text_column wpb_content_element\">\n<div class=\"wpb_wrapper\">\n<p>&nbsp;<\/p>\n<pre><strong><em><a href=\"https:\/\/mylifepharm.com\/lifeglobal\/joinnow\" target=\"_blank\" rel=\"noopener\">Cump\u0103r\u0103 direct produc\u0103tor LIFEPHARM<\/a><\/em><\/strong><\/pre>\n<\/div>\n<\/div>\n<\/div>\n<\/div>\n<\/div>\n<\/div>\n<\/div>\n<\/div>\n<\/div>\n<\/div>\n<\/div>\n<\/div>\n<\/div>\n<\/div>\n<\/div>\n<\/div>\n<\/div>\n<\/div>","protected":false},"excerpt":{"rendered":"<p>&nbsp;<\/p>\n<p>\u200d\u2695\ufe0f\u00a0<strong><em>Oncoterapeut Silviu Br\u00eenzoi<\/em><\/strong><strong><em>\u00a0<\/em><\/strong>acord\u0103 consultan\u021b\u0103 gratuit\u0103<strong><em>.<\/em><\/strong><br \/>\n\u2705 Produse 100% autentice, provenien\u021b\u0103 Statele Unite ale Americii.<br \/>\nImportator oficial LifePharm \u00een Europa, comand\u0103 produc\u0103tor\u00a0<a href=\"https:\/\/mylifepharm.com\/lifeglobal\/joinnow\">aici<\/a><br \/>\nProdusele sunt \u00eenso\u021bite de factur\u0103 fiscal\u0103, garan\u021bie.<br \/>\n\ufe0f <strong><em><a href=\"https:\/\/lifeglobal.ro\/informatii-si-detalii-produse\/\">Detalii \u0219i informa\u021bii produse.<\/a><\/em><\/strong><\/p>","protected":false},"featured_media":5861,"comment_status":"open","ping_status":"closed","template":"","meta":[],"product_brand":[],"product_cat":[153],"product_tag":[163],"class_list":{"0":"post-277","1":"product","2":"type-product","3":"status-publish","4":"has-post-thumbnail","6":"product_cat-suplimente","7":"product_tag-suplimente","8":"ts_product_brand-lifepharm","10":"first","11":"instock","12":"sale","13":"featured","14":"purchasable","15":"product-type-simple"},"jetpack_sharing_enabled":true,"_links":{"self":[{"href":"https:\/\/globalpharm.ro\/ro\/wp-json\/wp\/v2\/product\/277","targetHints":{"allow":["GET"]}}],"collection":[{"href":"https:\/\/globalpharm.ro\/ro\/wp-json\/wp\/v2\/product"}],"about":[{"href":"https:\/\/globalpharm.ro\/ro\/wp-json\/wp\/v2\/types\/product"}],"replies":[{"embeddable":true,"href":"https:\/\/globalpharm.ro\/ro\/wp-json\/wp\/v2\/comments?post=277"}],"version-history":[{"count":11,"href":"https:\/\/globalpharm.ro\/ro\/wp-json\/wp\/v2\/product\/277\/revisions"}],"predecessor-version":[{"id":6316,"href":"https:\/\/globalpharm.ro\/ro\/wp-json\/wp\/v2\/product\/277\/revisions\/6316"}],"wp:featuredmedia":[{"embeddable":true,"href":"https:\/\/globalpharm.ro\/ro\/wp-json\/wp\/v2\/media\/5861"}],"wp:attachment":[{"href":"https:\/\/globalpharm.ro\/ro\/wp-json\/wp\/v2\/media?parent=277"}],"wp:term":[{"taxonomy":"product_brand","embeddable":true,"href":"https:\/\/globalpharm.ro\/ro\/wp-json\/wp\/v2\/product_brand?post=277"},{"taxonomy":"product_cat","embeddable":true,"href":"https:\/\/globalpharm.ro\/ro\/wp-json\/wp\/v2\/product_cat?post=277"},{"taxonomy":"product_tag","embeddable":true,"href":"https:\/\/globalpharm.ro\/ro\/wp-json\/wp\/v2\/product_tag?post=277"}],"curies":[{"name":"wp","href":"https:\/\/api.w.org\/{rel}","templated":true}]}}