{"id":278,"date":"2022-03-03T15:39:10","date_gmt":"2022-03-03T08:39:10","guid":{"rendered":"https:\/\/lifepharmshop.com\/?post_type=product&#038;p=278"},"modified":"2026-02-02T15:57:12","modified_gmt":"2026-02-02T13:57:12","slug":"extrim","status":"publish","type":"product","link":"https:\/\/globalpharm.ro\/ro\/produs\/extrim\/","title":{"rendered":"Extrim Shape LifePharm"},"content":{"rendered":"<h5 style=\"text-align: center;\">Extrim Shape Lifepharm, supliment natural alimentar bioactiv 100% pentru sl\u0103bit, men\u021binerea greut\u0103\u021bii<\/h5>\n<p>&nbsp;<\/p>\n<h6 style=\"text-align: center;\"><strong><em>Extrim Shape \u00a0produs original LIFEPHARM, provenien\u021b\u0103 Statele Unite ale Americii, livrare cu factur\u0103 fiscal\u0103. D<\/em><\/strong><strong><em>istribuitor oficial Lifepharm, pentru livrare \u00een Europa, U.K., Canada \u0219i USA <a href=\"https:\/\/mylifepharm.com\/lifeglobal\/joinnow\" target=\"_blank\" rel=\"noopener\">apas\u0103 aici.<\/a><\/em><\/strong><\/h6>\n<h5 style=\"text-align: center;\"><strong><em>Recomandat de <a href=\"https:\/\/bioglobal.ro\/\" target=\"_blank\" rel=\"noopener\">Oncoterapeut Silviu Br\u00eenzoi <\/a>\u0219i acord\u0103 pro bono suport terapeutic permanent. Dup\u0103 achizi\u021bia produselor beneficia\u021bi din partea dumnealui de consiliere terapeutic\u0103, administrare corect\u0103, dozaj, alte informa\u021bii necesare.<\/em><\/strong><\/h5>\n<p>&nbsp;<\/p>\n<h5 style=\"text-align: center;\"><strong><em><a href=\"https:\/\/globalpharm.ro\">ANUN\u021a IMPORTANT! Modificare cot\u0103 TVA la suplimentele alimentare<\/a><\/em><\/strong><strong>\u00a0 <\/strong><\/h5>\n<h5 style=\"text-align: center;\">V\u0103 inform\u0103m c\u0103, \u00eencep\u00e2nd cu\u00a0<strong>1 august 2025<\/strong>, \u00een baza\u00a0<strong>Legii nr. 141\/2025<\/strong>\u00a0privind unele m\u0103suri fiscal-bugetare, publicat\u0103 \u00een Monitorul Oficial, prin care s-au modificat prevederile art. 291 din Codul Fiscal, <strong><em>se modific\u0103 cota de TVA aplicabil\u0103 suplimentelor alimentare \u00een Rom\u00e2nia, <\/em><\/strong>respectiv de la 9%<strong><em> se va schimba \u00een 21%.<\/em><\/strong><\/h5>\n<p>&nbsp;<\/p>\n<pre style=\"text-align: center;\"><strong><em><a href=\"https:\/\/mylifepharm.com\/lifeglobal\/joinnow\" target=\"_blank\" rel=\"noopener\">Cump\u0103r\u0103 direct produc\u0103tor LIFEPHARM<\/a><\/em><\/strong><\/pre>\n<p><img fetchpriority=\"high\" decoding=\"async\" class=\"size-medium wp-image-6794 aligncenter\" src=\"https:\/\/globalpharm.ro\/wp-content\/uploads\/2022\/03\/silviu_b-300x300.jpg\" alt=\"silviu_b\" width=\"300\" height=\"300\" srcset=\"https:\/\/globalpharm.ro\/wp-content\/uploads\/2022\/03\/silviu_b-300x300.jpg 300w, https:\/\/globalpharm.ro\/wp-content\/uploads\/2022\/03\/silviu_b-1021x1024.jpg 1021w, https:\/\/globalpharm.ro\/wp-content\/uploads\/2022\/03\/silviu_b-150x150.jpg 150w, https:\/\/globalpharm.ro\/wp-content\/uploads\/2022\/03\/silviu_b-768x770.jpg 768w, https:\/\/globalpharm.ro\/wp-content\/uploads\/2022\/03\/silviu_b-406x406.jpg 406w, https:\/\/globalpharm.ro\/wp-content\/uploads\/2022\/03\/silviu_b-120x120.jpg 120w, https:\/\/globalpharm.ro\/wp-content\/uploads\/2022\/03\/silviu_b-12x12.jpg 12w, https:\/\/globalpharm.ro\/wp-content\/uploads\/2022\/03\/silviu_b-404x404.jpg 404w, https:\/\/globalpharm.ro\/wp-content\/uploads\/2022\/03\/silviu_b-840x843.jpg 840w, https:\/\/globalpharm.ro\/wp-content\/uploads\/2022\/03\/silviu_b-100x100.jpg 100w, https:\/\/globalpharm.ro\/wp-content\/uploads\/2022\/03\/silviu_b-54x54.jpg 54w, https:\/\/globalpharm.ro\/wp-content\/uploads\/2022\/03\/silviu_b-310x310.jpg 310w, https:\/\/globalpharm.ro\/wp-content\/uploads\/2022\/03\/silviu_b-80x80.jpg 80w, https:\/\/globalpharm.ro\/wp-content\/uploads\/2022\/03\/silviu_b.jpg 1280w\" sizes=\"(max-width: 300px) 100vw, 300px\" \/><\/p>\n<p>&nbsp;<\/p>\n<h6><span style=\"font-size: 16px;\">Compozitie Extrim Shape Lifepharm\/produs pentru slabit:<\/span><\/h6>\n<h5 class=\"tw-data-text tw-text-large XcVN5d tw-ta\" dir=\"ltr\" data-placeholder=\"Traducere\"><span class=\"Y2IQFc\" lang=\"ro\">\u2013 Amestec de blocare a absortiei:<\/span><\/h5>\n<ul>\n<li class=\"tw-data-text tw-text-large XcVN5d tw-ta\" dir=\"ltr\" data-placeholder=\"Traducere\"><span class=\"Y2IQFc\" lang=\"ro\">Chitosan (polizaharida produsa din chitina, substanta activa rezultata din tratarea carapacelor de creveti si alte crustacee cu hidroxid de sodiu) reduce colesterolul, anticancerigen, limiteaza absortia de grasimi, hemostatic;<\/span><\/li>\n<li class=\"tw-data-text tw-text-large XcVN5d tw-ta\" dir=\"ltr\" data-placeholder=\"Traducere\"><span class=\"Y2IQFc\" lang=\"ro\">Extractul de fasole alb\u0103, antioxidant de notorietate, unul dintre ingredientele naturale de combatere a zah\u0103rului din sange, cu potential de scadere in greutate. Contine molibden un puternic detoxifiant, fibre si proteine, magneziu, acid folic si fier. Blocheaz\u0103 absortia zaharurilor procesate din carbohidra\u021bi \u00eenainte ca ace\u0219tia s\u0103 se transforme \u00een gr\u0103simi, concomitent cu combaterea senzatiei de foame prin reglarea hormonilor. (sursa: jurnalul nutritiei din 2011)<\/span><\/li>\n<li dir=\"ltr\" data-placeholder=\"Traducere\">Gymnema Sylvestre, numita popular Gurmar\u00a0 in hindi (distrugator de zahar) vita lemnoasa perena utilizata in medicina ayurvedica. Unica planta capabila sa refaca celulele pancreatice secretoare de insulina, celulele beta din insulele Langerhans. Actioneaza asupra receptorilor de gust de la nivelul limbii, scazand semnificativ pofta de dulce. Reduce nivelul seric al colesterolului si trigliceridelor.<\/li>\n<\/ul>\n<h5 class=\"tw-data-text tw-text-large XcVN5d tw-ta\" dir=\"ltr\" data-placeholder=\"Traducere\"><span class=\"Y2IQFc\" lang=\"ro\">\u2013 Bioactivatorii din ou:<\/span><\/h5>\n<ul>\n<li><span class=\"Y2IQFc\" lang=\"ro\">stimuleaza regenerarea cu celule stem a organelor si a tractului digestiv, inclusiv celulele pancreasului, pentru un metabolism optim. Utilizeaza celulele stem latente ale corpului pentru regenerarea celular\u0103.<\/span><\/li>\n<\/ul>\n<h5 class=\"tw-data-text tw-text-large XcVN5d tw-ta\" dir=\"ltr\" data-placeholder=\"Traducere\"><span class=\"Y2IQFc\" lang=\"ro\">\u2013 Amestec de stimulare a arderilor calorice:<\/span><\/h5>\n<ul>\n<li class=\"tw-data-text tw-text-large XcVN5d tw-ta\" dir=\"ltr\" data-placeholder=\"Traducere\"><span class=\"Y2IQFc\" lang=\"ro\">Yerba Mate este un energizant, antioxidant, bogat in minerale, vitamine si antioxidanti, complex de vitamine B, C si Zn. Suprima senzatia de foame (regleaza hormonul numit grelina-hormonul foamei), sustine recuperarea mucoasei gastrice si intestinale deteriorate, are rol in detoxifiere, optimizeaza nivelul de colesterol seric.<\/span><\/li>\n<li class=\"tw-data-text tw-text-large XcVN5d tw-ta\" dir=\"ltr\" data-placeholder=\"Traducere\"><span class=\"Y2IQFc\" lang=\"ro\">Garcinia Cambogia, fruct indian, creste nivelul de serotonina, reduce senzatia de foame si pofta de mancare, regleaza activitatea genica legata de grasime si obezitate. HCA (garcinia cambogia) inhiba enzima citrat liaza (stimuleaza transformarea carbohidratilor in grasime). Un studiu din 2002 a aratat ca garcinomul, principala subtanta activa din planta, reduce aciditatea din stomac.\u00a0<\/span><\/li>\n<li class=\"tw-data-text tw-text-large XcVN5d tw-ta\" dir=\"ltr\" data-placeholder=\"Traducere\"><span class=\"Y2IQFc\" lang=\"ro\">Ceaiul verde, antioxidant puternic, cu incarcatura calorica mica, creste rata metabolica pe termen scurt.<\/span><\/li>\n<\/ul>\n<p><span class=\"Y2IQFc\" lang=\"ro\">\u00a0Un studiu din 2018 a demonstrat ca polifenolul EGCG, prezinta o gama larga de proprietati terapeutice: antidiabetic, antiinflamator, antiaterosclerotic, antitumoral s.a.<\/span><\/p>\n<h5 class=\"tw-data-text tw-text-large XcVN5d tw-ta\" dir=\"ltr\" data-placeholder=\"Traducere\"><span class=\"Y2IQFc\" lang=\"ro\">\u2013 Amestec pentru cresterea ratei metabolice:<\/span><\/h5>\n<ul>\n<li class=\"tw-data-text tw-text-large XcVN5d tw-ta\" dir=\"ltr\" data-placeholder=\"Traducere\"><span class=\"Y2IQFc\" lang=\"ro\">Acacia (pomul vietii in Egipt), actiune antimicrobiana si stimulatoare a activitatii intestinelor. Utilizare in productia de siropuri pentru efectul prebiotic. Fibrele controleaza transformarea glucidelor la nivel digestiv, ajuta la reglarea zaharurilor din sange si cu beneficii rapide in diabet.<\/span><\/li>\n<li class=\"tw-data-text tw-text-large XcVN5d tw-ta\" dir=\"ltr\" data-placeholder=\"Traducere\"><span class=\"Y2IQFc\" lang=\"ro\">Cascara Sagrada (crusin american) are efect usor laxativ, creste tonusul muscular si peristaltismul. Are o saturatie semnificativa de antrachinone (defecare facila si nedureroasa, adjuvant in tratarea hemoroizilor si a fisurilor anale, eficiente in mentinerea echilibrului natural al bacililor E.colilor). Nu elimina vitaminele si mineralele din organism ca restul laxativelor.<\/span><span class=\"Y2IQFc\" lang=\"ro\">\u00a0<\/span><\/li>\n<\/ul>\n<p><span class=\"Y2IQFc\" lang=\"ro\">Efect sinergic privind \u00eembun\u0103t\u0103\u021birea s\u0103n\u0103tatii colonului prin cre\u0219terea natural\u0103 a metabolismului \u0219i a energiei necesare pentru dizolvarea gr\u0103similor.<\/span><\/p>\n<p>&nbsp;<\/p>\n<div class=\"wpb_text_column wpb_content_element\">\n<div class=\"wpb_wrapper\">\n<h4>Beneficiile administrarii Extrim Shape Lifepharm\/produs pentru slabit:<\/h4>\n<ul>\n<li class=\"tw-data-text tw-text-large XcVN5d tw-ta\" dir=\"ltr\" data-placeholder=\"Traducere\"><span class=\"Y2IQFc\" lang=\"ro\"><strong>Blocheaza partial gr\u0103simile prin disocierea moleculara a acestora la nivelul tractului digestiv \u00eenainte de a fi absorbite.<\/strong>\u00a0<\/span><\/li>\n<li class=\"tw-data-text tw-text-large XcVN5d tw-ta\" dir=\"ltr\" data-placeholder=\"Traducere\"><strong>Reface celulele pancreatice beta (insulele Langerhans), imbunatatind utilizarea fiziologica a insulinei<\/strong><\/li>\n<li><strong>Reface mucoasele intestinale, creste randamentul absortiei nutrientilor<\/strong><\/li>\n<li><strong>Scade nivelul zaharurilor din sange<\/strong><\/li>\n<li class=\"tw-data-text tw-text-large XcVN5d tw-ta\" dir=\"ltr\" data-placeholder=\"Traducere\"><strong><span class=\"Y2IQFc\" lang=\"ro\">Stimuleaza blocarea carbohidra\u021bilor prin limitarea absorb\u021biei p\u00e2n\u0103 la 35 de grame de amidon per mas\u0103.\u00a0<\/span><\/strong><\/li>\n<li class=\"tw-data-text tw-text-large XcVN5d tw-ta\" dir=\"ltr\" data-placeholder=\"Traducere\"><strong><span class=\"Y2IQFc\" lang=\"ro\">Potenteaza arderea eficient\u0103 a gr\u0103similor fara sustinatorii artificiali de sinteza, produse frecvent utilizate cu efecte secundare hepatice si care instituie derapaje severe dupa incetarea administrarii. Majoritatea nu le pot tolera.<\/span><\/strong><\/li>\n<li class=\"tw-data-text tw-text-large XcVN5d tw-ta\" dir=\"ltr\" data-placeholder=\"Traducere\"><strong><span class=\"Y2IQFc\" lang=\"ro\">Ajut\u0103 la suprimarea poftei de m\u00e2ncare \u0219i blocarea produc\u021biei de gr\u0103simi f\u0103r\u0103 utilizarea gumei de guar, care poate provoca obstruc\u021bii \u00een stomac, esofag \u0219i intestine.\u00a0<\/span><\/strong><\/li>\n<li class=\"tw-data-text tw-text-large XcVN5d tw-ta\" dir=\"ltr\" data-placeholder=\"Traducere\"><strong><span class=\"Y2IQFc\" lang=\"ro\">Sustine procesul de cur\u0103\u021bare \u0219i detoxifiere a colonului.\u00a0<\/span><\/strong><\/li>\n<\/ul>\n<p>&nbsp;<\/p>\n<h4 class=\"tw-data-text tw-text-large XcVN5d tw-ta\" dir=\"ltr\" data-placeholder=\"Traducere\"><span class=\"Y2IQFc\" lang=\"ro\">Cum s\u0103 ob\u021bine\u021bi cele mai bune rezultate cu\u00a0Extrim Shape Lifepharm\/produs pentru slabit:<\/span><\/h4>\n<ul>\n<li class=\"tw-data-text tw-text-large XcVN5d tw-ta\" dir=\"ltr\" data-placeholder=\"Traducere\"><span class=\"Y2IQFc\" lang=\"ro\">\u00a0Lua\u021bi zilnic un comprimat \u00eenainte de cele dou\u0103 mese importante ale zilei.\u00a0<\/span><\/li>\n<li class=\"tw-data-text tw-text-large XcVN5d tw-ta\" dir=\"ltr\" data-placeholder=\"Traducere\"><span class=\"Y2IQFc\" lang=\"ro\">\u00a0R\u0103m\u00e2ne\u021bi activ \u0219i faceti mi\u0219care fizica moderata in fiecare zi.\u00a0<\/span><\/li>\n<li class=\"tw-data-text tw-text-large XcVN5d tw-ta\" dir=\"ltr\" data-placeholder=\"Traducere\"><span class=\"Y2IQFc\" lang=\"ro\">\u00a0Bea mult\u0103 ap\u0103 pe tot parcursul zilei pentru a r\u0103m\u00e2ne hidratat. Este cea mai eficienta si vitalizanta pentru organismul uman.<\/span><\/li>\n<li>\u00a0Administrarea sinergica cu LAMININE \u201eMinunea Vietii\u201d creste eficienta produsului.<\/li>\n<\/ul>\n<div><b>Toate produsele LIFEPHARM au \u00een compozi\u021bie extractul de ou fertilizat, unic brevetat la nivel mondial.<\/b><\/div>\n<div>\n<div class=\"vc_row wpb_row vc_row-fluid vc_custom_1617695841337\">\n<div class=\"container\">\n<div class=\"row\">\n<div class=\"wpb_column vc_column_container vc_col-sm-12\">\n<div class=\"vc_column-inner\">\n<div class=\"wpb_wrapper\">\n<div class=\"wpb_text_column wpb_content_element\">\n<div class=\"wpb_wrapper\">\n<p>&nbsp;<\/p>\n<pre><strong><em><a href=\"https:\/\/mylifepharm.com\/lifeglobal\/joinnow\" target=\"_blank\" rel=\"noopener\">Cump\u0103r\u0103 direct produc\u0103tor LIFEPHARM<\/a><\/em><\/strong><\/pre>\n<\/div>\n<\/div>\n<\/div>\n<\/div>\n<\/div>\n<\/div>\n<\/div>\n<\/div>\n<\/div>\n<\/div>\n<\/div>","protected":false},"excerpt":{"rendered":"<p>&nbsp;<\/p>\n<p>\u200d\u2695\ufe0f\u00a0<strong><em>Oncoterapeut Silviu Br\u00eenzoi<\/em><\/strong><strong><em>\u00a0<\/em><\/strong>acord\u0103 consultan\u021b\u0103 gratuit\u0103<strong><em>.<\/em><\/strong><br \/>\n\u2705 Produse 100% autentice, provenien\u021b\u0103 Statele Unite ale Americii.<br \/>\nImportator oficial LifePharm \u00een Europa, comand\u0103 produc\u0103tor\u00a0<a href=\"https:\/\/mylifepharm.com\/lifeglobal\/joinnow\">aici<\/a><br \/>\nProdusele sunt \u00eenso\u021bite de factur\u0103 fiscal\u0103, garan\u021bie.<br \/>\n\ufe0f <strong><em><a href=\"https:\/\/lifeglobal.ro\/informatii-si-detalii-produse\/\">Detalii \u0219i informa\u021bii produse.<\/a><\/em><\/strong><\/p>","protected":false},"featured_media":5864,"comment_status":"open","ping_status":"closed","template":"","meta":[],"product_brand":[],"product_cat":[153],"product_tag":[163],"class_list":{"0":"post-278","1":"product","2":"type-product","3":"status-publish","4":"has-post-thumbnail","6":"product_cat-suplimente","7":"product_tag-suplimente","8":"ts_product_brand-lifepharm","10":"first","11":"instock","12":"sale","13":"featured","14":"purchasable","15":"product-type-simple"},"jetpack_sharing_enabled":true,"_links":{"self":[{"href":"https:\/\/globalpharm.ro\/ro\/wp-json\/wp\/v2\/product\/278","targetHints":{"allow":["GET"]}}],"collection":[{"href":"https:\/\/globalpharm.ro\/ro\/wp-json\/wp\/v2\/product"}],"about":[{"href":"https:\/\/globalpharm.ro\/ro\/wp-json\/wp\/v2\/types\/product"}],"replies":[{"embeddable":true,"href":"https:\/\/globalpharm.ro\/ro\/wp-json\/wp\/v2\/comments?post=278"}],"version-history":[{"count":15,"href":"https:\/\/globalpharm.ro\/ro\/wp-json\/wp\/v2\/product\/278\/revisions"}],"predecessor-version":[{"id":8601,"href":"https:\/\/globalpharm.ro\/ro\/wp-json\/wp\/v2\/product\/278\/revisions\/8601"}],"wp:featuredmedia":[{"embeddable":true,"href":"https:\/\/globalpharm.ro\/ro\/wp-json\/wp\/v2\/media\/5864"}],"wp:attachment":[{"href":"https:\/\/globalpharm.ro\/ro\/wp-json\/wp\/v2\/media?parent=278"}],"wp:term":[{"taxonomy":"product_brand","embeddable":true,"href":"https:\/\/globalpharm.ro\/ro\/wp-json\/wp\/v2\/product_brand?post=278"},{"taxonomy":"product_cat","embeddable":true,"href":"https:\/\/globalpharm.ro\/ro\/wp-json\/wp\/v2\/product_cat?post=278"},{"taxonomy":"product_tag","embeddable":true,"href":"https:\/\/globalpharm.ro\/ro\/wp-json\/wp\/v2\/product_tag?post=278"}],"curies":[{"name":"wp","href":"https:\/\/api.w.org\/{rel}","templated":true}]}}