{"id":7040,"date":"2025-02-05T15:37:59","date_gmt":"2025-02-05T13:37:59","guid":{"rendered":"https:\/\/globalpharm.ro\/?post_type=product&#038;p=7040"},"modified":"2026-03-06T12:47:06","modified_gmt":"2026-03-06T10:47:06","slug":"omega30","status":"publish","type":"product","link":"https:\/\/globalpharm.ro\/ro\/produs\/omega30\/","title":{"rendered":"Omega+++ LifePharm 30 capsule"},"content":{"rendered":"<h5 style=\"text-align: center;\">OMEGA+++ LifePharm, supliment natural \u00eembun\u0103t\u0103\u021bire \u0219i men\u021binere a circula\u021biei sanguine<\/h5>\n<p>&nbsp;<\/p>\n<h6 style=\"text-align: center;\"><strong><em>Omega+++ \u00a0produs original LIFEPHARM, provenien\u021b\u0103 Statele Unite ale Americii, livrare cu factur\u0103 fiscal\u0103. D<\/em><\/strong><strong><em>istribuitor oficial Lifepharm, pentru livrare \u00een Europa, U.K., Canada \u0219i USA <a href=\"https:\/\/mylifepharm.com\/lifeglobal\/joinnow\" target=\"_blank\" rel=\"noopener\">apas\u0103 aici.<\/a><\/em><\/strong><\/h6>\n<h5 style=\"text-align: center;\"><strong><em>Recomandat de <a href=\"https:\/\/bioglobal.ro\/\" target=\"_blank\" rel=\"noopener\">Oncoterapeut Silviu Br\u00eenzoi<\/a> \u0219i acord\u0103 pro bono suport terapeutic permanent. Dup\u0103 achizi\u021bia produselor beneficia\u021bi din partea dumnealui de consiliere terapeutic\u0103, administrare corect\u0103, dozaj, alte informa\u021bii necesare.<\/em><\/strong><\/h5>\n<h5 style=\"font-weight: 400; text-align: center;\"><\/h5>\n<h5 style=\"text-align: center;\"><strong><em><a href=\"https:\/\/globalpharm.ro\">ANUN\u021a IMPORTANT! Modificare cot\u0103 TVA la suplimentele alimentare<\/a><\/em><\/strong><strong>\u00a0 <\/strong><\/h5>\n<h5 style=\"text-align: center;\">V\u0103 inform\u0103m c\u0103, \u00eencep\u00e2nd cu\u00a0<strong>1 august 2025<\/strong>, \u00een baza\u00a0<strong>Legii nr. 141\/2025<\/strong>\u00a0privind unele m\u0103suri fiscal-bugetare, publicat\u0103 \u00een Monitorul Oficial, prin care s-au modificat prevederile art. 291 din Codul Fiscal, <strong><em>se modific\u0103 cota de TVA aplicabil\u0103 suplimentelor alimentare \u00een Rom\u00e2nia, <\/em><\/strong>respectiv de la 9%<strong><em> se va schimba \u00een 21%.<\/em><\/strong><\/h5>\n<p>&nbsp;<\/p>\n<pre style=\"text-align: center;\"><strong><em><a href=\"https:\/\/mylifepharm.com\/lifeglobal\/joinnow\" target=\"_blank\" rel=\"noopener\">Cump\u0103r\u0103 direct produc\u0103tor LIFEPHARM<\/a><\/em><\/strong><\/pre>\n<p><img fetchpriority=\"high\" decoding=\"async\" class=\"size-medium wp-image-6810 aligncenter\" src=\"https:\/\/globalpharm.ro\/wp-content\/uploads\/2022\/12\/Silviu_LAMININE-298x300.jpeg\" alt=\"Silviu_LAMININE\" width=\"298\" height=\"300\" srcset=\"https:\/\/globalpharm.ro\/wp-content\/uploads\/2022\/12\/Silviu_LAMININE-298x300.jpeg 298w, https:\/\/globalpharm.ro\/wp-content\/uploads\/2022\/12\/Silviu_LAMININE-1017x1024.jpeg 1017w, https:\/\/globalpharm.ro\/wp-content\/uploads\/2022\/12\/Silviu_LAMININE-150x150.jpeg 150w, https:\/\/globalpharm.ro\/wp-content\/uploads\/2022\/12\/Silviu_LAMININE-768x773.jpeg 768w, https:\/\/globalpharm.ro\/wp-content\/uploads\/2022\/12\/Silviu_LAMININE-120x120.jpeg 120w, https:\/\/globalpharm.ro\/wp-content\/uploads\/2022\/12\/Silviu_LAMININE-1525x1536.jpeg 1525w, https:\/\/globalpharm.ro\/wp-content\/uploads\/2022\/12\/Silviu_LAMININE-12x12.jpeg 12w, https:\/\/globalpharm.ro\/wp-content\/uploads\/2022\/12\/Silviu_LAMININE-840x846.jpeg 840w, https:\/\/globalpharm.ro\/wp-content\/uploads\/2022\/12\/Silviu_LAMININE-100x100.jpeg 100w, https:\/\/globalpharm.ro\/wp-content\/uploads\/2022\/12\/Silviu_LAMININE-54x54.jpeg 54w, https:\/\/globalpharm.ro\/wp-content\/uploads\/2022\/12\/Silviu_LAMININE-80x80.jpeg 80w, https:\/\/globalpharm.ro\/wp-content\/uploads\/2022\/12\/Silviu_LAMININE.jpeg 1589w\" sizes=\"(max-width: 298px) 100vw, 298px\" \/><\/p>\n<h5 style=\"text-align: center;\" data-start=\"1601\" data-end=\"1979\"><\/h5>\n<h6><span style=\"font-size: 16px;\">Solu\u021bie unic\u0103 de curatare a vaselor de s\u00e2nge (colesterol \u201erau\u201dLDL si Ca) prin dizolvarea ateroamelor \u0219i regenerarea endoteliului vascular (mucoasa vaselor de s\u00e2nge).<\/span><\/h6>\n<div class=\"vc_row wpb_row vc_row-fluid\">\n<div class=\"container\">\n<div class=\"row\">\n<div class=\"wpb_column vc_column_container vc_col-sm-12\">\n<div class=\"vc_column-inner\">\n<div class=\"wpb_wrapper\">\n<div class=\"wpb_text_column wpb_content_element\">\n<div class=\"wpb_wrapper\">\n<h5>Scade colesterolul, LDL \u0219i trigliceridele \u00een c\u00e2teva s\u0103ptam\u00e2ni!<\/h5>\n<\/div>\n<\/div>\n<div class=\"wpb_text_column wpb_content_element\">\n<div class=\"wpb_wrapper\">\n<h5>\u00cen combina\u021bie cu Laminine, este cel mai redutabil tratament pentru reabilitarea \u0219i regenerarea sistemelor cardiovascular \u0219i neuronal, cu multiple \u00a0beneficii conexe.<\/h5>\n<\/div>\n<\/div>\n<\/div>\n<\/div>\n<\/div>\n<\/div>\n<\/div>\n<\/div>\n<div class=\"vc_row wpb_row vc_row-fluid vc_custom_1617694440658\">\n<div class=\"container\">\n<div class=\"row\">\n<div class=\"wpb_column vc_column_container vc_col-sm-12\">\n<div class=\"vc_column-inner\">\n<div class=\"wpb_wrapper\">\n<div class=\"wpb_text_column wpb_content_element\">\n<div class=\"wpb_wrapper\">\n<h5 class=\"laminina\">Omega+++ Lifepharm cu mult mai mult decat un simplu produs Omega3<\/h5>\n<p>S\u0103n\u0103tatea optim\u0103 a sistemului cardio-circulator depinde mai ales de s\u0103n\u0103tatea venelor \u0219i arterelor. Prin acestea inima pompeaz\u0103 s\u00e2ngele care transport\u0103 substan\u021be nutritive, oxigen, hormoni, celule \u0219i molecule ale sistemului imunitar, esen\u021biale pentru buna func\u021bionare a \u00eentregului organism.<\/p>\n<p>Permanent am in terapie zeci de persoane pentru preventia AVC, infarct sau accident ischemic minor. Este simplu, pentru ca procedura mea de curatare a vaselor de sange asigura o protectie reala pentru evitarea accidentelor cardiovasculare. Lucrez si cu persoane cu stenduri sau bypass.<\/p>\n<p>Este o formula de tratament cardiovascular in care utilizez Laminine, Omega+++ Lifepharm si alte informatii medicale. Consilierea pro bono cuprinde dozajul optim, nutritia si detaliile aferente. Efectele se observa in primele 7-10 zile, inclusiv dovada irefutabila ca terapia functioneaza 100%. Din pacate, pe piata sunt numai produse fara efectele scontate.<\/p>\n<h5>Omega+++, un produs \u201ecurat\u201d<\/h5>\n<p>Este vital ca uleiul de peste sa fie extras din peste mic. Altfel, este toxic intr-o masura, avand in continut mercur, uraniu si alte metale grele. Cu cat pestele este mai mare, cu atat, concentratia de metale grele este mai mare. Cu fiecare zi marile si oceanele lumii, devin din ce in ce mai poluate.<\/p>\n<div id=\"attachment_4737\" class=\"wp-caption aligncenter\">\n<div id=\"attachment_8354\" class=\"wp-caption aligncenter\"><\/div>\n<h5 class=\"wp-caption-text\">Sistemul circulator \u0219i Omega+++ Lifepharm<\/h5>\n<\/div>\n<p>Sistemul circulator este un sistem foarte complex \u0219i de multe ori se poate deteriora \u0219i nu mai func\u021bioneaz\u0103 optim, cu consecin\u021be mai mult sau mai pu\u021bin grave. Uneori poate fi o insuficien\u021b\u0103 cardiac\u0103 sau o disfunc\u021bie a vaselor de s\u00e2nge sau o obstruc\u021bie a arterelor. Iar asta din cauza oxid\u0103rii, depunerii de calciu si colesterolului \u201er\u0103u\u201d(LDL) lipit pe pere\u021bii vaselor de s\u00e2nge. Nivelul de colesterol si trigliceride induce aceasta problematica severa.<\/p>\n<p>Principalele cauze care induc disfunc\u021bii ale sistemului circulator sunt stresul, abuzul de alcool, droguri, alimentatia incorecta, stilul de viata \u0219i fumatul.<\/p>\n<p>Exerci\u021biile fizice, o dieta s\u0103n\u0103toasa, reducerea stresului \u0219i somnul de calitate pot ajuta la \u00eembun\u0103t\u0103\u021birea s\u0103n\u0103t\u0103\u021bii circulatorii, dar cu trecerea anilor, nu este suficient.<\/p>\n<p><strong>LifePharm<\/strong>\u00a0a creat<strong>\u00a0OMEGA +++<\/strong>, un supliment unic brevetat cu\u00a0<strong>ingrediente 100% naturale<\/strong>. Ajut\u0103 la \u0219i la \u00eembun\u0103t\u0103\u021birea func\u021biei sistemului cardio-circulator, a functiei cognitive, optice, a articulatiilor, ficatului si a permeabilitatii membranelor celulare. Fara studii de specialitate realizati imediat ca acest produs cu formula unica aduce sute de beneficii organismului.<\/p>\n<p>Studii\u00a0<strong>medicale publicate<\/strong>\u00a0<a href=\"https:\/\/www.pdr.net\/full-prescribing-information\/hl\/?druglabelid=3591\" target=\"_blank\" rel=\"noopener\">aici<\/a>.<\/p>\n<h4 class=\"laminina\">Compozitie Laminine Omega+++ Lifepharm<\/h4>\n<p>Laminine Omega +++ Lifepharm este compus din ingrediente de calitate superioara, cu origine certificat\u0103, care alc\u0103tuiesc amestecul s\u0103u multifunc\u021bional unic patentat. Cuprinde acizii gra\u0219i nesaturati\u00a0<strong>Omega 3, 6 \u0219i 9<\/strong>, Vitamina<strong>\u00a0K2<\/strong>,\u00a0<strong>CoQ10<\/strong>\u00a0\u0219i \u00eembun\u0103t\u0103\u021bit cu\u00a0<strong>extractul de ou aviar fertilizat<\/strong>.<\/p>\n<p>Omega 3 +++ (EPA \u0219i DHA) utilizat provine de la Engraulis Ringens, un membru al familiei de hamsii care are cel mai bun raport de EPA\/DHA dintre toate speciile de pe\u0219ti. Omega 6 \u0219i 9 provin din ulei de boragine din \u021b\u0103rile mediteraneene.<\/p>\n<p>Datorit\u0103 acestor acizi gra\u0219i, nivelurile de colesterol \u201ebun\u201d (HDL) \u0219i colesterol \u201er\u0103u\u201d (LDL) sunt men\u021binute stabile.<\/p>\n<p><strong>Vitamina K2<\/strong>\u00a0este esen\u021bial\u0103 pentru s\u0103n\u0103tatea oaselor, deoarece leaga atomic ionii de calciu si ii livreaza marilor depozite ale corpului (oase \u0219i din\u021bi). Previne si dizolva calcifierea vaselor de s\u00e2nge. \u00cen plus, promoveaz\u0103 buna func\u021bionare a creierului \u0219i combate bolile de inim\u0103. Pe scurt, regleaza nivelul ionilor de Ca din sange, cu multiple beneficii peste timp pentru tesuturile renale si cardiovasculare.<\/p>\n<h4 class=\"laminina\">Coenzima Q10<\/h4>\n<p><strong>Coenzima Q10<\/strong>\u00a0(CoQ10) este un puternic antioxidant care este produs \u00een mod natural de c\u0103tre organism. Este in concentratie slaba\u00a0 la v\u00e2rstnici \u0219i la persoanele care sufer\u0103 de boli cronice. Acest antioxidant contracareaza stresul oxidativ al vaselor de s\u00e2nge, care este cauzat de un exces de radicali liberi, ceea ce duce la o cre\u0219tere a nivelurilor de stres \u0219i, prin urmare, a nivelurilor de cortizol. CoQ10 este, prin urmare, esen\u021bial pentru s\u0103n\u0103tatea inimii: \u00eent\u0103re\u0219te vasele de s\u00e2nge \u0219i \u021besuturile. Con\u021binutul produsului OMEGA +++ Lifepharm este \u00eembun\u0103t\u0103\u021bit de o formul\u0103 Coenzima Q10 cu eliberare prelungit\u0103 \u0219i efect pe termen lung (<strong>Extended Release<\/strong>). Permite protec\u021bia \u00eempotriva radicalilor liberi pe o durat\u0103 de p\u00e2n\u0103 la 24 de ore.<\/p>\n<p>Completarea cu formula brevetata OPT9 (extract de ou aviar fertilizat in ziua a nou\u0103), distinge acest supliment de toate celelalte de pe pia\u021b\u0103. Stimuleaza celulele stem sa refaca\u00a0<strong>endoteliu vascular<\/strong>\u00a0si\u00a0<strong>peretii vaselor de sange<\/strong>, adica<strong>\u00a0previne ateroame.<\/strong><\/p>\n<h3><strong>Poten\u021biale beneficii Laminine Omega+++ Lifepharm:<\/strong><\/h3>\n<ul>\n<li><strong>Curatarea vaselor de sange<\/strong>\u00a0si prevenirea depunerilor,\u00a0<strong>unica solutie medicala la nivel mondial.<\/strong><\/li>\n<li>Ofer\u0103 un flux sanguin optim c\u0103tre creier, inim\u0103 \u0219i restul tesuturilor.<\/li>\n<li>Previne si reface tesutul neuronal dupa AVC, previne stent si bypass<\/li>\n<li>Antitrombotic, antiplachetar, anticoagulant.<\/li>\n<li>Diminueaza inflamatia sistemica, inclusiv articulara.<\/li>\n<li>Reface capacitatea pulmonara.<\/li>\n<li>Creste concentratia de O2 in sange, inclusiv la nivel cerebral.<\/li>\n<li>Reface mielina (teaca nervilor) si sinapsele.<\/li>\n<li>Creste productia de Serotonina (\u201ehormonul fericirii\u201d).<\/li>\n<li>Regenereaza si repara tesuturile sinoviale, articulare.<\/li>\n<li>Sprijina formarea hormonilor si amesagerilor chimici.<\/li>\n<li>Permite recuperarea rapid\u0103 dup\u0103 exerci\u021bii fizice sau alte activit\u0103\u021bi.<\/li>\n<li>Previne si dizolva depunerile de calciu si colesterol \u00een artere, men\u021bin\u00e2ndu-le flexibile \u0219i cresc\u00e2nd rezisten\u021ba oaselor.<\/li>\n<li>Stimuleaza functia cognitiva.<\/li>\n<li>Scade inflamatia din organism<\/li>\n<li>Efect antidepresiv rapid<\/li>\n<li>Men\u021bine nivelurile normale de colesterol (LDL) \u0219i trigliceride.<\/li>\n<li>Cre\u0219te nivelul energetic.<\/li>\n<\/ul>\n<p>Laminine OMEGA +++ Lifepharm\u00a0<strong>este produsul perfect<\/strong>\u00a0pentru func\u021bionarea optima \u0219i \u00eembun\u0103t\u0103\u021birea sistemului circulator, si nu numai.<\/p>\n<p>S-a demonstrat stiintific c\u0103 efectele sunt<strong>\u00a0potentate semnificativ<\/strong>, c\u00e2nd este administrat \u00een asociere cu\u00a0<strong>LAMININE\u00ae<\/strong>.<\/p>\n<p>Dozaj: se recomand\u0103 s\u0103 lua\u021bi 1-2 capsule pe zi \u00een timpul meselor, functie de v\u00e2rsta.<\/p>\n<div><b>Toate produsele LIFEPHARM au \u00een compozi\u021bie extractul de ou fertilizat, unic brevetat la nivel mondial.<\/b><\/div>\n<div>\n<div class=\"vc_row wpb_row vc_row-fluid vc_custom_1617695841337\">\n<div class=\"container\">\n<div class=\"row\">\n<div class=\"wpb_column vc_column_container vc_col-sm-12\">\n<div class=\"vc_column-inner\">\n<div class=\"wpb_wrapper\">\n<div class=\"wpb_text_column wpb_content_element\">\n<div class=\"wpb_wrapper\">\n<p>&nbsp;<\/p>\n<pre><strong><em><a href=\"https:\/\/mylifepharm.com\/lifeglobal\/joinnow\" target=\"_blank\" rel=\"noopener\">Cump\u0103r\u0103 direct produc\u0103tor LIFEPHARM<\/a><\/em><\/strong><\/pre>\n<\/div>\n<\/div>\n<\/div>\n<\/div>\n<\/div>\n<\/div>\n<\/div>\n<\/div>\n<\/div>\n<\/div>\n<\/div>\n<\/div>\n<\/div>\n<\/div>\n<\/div>\n<\/div>\n<\/div>","protected":false},"excerpt":{"rendered":"<p>&nbsp;<\/p>\n<p>\u200d\u2695\ufe0f\u00a0<strong><em>Oncoterapeut Silviu Br\u00eenzoi<\/em><\/strong><strong><em>\u00a0<\/em><\/strong>acord\u0103 consultan\u021b\u0103 gratuit\u0103<strong><em>.<\/em><\/strong><br \/>\n\u2705 Produse 100% autentice, provenien\u021b\u0103 Statele Unite ale Americii.<br \/>\nImportator oficial LifePharm \u00een Europa, comand\u0103 produc\u0103tor\u00a0<a href=\"https:\/\/mylifepharm.com\/lifeglobal\/joinnow\">aici<\/a><br \/>\nProdusele sunt \u00eenso\u021bite de factur\u0103 fiscal\u0103, garan\u021bie.<br \/>\n\ufe0f <strong><em><a href=\"https:\/\/lifeglobal.ro\/informatii-si-detalii-produse\/\">Detalii \u0219i informa\u021bii produse.<\/a><\/em><\/strong><\/p>","protected":false},"featured_media":7093,"comment_status":"open","ping_status":"closed","template":"","meta":[],"product_brand":[],"product_cat":[153],"product_tag":[163],"class_list":{"0":"post-7040","1":"product","2":"type-product","3":"status-publish","4":"has-post-thumbnail","6":"product_cat-suplimente","7":"product_tag-suplimente","8":"ts_product_brand-lifepharm","10":"first","11":"instock","12":"sale","13":"featured","14":"purchasable","15":"product-type-simple"},"jetpack_sharing_enabled":true,"_links":{"self":[{"href":"https:\/\/globalpharm.ro\/ro\/wp-json\/wp\/v2\/product\/7040","targetHints":{"allow":["GET"]}}],"collection":[{"href":"https:\/\/globalpharm.ro\/ro\/wp-json\/wp\/v2\/product"}],"about":[{"href":"https:\/\/globalpharm.ro\/ro\/wp-json\/wp\/v2\/types\/product"}],"replies":[{"embeddable":true,"href":"https:\/\/globalpharm.ro\/ro\/wp-json\/wp\/v2\/comments?post=7040"}],"version-history":[{"count":12,"href":"https:\/\/globalpharm.ro\/ro\/wp-json\/wp\/v2\/product\/7040\/revisions"}],"predecessor-version":[{"id":8611,"href":"https:\/\/globalpharm.ro\/ro\/wp-json\/wp\/v2\/product\/7040\/revisions\/8611"}],"wp:featuredmedia":[{"embeddable":true,"href":"https:\/\/globalpharm.ro\/ro\/wp-json\/wp\/v2\/media\/7093"}],"wp:attachment":[{"href":"https:\/\/globalpharm.ro\/ro\/wp-json\/wp\/v2\/media?parent=7040"}],"wp:term":[{"taxonomy":"product_brand","embeddable":true,"href":"https:\/\/globalpharm.ro\/ro\/wp-json\/wp\/v2\/product_brand?post=7040"},{"taxonomy":"product_cat","embeddable":true,"href":"https:\/\/globalpharm.ro\/ro\/wp-json\/wp\/v2\/product_cat?post=7040"},{"taxonomy":"product_tag","embeddable":true,"href":"https:\/\/globalpharm.ro\/ro\/wp-json\/wp\/v2\/product_tag?post=7040"}],"curies":[{"name":"wp","href":"https:\/\/api.w.org\/{rel}","templated":true}]}}