{"id":7045,"date":"2025-02-05T15:44:02","date_gmt":"2025-02-05T13:44:02","guid":{"rendered":"https:\/\/globalpharm.ro\/?post_type=product&#038;p=7045"},"modified":"2025-10-25T13:48:09","modified_gmt":"2025-10-25T11:48:09","slug":"digestive120","status":"publish","type":"product","link":"https:\/\/globalpharm.ro\/ro\/produs\/digestive120\/","title":{"rendered":"Digestive+++ LifePharm 120 capsule"},"content":{"rendered":"<h5 style=\"text-align: center;\">Digestive+++ LifePharm, supliment natural probiotic \u0219i prebiotic digestiv<\/h5>\n<p>&nbsp;<\/p>\n<h6 style=\"text-align: center;\"><strong><em>Digestive+++ produs original LIFEPHARM, provenien\u021b\u0103 Statele Unite ale Americii, livrare cu factur\u0103 fiscal\u0103. D<\/em><\/strong><strong><em>istribuitor oficial Lifepharm \u00een Europa, U.K., Canada \u0219i USA.<\/em>\u00a0<\/strong><\/h6>\n<h5 style=\"text-align: center;\"><strong><em>Recomandat de Oncoterapeut Silviu Br\u00eenzoi, cel care a lansat acest dispozitiv \u00een Europa, Ungaria 2023 \u00a0\u0219i acord\u0103 pro bono suport terapeutic permanent. Dup\u0103 achizi\u021bia produselor beneficia\u021bi din partea dumnealui de consiliere terapeutic\u0103, administrare corect\u0103, dozaj, alte informa\u021bii necesare.<\/em><\/strong><\/h5>\n<h5><\/h5>\n<h5 style=\"text-align: center;\"><strong><em><a href=\"https:\/\/globalpharm.ro\">ANUN\u021a IMPORTANT! Modificare cot\u0103 TVA la suplimentele alimentare<\/a><\/em><\/strong><strong>\u00a0 <\/strong><\/h5>\n<h5 style=\"text-align: center;\">V\u0103 inform\u0103m c\u0103, \u00eencep\u00e2nd cu\u00a0<strong>1 august 2025<\/strong>, \u00een baza\u00a0<strong>Legii nr. 141\/2025<\/strong>\u00a0privind unele m\u0103suri fiscal-bugetare, publicat\u0103 \u00een Monitorul Oficial, prin care s-au modificat prevederile art. 291 din Codul Fiscal, <strong><em>se modific\u0103 cota de TVA aplicabil\u0103 suplimentelor alimentare \u00een Rom\u00e2nia, <\/em><\/strong>respectiv de la 9%<strong><em> se va schimba \u00een 21%.<\/em><\/strong><\/h5>\n<p>&nbsp;<\/p>\n<pre style=\"text-align: center;\"><strong><em><a href=\"https:\/\/mylifepharm.com\/lifeglobal\/joinnow\" target=\"_blank\" rel=\"noopener\">Cump\u0103r\u0103 direct produc\u0103tor LIFEPHARM<\/a><\/em><\/strong><\/pre>\n<h6 style=\"text-align: center;\"><strong>Livrarea f\u0103r\u0103 factura<\/strong>\u00a0<strong>fiscal\u0103 poate fi un<\/strong> indiciu rezonabil c\u0103 produsul nu este original sau folosit (\u0219i resigilat): <strong><a href=\"tel:0745 567 598\">0745 567 598<\/a>.<\/strong> \u0218i<strong> pierde\u021bi garan\u021bia <\/strong>produc\u0103torului!<\/h6>\n<p><img fetchpriority=\"high\" decoding=\"async\" class=\"size-medium wp-image-6794 aligncenter\" src=\"https:\/\/globalpharm.ro\/wp-content\/uploads\/2022\/03\/silviu_b-300x300.jpg\" alt=\"silviu_b\" width=\"300\" height=\"300\" srcset=\"https:\/\/globalpharm.ro\/wp-content\/uploads\/2022\/03\/silviu_b-300x300.jpg 300w, https:\/\/globalpharm.ro\/wp-content\/uploads\/2022\/03\/silviu_b-1021x1024.jpg 1021w, https:\/\/globalpharm.ro\/wp-content\/uploads\/2022\/03\/silviu_b-150x150.jpg 150w, https:\/\/globalpharm.ro\/wp-content\/uploads\/2022\/03\/silviu_b-768x770.jpg 768w, https:\/\/globalpharm.ro\/wp-content\/uploads\/2022\/03\/silviu_b-406x406.jpg 406w, https:\/\/globalpharm.ro\/wp-content\/uploads\/2022\/03\/silviu_b-120x120.jpg 120w, https:\/\/globalpharm.ro\/wp-content\/uploads\/2022\/03\/silviu_b-12x12.jpg 12w, https:\/\/globalpharm.ro\/wp-content\/uploads\/2022\/03\/silviu_b-404x404.jpg 404w, https:\/\/globalpharm.ro\/wp-content\/uploads\/2022\/03\/silviu_b-840x843.jpg 840w, https:\/\/globalpharm.ro\/wp-content\/uploads\/2022\/03\/silviu_b-100x100.jpg 100w, https:\/\/globalpharm.ro\/wp-content\/uploads\/2022\/03\/silviu_b-54x54.jpg 54w, https:\/\/globalpharm.ro\/wp-content\/uploads\/2022\/03\/silviu_b-310x310.jpg 310w, https:\/\/globalpharm.ro\/wp-content\/uploads\/2022\/03\/silviu_b-80x80.jpg 80w, https:\/\/globalpharm.ro\/wp-content\/uploads\/2022\/03\/silviu_b.jpg 1280w\" sizes=\"(max-width: 300px) 100vw, 300px\" \/><\/p>\n<h5 style=\"text-align: center;\" data-start=\"1601\" data-end=\"1979\"><\/h5>\n<p>Ingrediente: OPT-9 (extract de ou fertilizat), probiotic, prebiotic( anghinare de Jerusalem, frunze de papadie, radacina de yucon), 11 enzime digestive (amilaze, proteaze, lipaze s.a.).<\/p>\n<p><em><strong>DIGESTIVE +++<\/strong> <\/em>are o formula unica cu<strong>\u00a0ingrediente 100% naturale<\/strong>, care combin\u0103 un probiotic stabil, un amestec prebiotic \u0219i un blend enzimatic complet. Promoveaz\u0103 o functie intestinala s\u0103n\u0103toasa, combate balonarea, crampele si indigestia \u0219i \u00eembun\u0103t\u0103\u021be\u0219te rapid absorb\u021bia nutrien\u021bilor.<\/p>\n<p>Produsul este parte esentiala a schemei mondiale de tratament alternativ, natural in bolile neoplazice.<\/p>\n<p>Se folose\u0219te un probiotic, Bacillus Coagulans, un spor care \u00eei permite s\u0103 supravie\u021buiasc\u0103 enzimelor digestive \u0219i \u201eacizilor gastrici\u201d p\u00e2n\u0103 ajunge \u00een tractul digestiv inferior. Studiile au ar\u0103tat c\u0103 acest probiotic \u00eent\u0103re\u0219te integritatea mucoasei colonului. Probioticele sunt bacterii intestinale \u201ebune\u201d care ajut\u0103 la prevenirea prolifer\u0103rii bacteriilor d\u0103un\u0103toare \u0219i promoveaz\u0103 produc\u021bia natural\u0103 a enzimelor necesare.<\/p>\n<p>Prebioticul prezent \u00een DIGESTIVE +++ este un amestec concentrat de fructo-oligozaharide cu lan\u021b scurt, anghinare, frunze de p\u0103p\u0103die \u0219i r\u0103d\u0103cin\u0103 de Yacon. Prebioticele sunt alimente esen\u021biale pentru bacteriile intestinale bune.<\/p>\n<p>Utilizarea probioticelor \u0219i prebioticelor \u00eempreun\u0103 dezvolta coloniile de bacteriile \u201ebune\u201d, \u00eembun\u0103t\u0103\u021bind mucoasa tractului digestiv, a colonului \u0219i s\u0103n\u0103tatea general\u0103 a intestinelor.<\/p>\n<p>DIGESTIVE +++ con\u021bine un amestec enzimatic complet pentru a ajuta organismul s\u0103 descompun\u0103 proteinele, carbohidra\u021bii, lactoza (zah\u0103rul din lapte) \u0219i gr\u0103simile, pentru a maximiza beneficiile acestora.<\/p>\n<p>Prin urmare, acest supliment \u00eembun\u0103t\u0103\u021be\u0219te s\u0103n\u0103tatea intestinului, ajut\u0103 la diminuarea simptomelor de indigestie \u0219i balonare, \u00eembun\u0103t\u0103\u021be\u0219te absorb\u021bia nutrien\u021bilor esen\u021biali pentru organism.<\/p>\n<div>Administrarea \u00eempreun\u0103 cu Laminine potenteaza semnificativ eficacitatea produsului.<\/div>\n<div><b>Toate produsele LIFEPHARM au \u00een compozi\u021bie extractul de ou fertilizat, unic brevetat la nivel mondial.<\/b><\/div>\n<div>\n<div class=\"vc_row wpb_row vc_row-fluid vc_custom_1617695841337\">\n<div class=\"container\">\n<div class=\"row\">\n<div class=\"wpb_column vc_column_container vc_col-sm-12\">\n<div class=\"vc_column-inner\">\n<div class=\"wpb_wrapper\">\n<div class=\"wpb_text_column wpb_content_element\">\n<div class=\"wpb_wrapper\">\n<p>&nbsp;<\/p>\n<pre><strong><em><a href=\"https:\/\/mylifepharm.com\/lifeglobal\/joinnow\" target=\"_blank\" rel=\"noopener\">Cump\u0103r\u0103 direct produc\u0103tor LIFEPHARM<\/a><\/em><\/strong><\/pre>\n<\/div>\n<\/div>\n<\/div>\n<\/div>\n<\/div>\n<\/div>\n<\/div>\n<\/div>\n<\/div>","protected":false},"excerpt":{"rendered":"<p>&nbsp;<\/p>\n<p>\u200d\u2695\ufe0f\u00a0<strong><em>Oncoterapeut Silviu Br\u00eenzoi<\/em><\/strong><strong><em>\u00a0<\/em><\/strong>acord\u0103 consultan\u021b\u0103 gratuit\u0103<strong><em>.<\/em><\/strong><br \/>\n\u2705 Produse 100% autentice, provenien\u021b\u0103 Statele Unite ale Americii.<br \/>\nImportator oficial LifePharm \u00een Europa, comand\u0103 produc\u0103tor\u00a0<a href=\"https:\/\/mylifepharm.com\/lifeglobal\/joinnow\">aici<\/a><br \/>\nProdusele sunt \u00eenso\u021bite de factur\u0103 fiscal\u0103, garan\u021bie.<br \/>\n\ufe0f <strong><em><a href=\"https:\/\/lifeglobal.ro\/informatii-si-detalii-produse\/\">Detalii \u0219i informa\u021bii produse.<\/a><\/em><\/strong><\/p>","protected":false},"featured_media":7100,"comment_status":"open","ping_status":"closed","template":"","meta":[],"product_brand":[],"product_cat":[153],"product_tag":[163],"class_list":{"0":"post-7045","1":"product","2":"type-product","3":"status-publish","4":"has-post-thumbnail","6":"product_cat-suplimente","7":"product_tag-suplimente","8":"ts_product_brand-lifepharm","10":"first","11":"instock","12":"sale","13":"featured","14":"purchasable","15":"product-type-simple"},"jetpack_sharing_enabled":true,"_links":{"self":[{"href":"https:\/\/globalpharm.ro\/ro\/wp-json\/wp\/v2\/product\/7045","targetHints":{"allow":["GET"]}}],"collection":[{"href":"https:\/\/globalpharm.ro\/ro\/wp-json\/wp\/v2\/product"}],"about":[{"href":"https:\/\/globalpharm.ro\/ro\/wp-json\/wp\/v2\/types\/product"}],"replies":[{"embeddable":true,"href":"https:\/\/globalpharm.ro\/ro\/wp-json\/wp\/v2\/comments?post=7045"}],"version-history":[{"count":9,"href":"https:\/\/globalpharm.ro\/ro\/wp-json\/wp\/v2\/product\/7045\/revisions"}],"predecessor-version":[{"id":8607,"href":"https:\/\/globalpharm.ro\/ro\/wp-json\/wp\/v2\/product\/7045\/revisions\/8607"}],"wp:featuredmedia":[{"embeddable":true,"href":"https:\/\/globalpharm.ro\/ro\/wp-json\/wp\/v2\/media\/7100"}],"wp:attachment":[{"href":"https:\/\/globalpharm.ro\/ro\/wp-json\/wp\/v2\/media?parent=7045"}],"wp:term":[{"taxonomy":"product_brand","embeddable":true,"href":"https:\/\/globalpharm.ro\/ro\/wp-json\/wp\/v2\/product_brand?post=7045"},{"taxonomy":"product_cat","embeddable":true,"href":"https:\/\/globalpharm.ro\/ro\/wp-json\/wp\/v2\/product_cat?post=7045"},{"taxonomy":"product_tag","embeddable":true,"href":"https:\/\/globalpharm.ro\/ro\/wp-json\/wp\/v2\/product_tag?post=7045"}],"curies":[{"name":"wp","href":"https:\/\/api.w.org\/{rel}","templated":true}]}}