{"id":7049,"date":"2025-02-05T15:46:47","date_gmt":"2025-02-05T13:46:47","guid":{"rendered":"https:\/\/globalpharm.ro\/?post_type=product&#038;p=7049"},"modified":"2025-12-10T13:01:19","modified_gmt":"2025-12-10T11:01:19","slug":"immune120","status":"publish","type":"product","link":"https:\/\/globalpharm.ro\/ro\/produs\/immune120\/","title":{"rendered":"Immune+++ LifePharm 120 capsule"},"content":{"rendered":"<h5 style=\"text-align: center;\">Immune+++ LifePharm, supliment natural antioxidant pentru imunitate<\/h5>\n<p>&nbsp;<\/p>\n<h6 style=\"text-align: center;\"><strong><em>Immune+++ produs original LIFEPHARM,<\/em><\/strong><strong><em>provenien\u021b\u0103 Statele Unite ale Americii, livrare cu factur\u0103 fiscal\u0103. D<\/em><\/strong><strong><em>istribuitor oficial Lifepharm, pentru livrare \u00een Europa, U.K., Canada \u0219i USA <a href=\"https:\/\/mylifepharm.com\/lifeglobal\/joinnow\" target=\"_blank\" rel=\"noopener\">apas\u0103 aici.<\/a><\/em><\/strong><\/h6>\n<h5 style=\"text-align: center;\"><strong><em>Recomandat de Oncoterapeut Silviu Br\u00eenzoi, cel care a lansat acest dispozitiv \u00een Europa, Ungaria 2023 \u00a0\u0219i acord\u0103 pro bono suport terapeutic permanent. Dup\u0103 achizi\u021bia produselor beneficia\u021bi din partea dumnealui de consiliere terapeutic\u0103, administrare corect\u0103, dozaj, alte informa\u021bii necesare.<\/em><\/strong><\/h5>\n<h5><\/h5>\n<h5 style=\"text-align: center;\"><strong><em><a href=\"https:\/\/globalpharm.ro\">ANUN\u021a IMPORTANT! Modificare cot\u0103 TVA la suplimentele alimentare<\/a><\/em><\/strong><strong>\u00a0 <\/strong><\/h5>\n<h5 style=\"text-align: center;\">V\u0103 inform\u0103m c\u0103, \u00eencep\u00e2nd cu\u00a0<strong>1 august 2025<\/strong>, \u00een baza\u00a0<strong>Legii nr. 141\/2025<\/strong>\u00a0privind unele m\u0103suri fiscal-bugetare, publicat\u0103 \u00een Monitorul Oficial, prin care s-au modificat prevederile art. 291 din Codul Fiscal, <strong><em>se modific\u0103 cota de TVA aplicabil\u0103 suplimentelor alimentare \u00een Rom\u00e2nia, <\/em><\/strong>respectiv de la 9%<strong><em> se va schimba \u00een 21%.<\/em><\/strong><\/h5>\n<p>&nbsp;<\/p>\n<pre style=\"text-align: center;\"><strong><em><a href=\"https:\/\/mylifepharm.com\/lifeglobal\/joinnow\" target=\"_blank\" rel=\"noopener\">Cump\u0103r\u0103 direct produc\u0103tor LIFEPHARM<\/a><\/em><\/strong><\/pre>\n<p><img fetchpriority=\"high\" decoding=\"async\" class=\"size-medium wp-image-6794 aligncenter\" src=\"https:\/\/globalpharm.ro\/wp-content\/uploads\/2022\/03\/silviu_b-300x300.jpg\" alt=\"silviu_b\" width=\"300\" height=\"300\" srcset=\"https:\/\/globalpharm.ro\/wp-content\/uploads\/2022\/03\/silviu_b-300x300.jpg 300w, https:\/\/globalpharm.ro\/wp-content\/uploads\/2022\/03\/silviu_b-1021x1024.jpg 1021w, https:\/\/globalpharm.ro\/wp-content\/uploads\/2022\/03\/silviu_b-150x150.jpg 150w, https:\/\/globalpharm.ro\/wp-content\/uploads\/2022\/03\/silviu_b-768x770.jpg 768w, https:\/\/globalpharm.ro\/wp-content\/uploads\/2022\/03\/silviu_b-406x406.jpg 406w, https:\/\/globalpharm.ro\/wp-content\/uploads\/2022\/03\/silviu_b-120x120.jpg 120w, https:\/\/globalpharm.ro\/wp-content\/uploads\/2022\/03\/silviu_b-12x12.jpg 12w, https:\/\/globalpharm.ro\/wp-content\/uploads\/2022\/03\/silviu_b-404x404.jpg 404w, https:\/\/globalpharm.ro\/wp-content\/uploads\/2022\/03\/silviu_b-840x843.jpg 840w, https:\/\/globalpharm.ro\/wp-content\/uploads\/2022\/03\/silviu_b-100x100.jpg 100w, https:\/\/globalpharm.ro\/wp-content\/uploads\/2022\/03\/silviu_b-54x54.jpg 54w, https:\/\/globalpharm.ro\/wp-content\/uploads\/2022\/03\/silviu_b-310x310.jpg 310w, https:\/\/globalpharm.ro\/wp-content\/uploads\/2022\/03\/silviu_b-80x80.jpg 80w, https:\/\/globalpharm.ro\/wp-content\/uploads\/2022\/03\/silviu_b.jpg 1280w\" sizes=\"(max-width: 300px) 100vw, 300px\" \/><\/p>\n<h5 style=\"text-align: center;\" data-start=\"1601\" data-end=\"1979\"><\/h5>\n<hr data-start=\"1557\" data-end=\"1560\" \/>\n<p>&nbsp;<\/p>\n<div class=\"vc_row wpb_row vc_row-fluid\">\n<div class=\"container\">\n<div class=\"row\">\n<div class=\"wpb_column vc_column_container vc_col-sm-12\">\n<div class=\"vc_column-inner\">\n<div class=\"wpb_wrapper\">\n<div class=\"wpb_text_column wpb_content_element wpb_animate_when_almost_visible wpb_bounceIn bounceIn wpb_start_animation animated\">\n<div class=\"wpb_wrapper\">\n<h5>Formul\u0103 unic\u0103 ce stimuleaz\u0103, clinic dovedit prin studii publicate \u00een jurnale medicale, productia celulelor B, T si NK (natural killer). Cel mai eficient antitumoral, antiviral \u0219i antiinflamator.<\/h5>\n<\/div>\n<\/div>\n<\/div>\n<\/div>\n<\/div>\n<\/div>\n<\/div>\n<\/div>\n<div class=\"vc_row wpb_row vc_row-fluid vc_custom_1617694440658\">\n<div class=\"container\">\n<div class=\"row\">\n<div class=\"wpb_column vc_column_container vc_col-sm-12\">\n<div class=\"vc_column-inner\">\n<div class=\"wpb_wrapper\">\n<div class=\"wpb_text_column wpb_content_element \">\n<div class=\"wpb_wrapper\">\n<h5>Laminine IMMUNE+++ Lifepharm<\/h5>\n<p>\u00cen fiecare zi, corpul este supus \u00een mod constant atacului<strong>\u00a0 viru\u0219ilor, bacteriilor, inflamatiilor, celulelor pretumorale, tumorale sau parazitilor. <\/strong>Cu trecerea timpului corpul \u00eencepe s\u0103 \u00eemb\u0103tr\u00e2neasc\u0103, sistemul imunitar este compromis, f\u0103c\u00e2ndu-l incapabil s\u0103 reac\u021bioneze la toate atacurile externe. Cercet\u0103rile efectuate de Institutul Na\u021bional pentru \u00cemb\u0103tr\u00e2nire din Statele Unite au ar\u0103tat c\u0103, pe m\u0103sur\u0103 ce \u00eemb\u0103tr\u00e2nim<strong>, <\/strong>celulele imunitare \u00ee\u0219i pierd capacitatea de a comunica \u00eentre ele.<\/p>\n<p>Doar o dieta adecvata \u0219i un stil de via\u021b\u0103 s\u0103n\u0103tos nu sunt adesea suficiente pentru ap\u0103rarea organismului, este necesar s\u0103 se consolideze sistemul imunitar.<\/p>\n<h5>IMMUNE+++ Lifepharm, un supliment 100% natural<\/h5>\n<p>IMMUNE +++ Lifepharm, un produs complet natural care stimuleaz\u0103 ap\u0103rarea imun\u0103 natural\u0103 a corpului<strong>\u00a0printr-o ac\u021biune tripl\u0103.\u00a0<\/strong>Blendurile din care este compus acest produs simbiotic sunt recunoscute ca\u00a0<strong>avand un potential imunologic deosebit de eficient.<\/strong><\/p>\n<p>Studii medicale publicate\u00a0<a href=\"https:\/\/www.pdr.net\/full-prescribing-information\/hl\/?druglabelid=3591\" target=\"_blank\" rel=\"noopener\">aici<\/a>.<\/p>\n<h5>IMMUNE+++, un blend din trei amestecuri unice<\/h5>\n<ul>\n<li><strong>Amestecul Opti-Shield<\/strong>, un complex de\u00a0<strong>polizaharide<\/strong>\u00a0\u0219i o\u00a0<strong>combina\u021bie de trei tipuri de ciuperci benefice<\/strong>\u00a0(ciuperci\u00a0<strong>Maitake<\/strong>,\u00a0<strong>Reishi\/Ganoderma,\u00a0<\/strong>supranumita<strong>\u00a0\u201eCiuperca Minune\u201d<\/strong>\u00a0\u0219i ciuperca\u00a0<strong>Coad\u0103 de Curcan)<\/strong>. Dup\u0103 cum s-a dovedit prin studii \u0219tiin\u021bifice, complexul polizaharidic\u00a0<strong>cre\u0219te capacit\u0103\u021bile defensive ale celulelor<\/strong>\u00a0care au sarcina de a elimina bacterii, viru\u0219ii si celule tumorale. Ciupercile Reishi, Maitake \u0219i Coada de curcan sus\u021bin ap\u0103rarea \u00eempotriva celor mai grave afectiuni<strong>,\u00a0<\/strong>induse de agen\u021bi patogeni. Acest amestec special de ingrediente ofer\u0103 sistemului imunitar instrumentele necesare pentru o ap\u0103rare eficienta.<\/li>\n<li><strong>Amestecul patentat Life-C<\/strong>\u00a0este o form\u0103 extrem de eficient\u0103 de vitamina C. Acesta posed\u0103 un sistem unic de livrare, ce \u00eei permite s\u0103 intre rapid \u00een organism<strong>.\u00a0<\/strong>R\u0103m\u00e2ne la nivelul tesuturilor de dou\u0103 ori mai mult dec\u00e2t vitamina C obi\u0219nuit\u0103, asigur\u00e2nd o ap\u0103rare imun\u0103 care<strong>\u00a0dureaz\u0103 p\u00e2n\u0103 la 24h<\/strong>.<\/li>\n<li><strong>Amestecul de plante<\/strong>\u00a0format din:\u00a0<strong>Camu Camu<\/strong>, un fruct din Brazilia care con\u021bine una dintre cele mai stabile formule de vitamina C care pot fi g\u0103site \u00eentr-un fruct.\u00a0<strong>Acerola<\/strong>, o planta tropical\u0103 bogat\u0103 \u00een vitamina C.\u00a0<strong>Ashwagandha<\/strong>, un remediu ayurvedic tradi\u021bional, cunoscut \u0219i sub numele de ginseng indian. Amestecul vizeaz\u0103 celulele mutante \u0219i reduce daunele provocate ADN-ului.\u00a0<strong>C\u0103tina<\/strong>, o plant\u0103 r\u0103sp\u00e2ndit\u0103 \u00een Europa, Asia Central\u0103 \u0219i nord-estul Chinei, care are o concentratie de vitamina C (con\u021bine \u00eentre 20 \u0219i 30 de ori mai mult dec\u00e2t o portocal\u0103).\u00a0<strong>Rodia<\/strong>, un fruct popular cu propriet\u0103\u021bi antioxidante cunoscute \u0219i un efect cardioprotector, care reduce inflama\u021bia din organism.<\/li>\n<\/ul>\n<h5>Detalii<\/h5>\n<p>Toate aceste ingrediente stimuleaza productia\u00a0<strong>globulelor albe\u00a0<\/strong>(celule albe)\u00a0si a\u00a0<strong>\u00a0celulelor B, T, NK<\/strong>, \u00eent\u0103rind sistemul imunitar. Realizeaza o ap\u0103rare eficient\u0103 \u00eempotriva agen\u021bilor patogeni, inflama\u021biei, infec\u021biilor, viru\u0219ilor \u0219i bacteriilor, precum si mutatiilor tip cancer. Exista doar doua produse in lumea medicala ce reusesc sa stimuleze cresterea numarului de acestor limfocite ce constituie imunitatea innascuta, iar Immune+++ este unul dintre ele:<\/p>\n<h3 class=\"text-lg font-bold text-text-100 mt-1 -mb-1.5\"><strong>1 &#8211; LifePharm Immune+++<\/strong><\/h3>\n<p class=\"whitespace-normal break-words\">Con\u021bine o formul\u0103 cu triplu scut cu Life-C Blend (vitamina C), Opti-Shield Blend (ciuperci Reishi \u0219i Maitake) \u0219i un amestec de ierburi \u0219i plante cu antioxidan\u021bi din fructe de p\u0103dure \u0219i rodie <span class=\"inline-flex\" data-state=\"closed\"><a class=\"group\/tag relative h-[18px] rounded-full inline-flex items-center overflow-hidden -translate-y-px cursor-pointer\" href=\"https:\/\/shop.lifepharm.com\/products\/immune\" target=\"_blank\" rel=\"noopener\"><span class=\"relative transition-colors h-full max-w-[180px] overflow-hidden px-1.5 inline-flex items-center font-small rounded-full border-0.5 border-border-300 bg-bg-200 group-hover\/tag:bg-accent-secondary-900 group-hover\/tag:border-accent-secondary-100\/60\"><span class=\"text-nowrap text-text-300 break-all truncate font-normal group-hover\/tag:text-text-200\">IMMUNE\u207a\u207a\u207a<\/span><\/span><\/a><\/span>.<\/p>\n<h3 class=\"text-lg font-bold text-text-100 mt-1 -mb-1.5\"><strong>2 &#8211; 4Life Transfer Factor Plus<\/strong><\/h3>\n<p class=\"whitespace-normal break-words\">Combin\u0103 factorii de transfer bioactivi din colostru bovin \u0219i g\u0103lbenu\u0219 de ou cu un amestec proprietar de ciuperci (shiitake, maitake, agaricus \u0219i cordyceps) \u0219i zinc pentru a sprijini sistemul imunitar <span class=\"inline-flex\" data-state=\"closed\"><a class=\"group\/tag relative h-[18px] rounded-full inline-flex items-center overflow-hidden -translate-y-px cursor-pointer\" href=\"https:\/\/www.amazon.com\/Transfer-Factor-Plus-Tri-Factor-Formula\/dp\/B004NNINLI\" target=\"_blank\" rel=\"noopener\"><span class=\"relative transition-colors h-full max-w-[180px] overflow-hidden px-1.5 inline-flex items-center font-small rounded-full border-0.5 border-border-300 bg-bg-200 group-hover\/tag:bg-accent-secondary-900 group-hover\/tag:border-accent-secondary-100\/60\"><span class=\"text-nowrap text-text-300 break-all truncate font-normal group-hover\/tag:text-text-200\">Amazon<\/span><\/span><\/a><\/span><span class=\"inline-flex\" data-state=\"closed\"><a class=\"group\/tag relative h-[18px] rounded-full inline-flex items-center overflow-hidden -translate-y-px cursor-pointer\" href=\"https:\/\/www.4life.com\/corp\/product\/transfer-factor-plus-tri-factor\/89\" target=\"_blank\" rel=\"noopener\"><span class=\"relative transition-colors h-full max-w-[180px] overflow-hidden px-1.5 inline-flex items-center font-small rounded-full border-0.5 border-border-300 bg-bg-200 group-hover\/tag:bg-accent-secondary-900 group-hover\/tag:border-accent-secondary-100\/60\"><span class=\"text-nowrap text-text-300 break-all truncate font-normal group-hover\/tag:text-text-200\">4Life<\/span><\/span><\/a><\/span>.<\/p>\n<h4 class=\"text-xl font-bold text-text-100 mt-1 -mb-0.5\">De ce sunt similare:<\/h4>\n<p class=\"whitespace-normal break-words\"><strong>Ambele produse:<\/strong><\/p>\n<ol class=\"[&amp;:not(:last-child)_ul]:pb-1 [&amp;:not(:last-child)_ol]:pb-1 list-decimal space-y-2.5 pl-7\">\n<li class=\"whitespace-normal break-words\">Folosesc ciuperci medicinale (Reishi, Maitake) pentru suport imunitar<\/li>\n<li class=\"whitespace-normal break-words\">Con\u021bin vitamine \u0219i minerale esen\u021biale (vitamina C, zinc)<\/li>\n<li class=\"whitespace-normal break-words\">Au formule proprietare cu ingrediente naturale<\/li>\n<li class=\"whitespace-normal break-words\">Vizeaz\u0103 \u00eent\u0103rirea sistemului imunitar prin mecanisme multiple<\/li>\n<li class=\"whitespace-normal break-words\">Sunt sus\u021binute de cercet\u0103ri \u0219tiin\u021bifice<\/li>\n<\/ol>\n<h4 class=\"text-xl font-bold text-text-100 mt-1 -mb-0.5\">Diferen\u021ba cheie:<\/h4>\n<p class=\"whitespace-normal break-words\">4Life Transfer Factor Plus con\u021bine factori de transfer din colostru \u0219i g\u0103lbenu\u0219 de ou &#8211; molecule care ajut\u0103 celulele imunitare s\u0103 recunoasc\u0103, s\u0103 r\u0103spund\u0103 \u0219i s\u0103 \u00ee\u0219i aminteasc\u0103 amenin\u021b\u0103rile poten\u021biale pentru s\u0103n\u0103tate <span class=\"inline-flex\" data-state=\"closed\"><a class=\"group\/tag relative h-[18px] rounded-full inline-flex items-center overflow-hidden -translate-y-px cursor-pointer\" href=\"https:\/\/www.amazon.com\/Transfer-Factor-Plus-Tri-Factor-Formula\/dp\/B004NNINLI\" target=\"_blank\" rel=\"noopener\"><span class=\"relative transition-colors h-full max-w-[180px] overflow-hidden px-1.5 inline-flex items-center font-small rounded-full border-0.5 border-border-300 bg-bg-200 group-hover\/tag:bg-accent-secondary-900 group-hover\/tag:border-accent-secondary-100\/60\"><span class=\"text-nowrap text-text-300 break-all truncate font-normal group-hover\/tag:text-text-200\">Amazon<\/span><\/span><\/a><\/span><span class=\"inline-flex\" data-state=\"closed\"><a class=\"group\/tag relative h-[18px] rounded-full inline-flex items-center overflow-hidden -translate-y-px cursor-pointer\" href=\"https:\/\/www.4life.com\/corp\/product\/transfer-factor-plus-tri-factor\/89\" target=\"_blank\" rel=\"noopener\"><span class=\"relative transition-colors h-full max-w-[180px] overflow-hidden px-1.5 inline-flex items-center font-small rounded-full border-0.5 border-border-300 bg-bg-200 group-hover\/tag:bg-accent-secondary-900 group-hover\/tag:border-accent-secondary-100\/60\"><span class=\"text-nowrap text-text-300 break-all truncate font-normal group-hover\/tag:text-text-200\">4Life<\/span><\/span><\/a><\/span>. Aceasta este caracteristica unic\u0103 \u0219i brevetat\u0103 care \u00eel diferen\u021biaz\u0103 de alte suplimente imunitare, inclusiv de Immune+++.<\/p>\n<p class=\"whitespace-normal break-words\">Ambele sunt produse premium \u00een categoria suportului imunitar, dar 4Life Transfer Factor Plus este probabil cel mai apropiat competitor mondial al Immune+++ \u00een ceea ce prive\u0219te complexitatea formulei \u0219i abordarea multi-component\u0103.<\/p>\n<h4><b>Immune+++ Lifepharm si Leucocitele<\/b>\u00a0sau\u00a0<strong>G<\/strong><b>lobulele Albe<\/b>\u00a0(gr.\u00a0<i>leukos<\/i>\u00a0= alb,\u00a0<i>kytos<\/i>\u00a0= celul\u0103)<\/h4>\n<p>Sunt celule ale sistemului imunitar care ap\u0103r\u0103 organismul de boli infec\u021bioase \u0219i corpuri str\u0103ine. Exist\u0103 mai multe tipuri de leucocite, limfocite si monocite, ambele fiind produse de celule din m\u0103duva osoas\u0103 si organele limfopoetice precum splina, amigdale, ganglioni limfatici. Leucocitele se g\u0103sesc \u00een tot corpul, inclusiv \u00een s\u00e2nge \u0219i \u00een sistemul limfatic. Immune+++ stimuleaza productia celulelor albe.<\/p>\n<p><b>Limfocitul<\/b>\u00a0este o celul\u0103 a sistemului imunitar, responsabil\u0103 de reac\u021biile de ap\u0103rare ale organismului fa\u021b\u0103 de substan\u021bele pe care le consider\u0103 str\u0103ine.<\/p>\n<h4>Immune+++ si celulele\u00a0<strong><b>Natural Killer<\/b><\/strong>\u00a0(sau\u00a0celule\u00a0<strong><b>NK<\/b><\/strong>)<\/h4>\n<p>Sunt un tip de limfocite citotoxice care apar\u021bin sistemului imun \u00eenn\u0103scut. Rolul celulelor NK este similar cu cel al celulelor T citotoxice. Celulele NK ac\u021bioneaz\u0103 rapid impotriva celulelor<strong>\u00a0infectate viral<\/strong>\u00a0\u0219i a\u00a0<strong>celor tumorale<\/strong>, ac\u021bionand la aproximativ 3 zile de la infectare (https:\/\/ro.wikipedia.org\/wiki\/Celul%C4%83_Natural_Killer). Immune+++ stimuleaza si produsctia celulelor NK.<\/p>\n<h4><b>Immune+++ stimuleaza productia celulelor T\u00a0<\/b>sau<b>\u00a0Limfocitelor T<\/b><\/h4>\n<p>Cuprind doua tipuri: limfocitele citotoxice, capabile s\u0103 ucid\u0103 celulele\u00a0<strong>infectate de un virus<\/strong>, \u0219i limfocitele T supresoare, al c\u0103ror rol este acela de a controla r\u0103spunsurile imunitare.<b>\u00a0Celulele T<\/b>\u00a0reprezint\u0103\u00a0limfocite\u00a0cu un rol central \u00een imunitatea mediat\u0103 celular. Ele difer\u0103 de alte limfocite, cum ar fi celulele B sau celulele NK, prin prezen\u021ba unui receptor pentru celulele T (TCR), pe suprafa\u021ba membranei celulei. Ele sunt numite celule T, deoarece acestea se maturizeaz\u0103 \u00een\u00a0timus (https:\/\/ro.wikipedia.org\/wiki\/Limfocit).<\/p>\n<h4><b>Immune+++ si Celulele B (<\/b><b>\u00a0Limfocitele B)<\/b><\/h4>\n<p>Aceste celule ale sistemului imunitar sunt r\u0103spunz\u0103toare de r\u0103spunsul imunitar umoral; ele sunt specializate \u00een producerea de anticorpi, pe care \u00eei secret\u0103 dup\u0103 ce s-au transformat \u00een plasmocite \u0219i difuzeaz\u0103 \u00een umorile (lichidele) organismului (https:\/\/ro.wikipedia.org\/wiki\/Limfocit).<\/p>\n<p><strong>IMMUNE +++ Lifepharm<\/strong>\u00a0are, de asemenea, un invelis enteric care \u00eel face capabil s\u0103 reziste<strong>\u00a0condi\u021biilor acide din stomac<\/strong>, permi\u021b\u00e2nd activarea\u00a0 blendului la nivelul intestinelor.<\/p>\n<div>Administrarea \u00eempreun\u0103 cu Laminine potenteaza semnificativ eficacitatea produsului.<\/div>\n<div>\n<div><b>Toate produsele LIFEPHARM au \u00een compozi\u021bie extractul de ou fertilizat, unic brevetat la nivel mondial.<\/b><\/div>\n<\/div>\n<div>\n<div>\n<div class=\"vc_row wpb_row vc_row-fluid vc_custom_1617695841337\">\n<div class=\"container\">\n<div class=\"row\">\n<div class=\"wpb_column vc_column_container vc_col-sm-12\">\n<div class=\"vc_column-inner\">\n<div class=\"wpb_wrapper\">\n<div class=\"wpb_text_column wpb_content_element \">\n<div class=\"wpb_wrapper\">\n<p>&nbsp;<\/p>\n<pre><strong><em><a href=\"https:\/\/mylifepharm.com\/lifeglobal\/joinnow\" target=\"_blank\" rel=\"noopener\">Cump\u0103r\u0103 direct produc\u0103tor LIFEPHARM<\/a><\/em><\/strong><\/pre>\n<\/div>\n<\/div>\n<\/div>\n<\/div>\n<\/div>\n<\/div>\n<\/div>\n<\/div>\n<\/div>\n<\/div>\n<\/div>\n<\/div>\n<\/div>\n<\/div>\n<\/div>\n<\/div>\n<\/div>\n<\/div>\n","protected":false},"excerpt":{"rendered":"<p>&nbsp;<\/p>\n<p>\u200d\u2695\ufe0f\u00a0<strong><em>Oncoterapeut Silviu Br\u00eenzoi<\/em><\/strong><strong><em>\u00a0<\/em><\/strong>acord\u0103 consultan\u021b\u0103 gratuit\u0103<strong><em>.<\/em><\/strong><br \/>\n\u2705 Produse 100% autentice, provenien\u021b\u0103 Statele Unite ale Americii.<br \/>\nImportator oficial LifePharm \u00een Europa, comand\u0103 produc\u0103tor\u00a0<a href=\"https:\/\/mylifepharm.com\/lifeglobal\/joinnow\">aici<\/a><br \/>\nProdusele sunt \u00eenso\u021bite de factur\u0103 fiscal\u0103, garan\u021bie.<br \/>\n\ufe0f <strong><em><a href=\"https:\/\/lifeglobal.ro\/informatii-si-detalii-produse\/\">Detalii \u0219i informa\u021bii produse.<\/a><\/em><\/strong><\/p>","protected":false},"featured_media":5859,"comment_status":"open","ping_status":"closed","template":"","meta":[],"product_brand":[],"product_cat":[153],"product_tag":[163],"class_list":{"0":"post-7049","1":"product","2":"type-product","3":"status-publish","4":"has-post-thumbnail","6":"product_cat-suplimente","7":"product_tag-suplimente","8":"ts_product_brand-lifepharm","10":"first","11":"instock","12":"sale","13":"featured","14":"purchasable","15":"product-type-simple"},"jetpack_sharing_enabled":true,"_links":{"self":[{"href":"https:\/\/globalpharm.ro\/ro\/wp-json\/wp\/v2\/product\/7049","targetHints":{"allow":["GET"]}}],"collection":[{"href":"https:\/\/globalpharm.ro\/ro\/wp-json\/wp\/v2\/product"}],"about":[{"href":"https:\/\/globalpharm.ro\/ro\/wp-json\/wp\/v2\/types\/product"}],"replies":[{"embeddable":true,"href":"https:\/\/globalpharm.ro\/ro\/wp-json\/wp\/v2\/comments?post=7049"}],"version-history":[{"count":12,"href":"https:\/\/globalpharm.ro\/ro\/wp-json\/wp\/v2\/product\/7049\/revisions"}],"predecessor-version":[{"id":8883,"href":"https:\/\/globalpharm.ro\/ro\/wp-json\/wp\/v2\/product\/7049\/revisions\/8883"}],"wp:featuredmedia":[{"embeddable":true,"href":"https:\/\/globalpharm.ro\/ro\/wp-json\/wp\/v2\/media\/5859"}],"wp:attachment":[{"href":"https:\/\/globalpharm.ro\/ro\/wp-json\/wp\/v2\/media?parent=7049"}],"wp:term":[{"taxonomy":"product_brand","embeddable":true,"href":"https:\/\/globalpharm.ro\/ro\/wp-json\/wp\/v2\/product_brand?post=7049"},{"taxonomy":"product_cat","embeddable":true,"href":"https:\/\/globalpharm.ro\/ro\/wp-json\/wp\/v2\/product_cat?post=7049"},{"taxonomy":"product_tag","embeddable":true,"href":"https:\/\/globalpharm.ro\/ro\/wp-json\/wp\/v2\/product_tag?post=7049"}],"curies":[{"name":"wp","href":"https:\/\/api.w.org\/{rel}","templated":true}]}}