{"id":7413,"date":"2025-03-20T13:55:05","date_gmt":"2025-03-20T11:55:05","guid":{"rendered":"https:\/\/globalpharm.ro\/?post_type=product&#038;p=7413"},"modified":"2025-08-11T13:05:32","modified_gmt":"2025-08-11T11:05:32","slug":"cellnergy1","status":"publish","type":"product","link":"https:\/\/globalpharm.ro\/ro\/produs\/cellnergy1\/","title":{"rendered":"Cellnergy, Laminine, Omega+++ LifePHARM"},"content":{"rendered":"<h5 style=\"text-align: center;\">Pachet suplimente LifePharm ce include 1 aparat CELLNERGY WELLNESS cu suport inclus, 1 flacon LAMININE (120 capsule), 2 flacoane Omega+++ (30 capsule)<\/h5>\n<p>&nbsp;<\/p>\n<h6 style=\"text-align: center;\"><strong><em>Produse originale LIFEPHARM, provenien\u021b\u0103 Statele Unite ale Americii, livrare cu factur\u0103 fiscal\u0103. D<\/em><\/strong><strong><em>istribuitor oficial Lifepharm, pentru livrare \u00een Europa, U.K., Canada \u0219i USA <a href=\"https:\/\/mylifepharm.com\/lifeglobal\/joinnow\" target=\"_blank\" rel=\"noopener\">apas\u0103 aici.<\/a><\/em><\/strong><\/h6>\n<h5 style=\"text-align: center;\"><strong><em>Recomandat de Oncoterapeut Silviu Br\u00eenzoi, cel care a lansat acest dispozitiv \u00een Europa, Ungaria 2023 \u00a0\u0219i acord\u0103 pro bono suport terapeutic permanent. Dup\u0103 achizi\u021bia produselor beneficia\u021bi din partea dumnealui de consiliere terapeutic\u0103, administrare corect\u0103, dozaj, alte informa\u021bii necesare.<\/em><\/strong><\/h5>\n<p>&nbsp;<\/p>\n<h5 style=\"text-align: center;\"><strong><em><a href=\"https:\/\/globalpharm.ro\">ANUN\u021a IMPORTANT! Modificare cot\u0103 TVA la suplimentele alimentare<\/a><\/em><\/strong><strong>\u00a0 <\/strong><\/h5>\n<h5 style=\"text-align: center;\">V\u0103 inform\u0103m c\u0103, \u00eencep\u00e2nd cu\u00a0<strong>1 august 2025<\/strong>, \u00een baza\u00a0<strong>Legii nr. 141\/2025<\/strong>\u00a0privind unele m\u0103suri fiscal-bugetare, publicat\u0103 \u00een Monitorul Oficial, prin care s-au modificat prevederile art. 291 din Codul Fiscal, <strong><em>se modific\u0103 cota de TVA aplicabil\u0103 suplimentelor alimentare \u00een Rom\u00e2nia, <\/em><\/strong>respectiv de la 9%<strong><em> se va schimba \u00een 21%.<\/em><\/strong><\/h5>\n<p>&nbsp;<\/p>\n<pre style=\"text-align: center;\"><strong><em><a href=\"https:\/\/mylifepharm.com\/lifeglobal\/joinnow\" target=\"_blank\" rel=\"noopener\">Cump\u0103r\u0103 direct produc\u0103tor LIFEPHARM<\/a><\/em><\/strong><\/pre>\n<p><img fetchpriority=\"high\" decoding=\"async\" class=\"size-medium wp-image-6794 aligncenter\" src=\"https:\/\/globalpharm.ro\/wp-content\/uploads\/2022\/03\/silviu_b-300x300.jpg\" alt=\"silviu_b\" width=\"300\" height=\"300\" srcset=\"https:\/\/globalpharm.ro\/wp-content\/uploads\/2022\/03\/silviu_b-300x300.jpg 300w, https:\/\/globalpharm.ro\/wp-content\/uploads\/2022\/03\/silviu_b-1021x1024.jpg 1021w, https:\/\/globalpharm.ro\/wp-content\/uploads\/2022\/03\/silviu_b-150x150.jpg 150w, https:\/\/globalpharm.ro\/wp-content\/uploads\/2022\/03\/silviu_b-768x770.jpg 768w, https:\/\/globalpharm.ro\/wp-content\/uploads\/2022\/03\/silviu_b-406x406.jpg 406w, https:\/\/globalpharm.ro\/wp-content\/uploads\/2022\/03\/silviu_b-120x120.jpg 120w, https:\/\/globalpharm.ro\/wp-content\/uploads\/2022\/03\/silviu_b-12x12.jpg 12w, https:\/\/globalpharm.ro\/wp-content\/uploads\/2022\/03\/silviu_b-404x404.jpg 404w, https:\/\/globalpharm.ro\/wp-content\/uploads\/2022\/03\/silviu_b-840x843.jpg 840w, https:\/\/globalpharm.ro\/wp-content\/uploads\/2022\/03\/silviu_b-100x100.jpg 100w, https:\/\/globalpharm.ro\/wp-content\/uploads\/2022\/03\/silviu_b-54x54.jpg 54w, https:\/\/globalpharm.ro\/wp-content\/uploads\/2022\/03\/silviu_b-310x310.jpg 310w, https:\/\/globalpharm.ro\/wp-content\/uploads\/2022\/03\/silviu_b-80x80.jpg 80w, https:\/\/globalpharm.ro\/wp-content\/uploads\/2022\/03\/silviu_b.jpg 1280w\" sizes=\"(max-width: 300px) 100vw, 300px\" \/><\/p>\n<h5 style=\"text-align: center;\" data-start=\"1601\" data-end=\"1979\"><\/h5>\n<p><strong>Pachet suplimente ce include 1 aparat Cellnergy Wellness cu suport inclus, 1 flacon LAMININE (120 capsule), \u00a02 flacoane Omega+++ (30 capsule).<\/strong><\/p>\n<ul>\n<li><strong>Cellnergy-wellness, <\/strong>un aparat de succes in tratamente ale pielii, regenerare cu celule stem a tesuturilor, patologii ale sistemului circulator, creste imunitatea, protejeaza telomerii, stimuleaza cresterea parului, accelereaza vindecarea ranilor, creste nivelul de energie si buna dispozitie, recuperare dupa efort, preventie si tratament cu spectru larg de impact.<\/li>\n<li><em><strong>LAMININE<\/strong><\/em> 120 capsule este un supliment alimentar 100% natural, ob\u021binut din ou\u0103 de g\u0103in\u0103 fertilizate. Laminina con\u021bine o formul\u0103 patentat\u0103 numit\u0103 OPT9, care include un ingredient activ deosebit de important, \u0219i anume Factorul de Crestere a Fibroblastelor (FGF2).<\/li>\n<li><strong>OMEGA+++<\/strong> este un supliment alimentar 100% natural, cur\u0103\u021b\u0103 vasele de sange, prin dizolvarea pl\u0103cii de aterom (colesterol si Ca).<\/li>\n<li><span class=\"Y2IQFc\" lang=\"ro\"><em><strong>Refive Lifepharm<\/strong><\/em> 10 plicuri, fiecare plic contine: 2 Laminine, 1 Omega, 1 digestiv, \u0219i 1 immune. Se recomand\u0103 s\u0103 lua\u021bi 1-2 plicuri zilnic. REFIVE este ideal de c\u0103l\u0103torie, cu pachetul s\u0103u compact de multivitamine care se potrive\u0219te f\u0103r\u0103 efort \u00een geant\u0103 sau \u00een bagaje de m\u00e2n\u0103. Acest lucru asigur\u0103 c\u0103 nutrien\u021bii esen\u021biali oriunde te duci, promov\u00e2nd \u00eent\u0103rirea sistemului imunitar \u0219i bun\u0103starea general\u0103. Sanatate intr-un plic.<\/span><\/li>\n<\/ul>\n<p>&nbsp;<\/p>\n<pre><strong><em><a href=\"https:\/\/mylifepharm.com\/lifeglobal\/joinnow\" target=\"_blank\" rel=\"noopener\">Cump\u0103r\u0103 direct produc\u0103tor LIFEPHARM<\/a><\/em><\/strong><\/pre>","protected":false},"excerpt":{"rendered":"<p>&nbsp;<\/p>\n<p>\u200d\u2695\ufe0f\u00a0<strong><em>Oncoterapeut Silviu Br\u00eenzoi<\/em><\/strong><strong><em>\u00a0<\/em><\/strong>acord\u0103 consultan\u021b\u0103 gratuit\u0103<strong><em>.<\/em><\/strong><br \/>\n\u2705 Produse 100% autentice, provenien\u021b\u0103 Statele Unite ale Americii.<br \/>\nImportator oficial LifePharm \u00een Europa, comand\u0103 produc\u0103tor\u00a0<a href=\"https:\/\/mylifepharm.com\/lifeglobal\/joinnow\">aici<\/a><br \/>\nProdusele sunt \u00eenso\u021bite de factur\u0103 fiscal\u0103, garan\u021bie.<br \/>\n\ufe0f <strong><em><a href=\"https:\/\/lifeglobal.ro\/informatii-si-detalii-produse\/\">Detalii \u0219i informa\u021bii produse.<\/a><\/em><\/strong><\/p>\n<p>&nbsp;<\/p>","protected":false},"featured_media":7873,"comment_status":"open","ping_status":"closed","template":"","meta":[],"product_brand":[],"product_cat":[165],"product_tag":[169],"class_list":{"0":"post-7413","1":"product","2":"type-product","3":"status-publish","4":"has-post-thumbnail","6":"product_cat-pachete","7":"product_tag-pachete","8":"ts_product_brand-lifepharm","10":"first","11":"instock","12":"sale","13":"featured","14":"purchasable","15":"product-type-simple"},"jetpack_sharing_enabled":true,"_links":{"self":[{"href":"https:\/\/globalpharm.ro\/ro\/wp-json\/wp\/v2\/product\/7413","targetHints":{"allow":["GET"]}}],"collection":[{"href":"https:\/\/globalpharm.ro\/ro\/wp-json\/wp\/v2\/product"}],"about":[{"href":"https:\/\/globalpharm.ro\/ro\/wp-json\/wp\/v2\/types\/product"}],"replies":[{"embeddable":true,"href":"https:\/\/globalpharm.ro\/ro\/wp-json\/wp\/v2\/comments?post=7413"}],"version-history":[{"count":12,"href":"https:\/\/globalpharm.ro\/ro\/wp-json\/wp\/v2\/product\/7413\/revisions"}],"predecessor-version":[{"id":8623,"href":"https:\/\/globalpharm.ro\/ro\/wp-json\/wp\/v2\/product\/7413\/revisions\/8623"}],"wp:featuredmedia":[{"embeddable":true,"href":"https:\/\/globalpharm.ro\/ro\/wp-json\/wp\/v2\/media\/7873"}],"wp:attachment":[{"href":"https:\/\/globalpharm.ro\/ro\/wp-json\/wp\/v2\/media?parent=7413"}],"wp:term":[{"taxonomy":"product_brand","embeddable":true,"href":"https:\/\/globalpharm.ro\/ro\/wp-json\/wp\/v2\/product_brand?post=7413"},{"taxonomy":"product_cat","embeddable":true,"href":"https:\/\/globalpharm.ro\/ro\/wp-json\/wp\/v2\/product_cat?post=7413"},{"taxonomy":"product_tag","embeddable":true,"href":"https:\/\/globalpharm.ro\/ro\/wp-json\/wp\/v2\/product_tag?post=7413"}],"curies":[{"name":"wp","href":"https:\/\/api.w.org\/{rel}","templated":true}]}}